{"id":56,"date":"2020-11-05T15:33:50","date_gmt":"2020-11-05T14:33:50","guid":{"rendered":"http:\/\/operati.cluster030.hosting.ovh.net\/?page_id=56"},"modified":"2022-04-07T11:53:53","modified_gmt":"2022-04-07T09:53:53","slug":"partenaires","status":"publish","type":"page","link":"https:\/\/operation-moliere.net\/index.php\/partenaires\/","title":{"rendered":"PARTENAIRES"},"content":{"rendered":"\n<p><strong><span style=\"color:#851989\" class=\"has-inline-color\">NOS PARTENAIRES INSTITUTIONNELS<\/span><\/strong><\/p>\n\n\n\n<div style=\"height:33px\" aria-hidden=\"true\" class=\"wp-block-spacer\"><\/div>\n\n\n\n<div class=\"wp-block-image\"><figure class=\"alignleft is-resized\"><a href=\"https:\/\/www.lesarchivesduspectacle.net\/\"><img data-recalc-dims=\"1\" loading=\"lazy\" decoding=\"async\" src=\"https:\/\/i0.wp.com\/operation-moliere.net\/wp-content\/uploads\/2020\/11\/logo-AS-v3.jpg?resize=207%2C72&#038;ssl=1\" alt=\"\" class=\"wp-image-795\" width=\"207\" height=\"72\" srcset=\"https:\/\/i0.wp.com\/operation-moliere.net\/wp-content\/uploads\/2020\/11\/logo-AS-v3.jpg?w=907&amp;ssl=1 907w, https:\/\/i0.wp.com\/operation-moliere.net\/wp-content\/uploads\/2020\/11\/logo-AS-v3.jpg?resize=300%2C106&amp;ssl=1 300w, https:\/\/i0.wp.com\/operation-moliere.net\/wp-content\/uploads\/2020\/11\/logo-AS-v3.jpg?resize=768%2C271&amp;ssl=1 768w\" sizes=\"auto, (max-width: 207px) 100vw, 207px\" \/><\/a><\/figure><\/div>\n\n\n\n<div class=\"wp-block-group\"><div class=\"wp-block-group__inner-container is-layout-flow wp-block-group-is-layout-flow\">\n<figure class=\"wp-block-image size-large is-resized\"><a href=\"https:\/\/www.bnf.fr\/fr\"><img data-recalc-dims=\"1\" loading=\"lazy\" decoding=\"async\" src=\"https:\/\/i0.wp.com\/operation-moliere.net\/wp-content\/uploads\/2021\/05\/BnF.png?resize=208%2C77&#038;ssl=1\" alt=\"\" class=\"wp-image-1846\" width=\"208\" height=\"77\" srcset=\"https:\/\/i0.wp.com\/operation-moliere.net\/wp-content\/uploads\/2021\/05\/BnF.png?w=368&amp;ssl=1 368w, https:\/\/i0.wp.com\/operation-moliere.net\/wp-content\/uploads\/2021\/05\/BnF.png?resize=300%2C112&amp;ssl=1 300w\" sizes=\"auto, (max-width: 208px) 100vw, 208px\" \/><\/a><\/figure>\n\n\n\n<div class=\"wp-block-image\"><figure class=\"alignleft size-large is-resized\"><a href=\"https:\/\/www.comedie-francaise.fr\/#\"><img data-recalc-dims=\"1\" loading=\"lazy\" decoding=\"async\" src=\"https:\/\/i0.wp.com\/operation-moliere.net\/wp-content\/uploads\/2021\/05\/logocf1516.jpg?resize=181%2C165&#038;ssl=1\" alt=\"\" class=\"wp-image-1851\" width=\"181\" height=\"165\" srcset=\"https:\/\/i0.wp.com\/operation-moliere.net\/wp-content\/uploads\/2021\/05\/logocf1516.jpg?w=400&amp;ssl=1 400w, https:\/\/i0.wp.com\/operation-moliere.net\/wp-content\/uploads\/2021\/05\/logocf1516.jpg?resize=300%2C273&amp;ssl=1 300w\" sizes=\"auto, (max-width: 181px) 100vw, 181px\" \/><\/a><\/figure><\/div>\n\n\n\n<div class=\"wp-block-group\"><div class=\"wp-block-group__inner-container is-layout-flow wp-block-group-is-layout-flow\">\n<div class=\"wp-block-columns is-layout-flex wp-container-core-columns-is-layout-28f84493 wp-block-columns-is-layout-flex\">\n<div class=\"wp-block-column is-layout-flow wp-block-column-is-layout-flow\" style=\"flex-basis:100%\">\n<div class=\"wp-block-image\"><figure class=\"aligncenter size-large is-resized\"><a href=\"https:\/\/www.reseau-canope.fr\/\"><img data-recalc-dims=\"1\" loading=\"lazy\" decoding=\"async\" src=\"https:\/\/i0.wp.com\/operation-moliere.net\/wp-content\/uploads\/2021\/05\/Canope%CC%81.jpg?resize=199%2C89&#038;ssl=1\" alt=\"\" class=\"wp-image-1845\" width=\"199\" height=\"89\" srcset=\"https:\/\/i0.wp.com\/operation-moliere.net\/wp-content\/uploads\/2021\/05\/Canope%CC%81.jpg?w=336&amp;ssl=1 336w, https:\/\/i0.wp.com\/operation-moliere.net\/wp-content\/uploads\/2021\/05\/Canope%CC%81.jpg?resize=300%2C134&amp;ssl=1 300w\" sizes=\"auto, (max-width: 199px) 100vw, 199px\" \/><\/a><\/figure><\/div>\n<\/div>\n<\/div>\n<\/div><\/div>\n\n\n\n<div class=\"wp-block-image\"><figure class=\"alignleft size-large is-resized\"><a href=\"https:\/\/www.archives-nationales.culture.gouv.fr\/fr_FR\/web\/guest\/home\"><img data-recalc-dims=\"1\" loading=\"lazy\" decoding=\"async\" src=\"https:\/\/i0.wp.com\/operation-moliere.net\/wp-content\/uploads\/2021\/05\/archives-nationales.jpg?resize=291%2C166&#038;ssl=1\" alt=\"\" class=\"wp-image-1855\" width=\"291\" height=\"166\" srcset=\"https:\/\/i0.wp.com\/operation-moliere.net\/wp-content\/uploads\/2021\/05\/archives-nationales.jpg?w=684&amp;ssl=1 684w, https:\/\/i0.wp.com\/operation-moliere.net\/wp-content\/uploads\/2021\/05\/archives-nationales.jpg?resize=300%2C171&amp;ssl=1 300w\" sizes=\"auto, (max-width: 291px) 100vw, 291px\" \/><\/a><\/figure><\/div>\n\n\n\n<div class=\"wp-block-group\"><div class=\"wp-block-group__inner-container is-layout-flow wp-block-group-is-layout-flow\">\n<div class=\"wp-block-group\"><div class=\"wp-block-group__inner-container is-layout-flow wp-block-group-is-layout-flow\">\n<div class=\"wp-block-image\"><figure class=\"aligncenter size-large is-resized\"><a href=\"https:\/\/www.theatre-odeon.eu\/#1\"><img data-recalc-dims=\"1\" loading=\"lazy\" decoding=\"async\" src=\"https:\/\/i0.wp.com\/operation-moliere.net\/wp-content\/uploads\/2021\/05\/LOGO_ODEON_NOIR_RVB.png?resize=198%2C99&#038;ssl=1\" alt=\"\" class=\"wp-image-1848\" width=\"198\" height=\"99\" srcset=\"https:\/\/i0.wp.com\/operation-moliere.net\/wp-content\/uploads\/2021\/05\/LOGO_ODEON_NOIR_RVB.png?resize=1024%2C511&amp;ssl=1 1024w, https:\/\/i0.wp.com\/operation-moliere.net\/wp-content\/uploads\/2021\/05\/LOGO_ODEON_NOIR_RVB.png?resize=300%2C150&amp;ssl=1 300w, https:\/\/i0.wp.com\/operation-moliere.net\/wp-content\/uploads\/2021\/05\/LOGO_ODEON_NOIR_RVB.png?resize=768%2C383&amp;ssl=1 768w, https:\/\/i0.wp.com\/operation-moliere.net\/wp-content\/uploads\/2021\/05\/LOGO_ODEON_NOIR_RVB.png?resize=1536%2C766&amp;ssl=1 1536w, https:\/\/i0.wp.com\/operation-moliere.net\/wp-content\/uploads\/2021\/05\/LOGO_ODEON_NOIR_RVB.png?resize=2048%2C1021&amp;ssl=1 2048w, https:\/\/i0.wp.com\/operation-moliere.net\/wp-content\/uploads\/2021\/05\/LOGO_ODEON_NOIR_RVB.png?w=2250&amp;ssl=1 2250w\" sizes=\"auto, (max-width: 198px) 100vw, 198px\" \/><\/a><\/figure><\/div>\n<\/div><\/div>\n<\/div><\/div>\n\n\n\n<div class=\"wp-block-image\"><figure class=\"alignright size-full is-resized\"><img data-recalc-dims=\"1\" loading=\"lazy\" decoding=\"async\" src=\"https:\/\/i0.wp.com\/operation-moliere.net\/wp-content\/uploads\/2022\/04\/logo_mlf_bureautique.png?resize=179%2C135&#038;ssl=1\" alt=\"\" class=\"wp-image-2241\" width=\"179\" height=\"135\" srcset=\"https:\/\/i0.wp.com\/operation-moliere.net\/wp-content\/uploads\/2022\/04\/logo_mlf_bureautique.png?w=661&amp;ssl=1 661w, https:\/\/i0.wp.com\/operation-moliere.net\/wp-content\/uploads\/2022\/04\/logo_mlf_bureautique.png?resize=300%2C227&amp;ssl=1 300w\" sizes=\"auto, (max-width: 179px) 100vw, 179px\" \/><\/figure><\/div>\n\n\n\n<div class=\"wp-block-image\"><figure class=\"alignleft size-large is-resized\"><a href=\"http:\/\/www.eatheatre.fr\/\"><img data-recalc-dims=\"1\" loading=\"lazy\" decoding=\"async\" src=\"https:\/\/i0.wp.com\/operation-moliere.net\/wp-content\/uploads\/2021\/05\/logo-EAT-copie.jpg?resize=195%2C105&#038;ssl=1\" alt=\"\" class=\"wp-image-1849\" width=\"195\" height=\"105\" srcset=\"https:\/\/i0.wp.com\/operation-moliere.net\/wp-content\/uploads\/2021\/05\/logo-EAT-copie.jpg?w=591&amp;ssl=1 591w, https:\/\/i0.wp.com\/operation-moliere.net\/wp-content\/uploads\/2021\/05\/logo-EAT-copie.jpg?resize=300%2C162&amp;ssl=1 300w\" sizes=\"auto, (max-width: 195px) 100vw, 195px\" \/><\/a><\/figure><\/div>\n<\/div><\/div>\n\n\n\n<div class=\"wp-block-group\"><div class=\"wp-block-group__inner-container is-layout-flow wp-block-group-is-layout-flow\">\n<div class=\"wp-block-group\"><div class=\"wp-block-group__inner-container is-layout-flow wp-block-group-is-layout-flow\"><\/div><\/div>\n<\/div><\/div>\n\n\n\n<div style=\"height:48px\" aria-hidden=\"true\" class=\"wp-block-spacer\"><\/div>\n\n\n\n<p><strong><span style=\"color:#851989\" class=\"has-inline-color\">UN GRAND MERCI \u00c0<\/span><\/strong>&#8230;<\/p>\n\n\n\n<p><a href=\"https:\/\/mariefaye.fr\/\" target=\"_blank\" rel=\"noreferrer noopener\">Marie Faye<\/a>, pour la musique du g\u00e9n\u00e9rique<\/p>\n\n\n\n<p><a href=\"http:\/\/www.linkedin.com\/in\/emilien-vannier\" target=\"_blank\" rel=\"noreferrer noopener\">\u00c9milien Vannier<\/a>, pour la cr\u00e9ation du bot Twitter<\/p>\n\n\n\n<p>Identit\u00e9 visuelle et animations : Damien Moreau<\/p>\n\n\n\n<p>Montages vid\u00e9o : Nils Paubel, <a href=\"https:\/\/www.linkedin.com\/in\/thibaud-bize\/\" target=\"_blank\" rel=\"noreferrer noopener\">Thibaud Biz\u00e9<\/a><\/p>\n\n\n\n<div style=\"height:25px\" aria-hidden=\"true\" class=\"wp-block-spacer\"><\/div>\n\n\n\n<p><strong>\u00c0 tous les intervenants, pour leur g\u00e9n\u00e9rosit\u00e9<\/strong>&#8230;<\/p>\n\n\n\n<p><\/p>\n","protected":false},"excerpt":{"rendered":"<p>NOS PARTENAIRES INSTITUTIONNELS UN GRAND MERCI \u00c0&#8230; Marie Faye, pour la musique du g\u00e9n\u00e9rique \u00c9milien Vannier, pour la cr\u00e9ation du bot Twitter Identit\u00e9 visuelle et animations : Damien Moreau Montages vid\u00e9o : Nils Paubel, Thibaud Biz\u00e9 \u00c0 tous les intervenants, pour leur g\u00e9n\u00e9rosit\u00e9&#8230;<\/p>\n","protected":false},"author":1,"featured_media":0,"parent":0,"menu_order":6,"comment_status":"closed","ping_status":"closed","template":"","meta":{"footnotes":""},"class_list":["post-56","page","type-page","status-publish","hentry"],"yoast_head":"<!-- This site is optimized with the Yoast SEO plugin v27.5 - https:\/\/yoast.com\/product\/yoast-seo-wordpress\/ -->\n<title>PARTENAIRES - Op\u00e9ration Moli\u00e8re<\/title>\n<meta name=\"description\" content=\"Nos partenaires\" \/>\n<meta name=\"robots\" content=\"index, follow, max-snippet:-1, max-image-preview:large, max-video-preview:-1\" \/>\n<link rel=\"canonical\" href=\"https:\/\/operation-moliere.net\/index.php\/partenaires\/\" \/>\n<meta property=\"og:locale\" content=\"fr_FR\" \/>\n<meta property=\"og:type\" content=\"article\" \/>\n<meta property=\"og:title\" content=\"PARTENAIRES - Op\u00e9ration Moli\u00e8re\" \/>\n<meta property=\"og:description\" content=\"Nos partenaires\" \/>\n<meta property=\"og:url\" content=\"https:\/\/operation-moliere.net\/index.php\/partenaires\/\" \/>\n<meta property=\"og:site_name\" content=\"Op\u00e9ration Moli\u00e8re\" \/>\n<meta property=\"article:modified_time\" content=\"2022-04-07T09:53:53+00:00\" \/>\n<meta property=\"og:image\" content=\"https:\/\/operation-moliere.net\/wp-content\/uploads\/2020\/11\/logo-AS-v3.jpg\" \/>\n<meta name=\"twitter:card\" content=\"summary_large_image\" \/>\n<meta name=\"twitter:label1\" content=\"Dur\u00e9e de lecture estim\u00e9e\" \/>\n\t<meta name=\"twitter:data1\" content=\"2 minutes\" \/>\n<script type=\"application\/ld+json\" class=\"yoast-schema-graph\">{\"@context\":\"https:\\\/\\\/schema.org\",\"@graph\":[{\"@type\":\"WebPage\",\"@id\":\"https:\\\/\\\/operation-moliere.net\\\/index.php\\\/partenaires\\\/\",\"url\":\"https:\\\/\\\/operation-moliere.net\\\/index.php\\\/partenaires\\\/\",\"name\":\"PARTENAIRES - Op\u00e9ration Moli\u00e8re\",\"isPartOf\":{\"@id\":\"https:\\\/\\\/operation-moliere.net\\\/#website\"},\"primaryImageOfPage\":{\"@id\":\"https:\\\/\\\/operation-moliere.net\\\/index.php\\\/partenaires\\\/#primaryimage\"},\"image\":{\"@id\":\"https:\\\/\\\/operation-moliere.net\\\/index.php\\\/partenaires\\\/#primaryimage\"},\"thumbnailUrl\":\"https:\\\/\\\/operation-moliere.net\\\/wp-content\\\/uploads\\\/2020\\\/11\\\/logo-AS-v3.jpg\",\"datePublished\":\"2020-11-05T14:33:50+00:00\",\"dateModified\":\"2022-04-07T09:53:53+00:00\",\"description\":\"Nos partenaires\",\"breadcrumb\":{\"@id\":\"https:\\\/\\\/operation-moliere.net\\\/index.php\\\/partenaires\\\/#breadcrumb\"},\"inLanguage\":\"fr-FR\",\"potentialAction\":[{\"@type\":\"ReadAction\",\"target\":[\"https:\\\/\\\/operation-moliere.net\\\/index.php\\\/partenaires\\\/\"]}]},{\"@type\":\"ImageObject\",\"inLanguage\":\"fr-FR\",\"@id\":\"https:\\\/\\\/operation-moliere.net\\\/index.php\\\/partenaires\\\/#primaryimage\",\"url\":\"https:\\\/\\\/i0.wp.com\\\/operation-moliere.net\\\/wp-content\\\/uploads\\\/2020\\\/11\\\/logo-AS-v3.jpg?fit=907%2C320&ssl=1\",\"contentUrl\":\"https:\\\/\\\/i0.wp.com\\\/operation-moliere.net\\\/wp-content\\\/uploads\\\/2020\\\/11\\\/logo-AS-v3.jpg?fit=907%2C320&ssl=1\",\"width\":907,\"height\":320},{\"@type\":\"BreadcrumbList\",\"@id\":\"https:\\\/\\\/operation-moliere.net\\\/index.php\\\/partenaires\\\/#breadcrumb\",\"itemListElement\":[{\"@type\":\"ListItem\",\"position\":1,\"name\":\"Accueil\",\"item\":\"https:\\\/\\\/operation-moliere.net\\\/\"},{\"@type\":\"ListItem\",\"position\":2,\"name\":\"PARTENAIRES\"}]},{\"@type\":\"WebSite\",\"@id\":\"https:\\\/\\\/operation-moliere.net\\\/#website\",\"url\":\"https:\\\/\\\/operation-moliere.net\\\/\",\"name\":\"Op\u00e9ration Moli\u00e8re\",\"description\":\"\",\"publisher\":{\"@id\":\"https:\\\/\\\/operation-moliere.net\\\/#organization\"},\"potentialAction\":[{\"@type\":\"SearchAction\",\"target\":{\"@type\":\"EntryPoint\",\"urlTemplate\":\"https:\\\/\\\/operation-moliere.net\\\/?s={search_term_string}\"},\"query-input\":{\"@type\":\"PropertyValueSpecification\",\"valueRequired\":true,\"valueName\":\"search_term_string\"}}],\"inLanguage\":\"fr-FR\"},{\"@type\":\"Organization\",\"@id\":\"https:\\\/\\\/operation-moliere.net\\\/#organization\",\"name\":\"Op\u00e9ration Moli\u00e8re\",\"url\":\"https:\\\/\\\/operation-moliere.net\\\/\",\"logo\":{\"@type\":\"ImageObject\",\"inLanguage\":\"fr-FR\",\"@id\":\"https:\\\/\\\/operation-moliere.net\\\/#\\\/schema\\\/logo\\\/image\\\/\",\"url\":\"https:\\\/\\\/i1.wp.com\\\/operati.cluster030.hosting.ovh.net\\\/wp-content\\\/uploads\\\/2020\\\/11\\\/logo_signature_min_remonte.jpg?fit=1750%2C1567\",\"contentUrl\":\"https:\\\/\\\/i1.wp.com\\\/operati.cluster030.hosting.ovh.net\\\/wp-content\\\/uploads\\\/2020\\\/11\\\/logo_signature_min_remonte.jpg?fit=1750%2C1567\",\"width\":1750,\"height\":1567,\"caption\":\"Op\u00e9ration Moli\u00e8re\"},\"image\":{\"@id\":\"https:\\\/\\\/operation-moliere.net\\\/#\\\/schema\\\/logo\\\/image\\\/\"}}]}<\/script>\n<!-- \/ Yoast SEO plugin. -->","yoast_head_json":{"title":"PARTENAIRES - Op\u00e9ration Moli\u00e8re","description":"Nos partenaires","robots":{"index":"index","follow":"follow","max-snippet":"max-snippet:-1","max-image-preview":"max-image-preview:large","max-video-preview":"max-video-preview:-1"},"canonical":"https:\/\/operation-moliere.net\/index.php\/partenaires\/","og_locale":"fr_FR","og_type":"article","og_title":"PARTENAIRES - Op\u00e9ration Moli\u00e8re","og_description":"Nos partenaires","og_url":"https:\/\/operation-moliere.net\/index.php\/partenaires\/","og_site_name":"Op\u00e9ration Moli\u00e8re","article_modified_time":"2022-04-07T09:53:53+00:00","og_image":[{"url":"https:\/\/operation-moliere.net\/wp-content\/uploads\/2020\/11\/logo-AS-v3.jpg","type":"","width":"","height":""}],"twitter_card":"summary_large_image","twitter_misc":{"Dur\u00e9e de lecture estim\u00e9e":"2 minutes"},"schema":{"@context":"https:\/\/schema.org","@graph":[{"@type":"WebPage","@id":"https:\/\/operation-moliere.net\/index.php\/partenaires\/","url":"https:\/\/operation-moliere.net\/index.php\/partenaires\/","name":"PARTENAIRES - Op\u00e9ration Moli\u00e8re","isPartOf":{"@id":"https:\/\/operation-moliere.net\/#website"},"primaryImageOfPage":{"@id":"https:\/\/operation-moliere.net\/index.php\/partenaires\/#primaryimage"},"image":{"@id":"https:\/\/operation-moliere.net\/index.php\/partenaires\/#primaryimage"},"thumbnailUrl":"https:\/\/operation-moliere.net\/wp-content\/uploads\/2020\/11\/logo-AS-v3.jpg","datePublished":"2020-11-05T14:33:50+00:00","dateModified":"2022-04-07T09:53:53+00:00","description":"Nos partenaires","breadcrumb":{"@id":"https:\/\/operation-moliere.net\/index.php\/partenaires\/#breadcrumb"},"inLanguage":"fr-FR","potentialAction":[{"@type":"ReadAction","target":["https:\/\/operation-moliere.net\/index.php\/partenaires\/"]}]},{"@type":"ImageObject","inLanguage":"fr-FR","@id":"https:\/\/operation-moliere.net\/index.php\/partenaires\/#primaryimage","url":"https:\/\/i0.wp.com\/operation-moliere.net\/wp-content\/uploads\/2020\/11\/logo-AS-v3.jpg?fit=907%2C320&ssl=1","contentUrl":"https:\/\/i0.wp.com\/operation-moliere.net\/wp-content\/uploads\/2020\/11\/logo-AS-v3.jpg?fit=907%2C320&ssl=1","width":907,"height":320},{"@type":"BreadcrumbList","@id":"https:\/\/operation-moliere.net\/index.php\/partenaires\/#breadcrumb","itemListElement":[{"@type":"ListItem","position":1,"name":"Accueil","item":"https:\/\/operation-moliere.net\/"},{"@type":"ListItem","position":2,"name":"PARTENAIRES"}]},{"@type":"WebSite","@id":"https:\/\/operation-moliere.net\/#website","url":"https:\/\/operation-moliere.net\/","name":"Op\u00e9ration Moli\u00e8re","description":"","publisher":{"@id":"https:\/\/operation-moliere.net\/#organization"},"potentialAction":[{"@type":"SearchAction","target":{"@type":"EntryPoint","urlTemplate":"https:\/\/operation-moliere.net\/?s={search_term_string}"},"query-input":{"@type":"PropertyValueSpecification","valueRequired":true,"valueName":"search_term_string"}}],"inLanguage":"fr-FR"},{"@type":"Organization","@id":"https:\/\/operation-moliere.net\/#organization","name":"Op\u00e9ration Moli\u00e8re","url":"https:\/\/operation-moliere.net\/","logo":{"@type":"ImageObject","inLanguage":"fr-FR","@id":"https:\/\/operation-moliere.net\/#\/schema\/logo\/image\/","url":"https:\/\/i1.wp.com\/operati.cluster030.hosting.ovh.net\/wp-content\/uploads\/2020\/11\/logo_signature_min_remonte.jpg?fit=1750%2C1567","contentUrl":"https:\/\/i1.wp.com\/operati.cluster030.hosting.ovh.net\/wp-content\/uploads\/2020\/11\/logo_signature_min_remonte.jpg?fit=1750%2C1567","width":1750,"height":1567,"caption":"Op\u00e9ration Moli\u00e8re"},"image":{"@id":"https:\/\/operation-moliere.net\/#\/schema\/logo\/image\/"}}]}},"jetpack_sharing_enabled":true,"_links":{"self":[{"href":"https:\/\/operation-moliere.net\/index.php\/wp-json\/wp\/v2\/pages\/56","targetHints":{"allow":["GET"]}}],"collection":[{"href":"https:\/\/operation-moliere.net\/index.php\/wp-json\/wp\/v2\/pages"}],"about":[{"href":"https:\/\/operation-moliere.net\/index.php\/wp-json\/wp\/v2\/types\/page"}],"author":[{"embeddable":true,"href":"https:\/\/operation-moliere.net\/index.php\/wp-json\/wp\/v2\/users\/1"}],"replies":[{"embeddable":true,"href":"https:\/\/operation-moliere.net\/index.php\/wp-json\/wp\/v2\/comments?post=56"}],"version-history":[{"count":28,"href":"https:\/\/operation-moliere.net\/index.php\/wp-json\/wp\/v2\/pages\/56\/revisions"}],"predecessor-version":[{"id":2245,"href":"https:\/\/operation-moliere.net\/index.php\/wp-json\/wp\/v2\/pages\/56\/revisions\/2245"}],"wp:attachment":[{"href":"https:\/\/operation-moliere.net\/index.php\/wp-json\/wp\/v2\/media?parent=56"}],"curies":[{"name":"wp","href":"https:\/\/api.w.org\/{rel}","templated":true}]}}