{"id":50,"date":"2020-11-05T15:29:14","date_gmt":"2020-11-05T14:29:14","guid":{"rendered":"http:\/\/operati.cluster030.hosting.ovh.net\/?page_id=50"},"modified":"2021-09-22T15:25:29","modified_gmt":"2021-09-22T13:25:29","slug":"outils-pedagogiques","status":"publish","type":"page","link":"https:\/\/operation-moliere.net\/index.php\/outils-pedagogiques\/","title":{"rendered":"OUTILS P\u00c9DAGOGIQUES ET LUDIQUES"},"content":{"rendered":"\n<p class=\"has-medium-font-size\"><strong>Cette rubrique comprend : <\/strong><\/p>\n\n\n\n<ul class=\"wp-block-list\"><li>Des outils p\u00e9dagogiques : <strong><a href=\"https:\/\/operation-moliere.net\/index.php\/outils-pedagogiques\/fiches-atelier-enseignants\/\" target=\"_blank\" rel=\"noreferrer noopener\">fiches-atelier<\/a> <\/strong>; <\/li><li>\u0152uvres de, d\u2019apr\u00e8s ou en \u00e9cho &#8230; : <a href=\"https:\/\/operation-moliere.net\/index.php\/outils-pedagogiques\/oeuvres-de-ou-en-echo-des-le-cp\/\" target=\"_blank\" rel=\"noreferrer noopener\"><strong>r\u00e9f\u00e9rences d\u2019\u0153uvres<\/strong><\/a> de Moli\u00e8re (niveau scolaire indicatif) ; <strong><a href=\"https:\/\/operation-moliere.net\/index.php\/outils-pedagogiques\/oeuvres-de-ou-en-echo-des-le-cp\/heritage-thematique-et-dramaturgique\/\" target=\"_blank\" rel=\"noreferrer noopener\">h\u00e9ritage th\u00e9matique ou dramaturgique<\/a><\/strong> ; <strong><a href=\"https:\/\/operation-moliere.net\/index.php\/outils-pedagogiques\/oeuvres-de-ou-en-echo-des-le-cp\/reecritures\/\" target=\"_blank\" rel=\"noreferrer noopener\">r\u00e9\u00e9critures<\/a><\/strong> ; <strong><a href=\"https:\/\/operation-moliere.net\/index.php\/outils-pedagogiques\/oeuvres-de-ou-en-echo-des-le-cp\/moliere-ca-tinspire-textes-a-decouvrir-a-jouer\/\" target=\"_blank\" rel=\"noreferrer noopener\">textes \u00e0 jouer<\/a><\/strong> en \u00e9cho \u00e0 l&#8217;une des th\u00e9matiques du r\u00e9pertoire moli\u00e9resque en lien avec le monde contemporain ;<\/li><li>Des outils ludiques : <a href=\"https:\/\/operation-moliere.net\/index.php\/outils-pedagogiques\/quizz-et-fil-twitter\/\" target=\"_blank\" rel=\"noreferrer noopener\"><strong>fil twitter et quizz<\/strong><\/a>.<\/li><\/ul>\n\n\n\n<p><\/p>\n","protected":false},"excerpt":{"rendered":"<p>Cette rubrique comprend : Des outils p\u00e9dagogiques : fiches-atelier ; \u0152uvres de, d\u2019apr\u00e8s ou en \u00e9cho &#8230; : r\u00e9f\u00e9rences d\u2019\u0153uvres de Moli\u00e8re (niveau scolaire indicatif) ; h\u00e9ritage th\u00e9matique ou dramaturgique ; r\u00e9\u00e9critures ; textes \u00e0 jouer en \u00e9cho \u00e0 l&#8217;une des th\u00e9matiques du r\u00e9pertoire moli\u00e9resque en lien avec le monde [&hellip;]<\/p>\n","protected":false},"author":1,"featured_media":0,"parent":0,"menu_order":3,"comment_status":"closed","ping_status":"closed","template":"","meta":{"footnotes":""},"class_list":["post-50","page","type-page","status-publish","hentry"],"yoast_head":"<!-- This site is optimized with the Yoast SEO plugin v27.5 - https:\/\/yoast.com\/product\/yoast-seo-wordpress\/ -->\n<title>OUTILS P\u00c9DAGOGIQUES ET LUDIQUES - Op\u00e9ration Moli\u00e8re<\/title>\n<meta name=\"description\" content=\"OUTILS P\u00c9DAGOGIQUES ET LUDIQUES - Op\u00e9ration Moli\u00e8re\" \/>\n<meta name=\"robots\" content=\"index, follow, max-snippet:-1, max-image-preview:large, max-video-preview:-1\" \/>\n<link rel=\"canonical\" href=\"https:\/\/operation-moliere.net\/index.php\/outils-pedagogiques\/\" \/>\n<meta property=\"og:locale\" content=\"fr_FR\" \/>\n<meta property=\"og:type\" content=\"article\" \/>\n<meta property=\"og:title\" content=\"OUTILS P\u00c9DAGOGIQUES ET LUDIQUES - Op\u00e9ration Moli\u00e8re\" \/>\n<meta property=\"og:description\" content=\"OUTILS P\u00c9DAGOGIQUES ET LUDIQUES - Op\u00e9ration Moli\u00e8re\" \/>\n<meta property=\"og:url\" content=\"https:\/\/operation-moliere.net\/index.php\/outils-pedagogiques\/\" \/>\n<meta property=\"og:site_name\" content=\"Op\u00e9ration Moli\u00e8re\" \/>\n<meta property=\"article:modified_time\" content=\"2021-09-22T13:25:29+00:00\" \/>\n<meta name=\"twitter:card\" content=\"summary_large_image\" \/>\n<meta name=\"twitter:label1\" content=\"Dur\u00e9e de lecture estim\u00e9e\" \/>\n\t<meta name=\"twitter:data1\" content=\"1 minute\" \/>\n<script type=\"application\/ld+json\" class=\"yoast-schema-graph\">{\"@context\":\"https:\\\/\\\/schema.org\",\"@graph\":[{\"@type\":\"WebPage\",\"@id\":\"https:\\\/\\\/operation-moliere.net\\\/index.php\\\/outils-pedagogiques\\\/\",\"url\":\"https:\\\/\\\/operation-moliere.net\\\/index.php\\\/outils-pedagogiques\\\/\",\"name\":\"OUTILS P\u00c9DAGOGIQUES ET LUDIQUES - Op\u00e9ration Moli\u00e8re\",\"isPartOf\":{\"@id\":\"https:\\\/\\\/operation-moliere.net\\\/#website\"},\"datePublished\":\"2020-11-05T14:29:14+00:00\",\"dateModified\":\"2021-09-22T13:25:29+00:00\",\"description\":\"OUTILS P\u00c9DAGOGIQUES ET LUDIQUES - Op\u00e9ration Moli\u00e8re\",\"breadcrumb\":{\"@id\":\"https:\\\/\\\/operation-moliere.net\\\/index.php\\\/outils-pedagogiques\\\/#breadcrumb\"},\"inLanguage\":\"fr-FR\",\"potentialAction\":[{\"@type\":\"ReadAction\",\"target\":[\"https:\\\/\\\/operation-moliere.net\\\/index.php\\\/outils-pedagogiques\\\/\"]}]},{\"@type\":\"BreadcrumbList\",\"@id\":\"https:\\\/\\\/operation-moliere.net\\\/index.php\\\/outils-pedagogiques\\\/#breadcrumb\",\"itemListElement\":[{\"@type\":\"ListItem\",\"position\":1,\"name\":\"Accueil\",\"item\":\"https:\\\/\\\/operation-moliere.net\\\/\"},{\"@type\":\"ListItem\",\"position\":2,\"name\":\"OUTILS P\u00c9DAGOGIQUES ET LUDIQUES\"}]},{\"@type\":\"WebSite\",\"@id\":\"https:\\\/\\\/operation-moliere.net\\\/#website\",\"url\":\"https:\\\/\\\/operation-moliere.net\\\/\",\"name\":\"Op\u00e9ration Moli\u00e8re\",\"description\":\"\",\"publisher\":{\"@id\":\"https:\\\/\\\/operation-moliere.net\\\/#organization\"},\"potentialAction\":[{\"@type\":\"SearchAction\",\"target\":{\"@type\":\"EntryPoint\",\"urlTemplate\":\"https:\\\/\\\/operation-moliere.net\\\/?s={search_term_string}\"},\"query-input\":{\"@type\":\"PropertyValueSpecification\",\"valueRequired\":true,\"valueName\":\"search_term_string\"}}],\"inLanguage\":\"fr-FR\"},{\"@type\":\"Organization\",\"@id\":\"https:\\\/\\\/operation-moliere.net\\\/#organization\",\"name\":\"Op\u00e9ration Moli\u00e8re\",\"url\":\"https:\\\/\\\/operation-moliere.net\\\/\",\"logo\":{\"@type\":\"ImageObject\",\"inLanguage\":\"fr-FR\",\"@id\":\"https:\\\/\\\/operation-moliere.net\\\/#\\\/schema\\\/logo\\\/image\\\/\",\"url\":\"https:\\\/\\\/i1.wp.com\\\/operati.cluster030.hosting.ovh.net\\\/wp-content\\\/uploads\\\/2020\\\/11\\\/logo_signature_min_remonte.jpg?fit=1750%2C1567\",\"contentUrl\":\"https:\\\/\\\/i1.wp.com\\\/operati.cluster030.hosting.ovh.net\\\/wp-content\\\/uploads\\\/2020\\\/11\\\/logo_signature_min_remonte.jpg?fit=1750%2C1567\",\"width\":1750,\"height\":1567,\"caption\":\"Op\u00e9ration Moli\u00e8re\"},\"image\":{\"@id\":\"https:\\\/\\\/operation-moliere.net\\\/#\\\/schema\\\/logo\\\/image\\\/\"}}]}<\/script>\n<!-- \/ Yoast SEO plugin. -->","yoast_head_json":{"title":"OUTILS P\u00c9DAGOGIQUES ET LUDIQUES - Op\u00e9ration Moli\u00e8re","description":"OUTILS P\u00c9DAGOGIQUES ET LUDIQUES - Op\u00e9ration Moli\u00e8re","robots":{"index":"index","follow":"follow","max-snippet":"max-snippet:-1","max-image-preview":"max-image-preview:large","max-video-preview":"max-video-preview:-1"},"canonical":"https:\/\/operation-moliere.net\/index.php\/outils-pedagogiques\/","og_locale":"fr_FR","og_type":"article","og_title":"OUTILS P\u00c9DAGOGIQUES ET LUDIQUES - Op\u00e9ration Moli\u00e8re","og_description":"OUTILS P\u00c9DAGOGIQUES ET LUDIQUES - Op\u00e9ration Moli\u00e8re","og_url":"https:\/\/operation-moliere.net\/index.php\/outils-pedagogiques\/","og_site_name":"Op\u00e9ration Moli\u00e8re","article_modified_time":"2021-09-22T13:25:29+00:00","twitter_card":"summary_large_image","twitter_misc":{"Dur\u00e9e de lecture estim\u00e9e":"1 minute"},"schema":{"@context":"https:\/\/schema.org","@graph":[{"@type":"WebPage","@id":"https:\/\/operation-moliere.net\/index.php\/outils-pedagogiques\/","url":"https:\/\/operation-moliere.net\/index.php\/outils-pedagogiques\/","name":"OUTILS P\u00c9DAGOGIQUES ET LUDIQUES - Op\u00e9ration Moli\u00e8re","isPartOf":{"@id":"https:\/\/operation-moliere.net\/#website"},"datePublished":"2020-11-05T14:29:14+00:00","dateModified":"2021-09-22T13:25:29+00:00","description":"OUTILS P\u00c9DAGOGIQUES ET LUDIQUES - Op\u00e9ration Moli\u00e8re","breadcrumb":{"@id":"https:\/\/operation-moliere.net\/index.php\/outils-pedagogiques\/#breadcrumb"},"inLanguage":"fr-FR","potentialAction":[{"@type":"ReadAction","target":["https:\/\/operation-moliere.net\/index.php\/outils-pedagogiques\/"]}]},{"@type":"BreadcrumbList","@id":"https:\/\/operation-moliere.net\/index.php\/outils-pedagogiques\/#breadcrumb","itemListElement":[{"@type":"ListItem","position":1,"name":"Accueil","item":"https:\/\/operation-moliere.net\/"},{"@type":"ListItem","position":2,"name":"OUTILS P\u00c9DAGOGIQUES ET LUDIQUES"}]},{"@type":"WebSite","@id":"https:\/\/operation-moliere.net\/#website","url":"https:\/\/operation-moliere.net\/","name":"Op\u00e9ration Moli\u00e8re","description":"","publisher":{"@id":"https:\/\/operation-moliere.net\/#organization"},"potentialAction":[{"@type":"SearchAction","target":{"@type":"EntryPoint","urlTemplate":"https:\/\/operation-moliere.net\/?s={search_term_string}"},"query-input":{"@type":"PropertyValueSpecification","valueRequired":true,"valueName":"search_term_string"}}],"inLanguage":"fr-FR"},{"@type":"Organization","@id":"https:\/\/operation-moliere.net\/#organization","name":"Op\u00e9ration Moli\u00e8re","url":"https:\/\/operation-moliere.net\/","logo":{"@type":"ImageObject","inLanguage":"fr-FR","@id":"https:\/\/operation-moliere.net\/#\/schema\/logo\/image\/","url":"https:\/\/i1.wp.com\/operati.cluster030.hosting.ovh.net\/wp-content\/uploads\/2020\/11\/logo_signature_min_remonte.jpg?fit=1750%2C1567","contentUrl":"https:\/\/i1.wp.com\/operati.cluster030.hosting.ovh.net\/wp-content\/uploads\/2020\/11\/logo_signature_min_remonte.jpg?fit=1750%2C1567","width":1750,"height":1567,"caption":"Op\u00e9ration Moli\u00e8re"},"image":{"@id":"https:\/\/operation-moliere.net\/#\/schema\/logo\/image\/"}}]}},"jetpack_sharing_enabled":true,"_links":{"self":[{"href":"https:\/\/operation-moliere.net\/index.php\/wp-json\/wp\/v2\/pages\/50","targetHints":{"allow":["GET"]}}],"collection":[{"href":"https:\/\/operation-moliere.net\/index.php\/wp-json\/wp\/v2\/pages"}],"about":[{"href":"https:\/\/operation-moliere.net\/index.php\/wp-json\/wp\/v2\/types\/page"}],"author":[{"embeddable":true,"href":"https:\/\/operation-moliere.net\/index.php\/wp-json\/wp\/v2\/users\/1"}],"replies":[{"embeddable":true,"href":"https:\/\/operation-moliere.net\/index.php\/wp-json\/wp\/v2\/comments?post=50"}],"version-history":[{"count":10,"href":"https:\/\/operation-moliere.net\/index.php\/wp-json\/wp\/v2\/pages\/50\/revisions"}],"predecessor-version":[{"id":2134,"href":"https:\/\/operation-moliere.net\/index.php\/wp-json\/wp\/v2\/pages\/50\/revisions\/2134"}],"wp:attachment":[{"href":"https:\/\/operation-moliere.net\/index.php\/wp-json\/wp\/v2\/media?parent=50"}],"curies":[{"name":"wp","href":"https:\/\/api.w.org\/{rel}","templated":true}]}}