{"id":476,"date":"2020-11-26T13:35:02","date_gmt":"2020-11-26T12:35:02","guid":{"rendered":"http:\/\/operati.cluster030.hosting.ovh.net\/?page_id=476"},"modified":"2025-09-22T14:34:59","modified_gmt":"2025-09-22T12:34:59","slug":"sites-de-references","status":"publish","type":"page","link":"https:\/\/operation-moliere.net\/index.php\/ressources\/sites-de-references\/","title":{"rendered":"SITES DE R\u00c9F\u00c9RENCE"},"content":{"rendered":"<p class=\"has-medium-font-size\"><strong>Obvil &#8211; Observatoire de la vie litt\u00e9raire<\/strong><\/p>\r\n<!-- \/wp:post-content -->\r\n\r\n<!-- wp:paragraph -->\r\n<p><strong>Projet Moli\u00e8re : <\/strong><a href=\"https:\/\/obvil.sorbonne-universite.fr\/projets\/projet-moliere\">https:\/\/obvil.sorbonne-universite.fr\/projets\/projet-moliere<\/a><\/p>\r\n<!-- \/wp:paragraph -->\r\n\r\n<!-- wp:spacer {\"height\":\"19px\"} -->\r\n<div style=\"height: 19px;\" aria-hidden=\"true\" class=\"wp-block-spacer\"><\/div>\r\n<!-- \/wp:spacer -->\r\n\r\n<!-- wp:paragraph {\"fontSize\":\"medium\"} -->\r\n<p class=\"has-medium-font-size\"><strong>La<\/strong> <strong>Com\u00e9die-Fran\u00e7aise<\/strong>\u00a0:<\/p>\r\n<!-- \/wp:paragraph -->\r\n\r\n<!-- wp:paragraph -->\r\n<p><a href=\"https:\/\/www.comedie-francaise.fr\/fr\/moliere\">https:\/\/www.comedie-francaise.fr\/fr\/moliere#<\/a><\/p>\r\n<!-- \/wp:paragraph -->\r\n\r\n<!-- wp:spacer {\"height\":\"26px\"} -->\r\n<div style=\"height: 26px;\" aria-hidden=\"true\" class=\"wp-block-spacer\"><\/div>\r\n<!-- \/wp:spacer -->\r\n\r\n<!-- wp:paragraph {\"fontSize\":\"medium\"} -->\r\n<p class=\"has-medium-font-size\"><strong>Programme des Registres de la Com\u00e9die-Fran\u00e7aise<\/strong> :<\/p>\r\n<!-- \/wp:paragraph -->\r\n\r\n<!-- wp:paragraph -->\r\n<p><a href=\"https:\/\/www.cfregisters.org\/#!\/\">https:\/\/www.cfregisters.org\/#!\/<\/a><\/p>\r\n<!-- \/wp:paragraph -->\r\n\r\n<!-- wp:spacer {\"height\":\"20px\"} -->\r\n<div style=\"height: 20px;\" aria-hidden=\"true\" class=\"wp-block-spacer\"><\/div>\r\n<!-- \/wp:spacer -->\r\n\r\n<!-- wp:paragraph {\"fontSize\":\"medium\"} -->\r\n<p class=\"has-medium-font-size\"><strong>BnF\u00a0\/ Gallica<\/strong>\u00a0:<\/p>\r\n<!-- \/wp:paragraph -->\r\n\r\n<!-- wp:spacer {\"height\":\"20px\"} -->\r\n<div style=\"height: 20px;\" aria-hidden=\"true\" class=\"wp-block-spacer\"><\/div>\r\n<!-- \/wp:spacer -->\r\n\r\n<!-- wp:list -->\r\n<ul>\r\n<li>Recueil de documents iconographiques et biographiques sur Moli\u00e8re\u00a0: <a href=\"https:\/\/gallica.bnf.fr\/ark:\/12148\/btv1b8436359d\">https:\/\/gallica.bnf.fr\/ark:\/12148\/btv1b8436359d<\/a><\/li>\r\n<\/ul>\r\n<!-- \/wp:list -->\r\n\r\n<!-- wp:list -->\r\n<ul>\r\n<li>S\u00e9lections Gallica sur le th\u00e9\u00e2tre\u00a0: <a href=\"https:\/\/gallica.bnf.fr\/html\/und\/videos\/theatre?mode=desktop\">https:\/\/gallica.bnf.fr\/html\/und\/videos\/theatre?mode=desktop<\/a><\/li>\r\n<\/ul>\r\n<!-- \/wp:list -->\r\n\r\n<!-- wp:list -->\r\n<ul>\r\n<li>[Moli\u00e8re + Malade imaginaire] (899 notices)\u00a0: <a href=\"https:\/\/catalogue.bnf.fr\/rechercher.do?motRecherche=Moli%C3%A8re+%2B+Malade+imaginaire&amp;critereRecherche=0&amp;depart=0&amp;facetteModifiee=ok\">https:\/\/catalogue.bnf.fr\/rechercher.do?motRecherche=Moli%C3%A8re+%2B+Malade+imaginaire&amp;critereRecherche=0&amp;depart=0&amp;facetteModifiee=ok<\/a><\/li>\r\n<\/ul>\r\n<!-- \/wp:list -->\r\n\r\n<!-- wp:list -->\r\n<ul>\r\n<li>Un dossier Moli\u00e8re, publi\u00e9 en collaboration avec la Com\u00e9die-fran\u00e7aise et la Biblioth\u00e8que-mus\u00e9e de l&#8217;Op\u00e9ra pour accompagner les deux expositions &#8220;<a href=\"https:\/\/www.bnf.fr\/fr\/agenda\/moliere-le-jeu-du-vrai-et-du-faux\">Moli\u00e8re, le jeu du vrai et du faux<\/a>&#8221; et &#8220;<a href=\"https:\/\/www.bnf.fr\/fr\/agenda\/moliere-en-musiques\">Moli\u00e8re en musiques<\/a>&#8221; (Biblioth\u00e8que-mus\u00e9e de l&#8217;Op\u00e9ra) : &#8220;<a href=\"https:\/\/essentiels.bnf.fr\/fr\/litterature\/17e-siecle\/50233856-7dce-4c6f-8a95-24ae1cf4c2d2-theatre-17e-siecle\/personnalite\/5802832f-e4b7-4992-9647-6361d9a0e5ee-moliere\">Les Essentiels de la BNF : Moli\u00e8re<\/a>&#8220;<\/li>\r\n<\/ul>\r\n<!-- \/wp:list -->\r\n\r\n<!-- wp:paragraph -->\r\n<p>Et bien d\u2019autres encore\u2026<\/p>\r\n<!-- \/wp:paragraph -->\r\n\r\n<!-- wp:spacer {\"height\":\"27px\"} -->\r\n<div style=\"height: 27px;\" aria-hidden=\"true\" class=\"wp-block-spacer\"><\/div>\r\n<!-- \/wp:spacer -->\r\n\r\n<!-- wp:paragraph {\"fontSize\":\"medium\"} -->\r\n<p class=\"has-medium-font-size\"><strong>Les Archives du Spectacle<\/strong> : <a href=\"https:\/\/www.lesarchivesduspectacle.net\/?RD=1&amp;lbRecherche=3&amp;ParametreRD=Moli%C3%A8re&amp;lbFiltrePays=0&amp;lbAgeMini=0&amp;lbAgeMaxi=0&amp;lbAnneeMin=0&amp;lbAnneeMax=0&amp;rdPersonne=&amp;rdOrganisme=&amp;rdHidden_https:\/\/www.lesarchivesduspectacle.net\/?IDX_Personne=199 &lt;https:\/\/www.lesarchivesduspectacle.net\/?IDX_Personne=199&gt;\" target=\"_blank\" rel=\"noreferrer noopener\">spectacles de\/d&#8217;apr\u00e8s Moli\u00e8re<\/a><\/p>\r\n<!-- \/wp:paragraph -->\r\n\r\n<!-- wp:spacer {\"height\":\"20px\"} -->\r\n<div style=\"height: 20px;\" aria-hidden=\"true\" class=\"wp-block-spacer\"><\/div>\r\n<!-- \/wp:spacer -->\r\n\r\n<!-- wp:paragraph {\"fontSize\":\"medium\"} -->\r\n<p class=\"has-medium-font-size\"><strong>theatre-contemporain.net\u00a0:<\/strong><\/p>\r\n<!-- \/wp:paragraph -->\r\n\r\n<!-- wp:list -->\r\n<ul>\r\n<li>Acc\u00e9dez au moteur de recherche par pi\u00e8ce\u00a0: <a href=\"https:\/\/www.theatre-contemporain.net\/spectacles\/theatre\/recherche\">https:\/\/www.theatre-contemporain.net\/spectacles\/theatre\/recherche<\/a><\/li>\r\n<li>Biographie sur Moli\u00e8re\u00a0: <a href=\"https:\/\/www.theatre-contemporain.net\/biographies\/Jean-Baptiste-Poquelin-dit-Moliere\/\">https:\/\/www.theatre-contemporain.net\/biographies\/Jean-Baptiste-Poquelin-dit-Moliere\/<\/a><\/li>\r\n<\/ul>\r\n<!-- \/wp:list -->\r\n\r\n<!-- wp:spacer {\"height\":\"20px\"} -->\r\n<div style=\"height: 20px;\" aria-hidden=\"true\" class=\"wp-block-spacer\"><\/div>\r\n<!-- \/wp:spacer -->\r\n\r\n<!-- wp:paragraph {\"fontSize\":\"medium\"} -->\r\n<p class=\"has-medium-font-size\"><strong>Tout Moli\u00e8re (ville de P\u00e8zenas)<\/strong>\u00a0: vous y trouverez beaucoup de ressources, notamment toutes les \u0153uvres t\u00e9l\u00e9chargeables<\/p>\r\n<!-- \/wp:paragraph -->\r\n\r\n<!-- wp:paragraph -->\r\n<p><a href=\"http:\/\/www.toutmoliere.net\/\">http:\/\/www.toutmoliere.net\/<\/a><\/p>\r\n<!-- \/wp:paragraph -->\r\n\r\n<!-- wp:spacer {\"height\":\"20px\"} -->\r\n<div style=\"height: 20px;\" aria-hidden=\"true\" class=\"wp-block-spacer\"><\/div>\r\n<!-- \/wp:spacer -->\r\n\r\n<!-- wp:paragraph {\"fontSize\":\"medium\"} -->\r\n<p class=\"has-medium-font-size\"><strong>Th\u00e9\u00e2tre du Soleil\u00a0:<\/strong><\/p>\r\n<!-- \/wp:paragraph -->\r\n\r\n<!-- wp:list -->\r\n<ul>\r\n<li><em>Moli\u00e8re ou la vie d&#8217;un honn\u00eate homme (1978)<\/em> : <a href=\"https:\/\/www.theatre-du-soleil.fr\/fr\/notre-theatre\/les-films\/moliere-1978-229\">https:\/\/www.theatre-du-soleil.fr\/fr\/notre-theatre\/les-films\/moliere-1978-229<\/a><\/li>\r\n<\/ul>\r\n<!-- \/wp:list -->\r\n\r\n<!-- wp:list -->\r\n<ul>\r\n<li>\u00c9mission France Culture &#8220;Moli\u00e8re ce n&#8217;est pas du tout un Dieu, c&#8217;est un homme&#8221; : <a href=\"https:\/\/www.franceculture.fr\/theatre\/ariane-mnouchkine-moliere-ce-n-est-pas-du-tout-un-dieu-c-est-un-homme\">https:\/\/www.franceculture.fr\/theatre\/ariane-mnouchkine-moliere-ce-n-est-pas-du-tout-un-dieu-c-est-un-homme<\/a><\/li>\r\n<\/ul>\r\n<!-- \/wp:list -->\r\n\r\n<!-- wp:spacer {\"height\":\"27px\"} -->\r\n<div style=\"height: 27px;\" aria-hidden=\"true\" class=\"wp-block-spacer\"><\/div>\r\n<!-- \/wp:spacer -->\r\n\r\n<!-- wp:paragraph {\"fontSize\":\"medium\"} -->\r\n<p class=\"has-medium-font-size\"><strong>France Culture<\/strong>\u00a0:<\/p>\r\n<!-- \/wp:paragraph -->\r\n\r\n<!-- wp:paragraph -->\r\n<p><a href=\"https:\/\/www.franceculture.fr\/personne\/moliere\">https:\/\/www.franceculture.fr\/personne\/moliere<\/a><\/p>\r\n<!-- \/wp:paragraph -->\r\n\r\n<!-- wp:list -->\r\n<ul>\r\n<li>4 \u00e9pisodes sur Moli\u00e8res (2017)\u00a0: <a href=\"https:\/\/www.franceculture.fr\/emissions\/la-compagnie-des-auteurs\/moliere\">https:\/\/www.franceculture.fr\/emissions\/la-compagnie-des-auteurs\/moliere<\/a><\/li>\r\n<\/ul>\r\n<!-- \/wp:list -->\r\n\r\n<!-- wp:list -->\r\n<ul>\r\n<li>Moli\u00e8re et la m\u00e9decine (Patrick Dandrey, 2017)\u00a0: <a href=\"https:\/\/www.franceculture.fr\/emissions\/la-compagnie-des-auteurs\/moliere-34-moliere-medecin\">https:\/\/www.franceculture.fr\/emissions\/la-compagnie-des-auteurs\/moliere-34-moliere-medecin<\/a><\/li>\r\n<\/ul>\r\n<!-- \/wp:list -->\r\n\r\n<!-- wp:list -->\r\n<ul>\r\n<li>Sur <em>Le Malade imaginaire<\/em> : <a href=\"https:\/\/www.franceculture.fr\/emissions\/en-francais-dans-le-texte\/en-francais-dans-le-texte-emission-du-samedi-05-septembre-2020\">https:\/\/www.franceculture.fr\/emissions\/en-francais-dans-le-texte\/en-francais-dans-le-texte-emission-du-samedi-05-septembre-2020<\/a><\/li>\r\n<\/ul>\r\n<!-- \/wp:list -->\r\n\r\n<!-- wp:list -->\r\n<ul>\r\n<li>Martial Poirson (2017)\u00a0: (<em>Ombres de Moli\u00e8re : naissance d\u2019un mythe litt\u00e9raire \u00e0 travers ses avatars du XVIIe si\u00e8cle \u00e0 nos jours<\/em>, Armand Colin, 2012)\u00a0: <a href=\"https:\/\/www.franceculture.fr\/emissions\/concordance-des-temps\/moliere-les-avatars-d-une-gloire-nationale\">https:\/\/www.franceculture.fr\/emissions\/concordance-des-temps\/moliere-les-avatars-d-une-gloire-nationale<\/a><\/li>\r\n<\/ul>\r\n<!-- \/wp:list -->\r\n\r\n<!-- wp:spacer -->\r\n<div style=\"height: 100px;\" aria-hidden=\"true\" class=\"wp-block-spacer\"><\/div>\r\n<!-- \/wp:spacer -->","protected":false},"excerpt":{"rendered":"<p>Obvil &#8211; Observatoire de la vie litt\u00e9raire Projet Moli\u00e8re : https:\/\/obvil.sorbonne-universite.fr\/projets\/projet-moliere La Com\u00e9die-Fran\u00e7aise\u00a0: https:\/\/www.comedie-francaise.fr\/fr\/moliere# Programme des Registres de la Com\u00e9die-Fran\u00e7aise : https:\/\/www.cfregisters.org\/#!\/ BnF\u00a0\/ Gallica\u00a0: Recueil de documents iconographiques et biographiques sur Moli\u00e8re\u00a0: https:\/\/gallica.bnf.fr\/ark:\/12148\/btv1b8436359d S\u00e9lections Gallica sur le th\u00e9\u00e2tre\u00a0: https:\/\/gallica.bnf.fr\/html\/und\/videos\/theatre?mode=desktop [Moli\u00e8re + Malade imaginaire] (899 notices)\u00a0: https:\/\/catalogue.bnf.fr\/rechercher.do?motRecherche=Moli%C3%A8re+%2B+Malade+imaginaire&amp;critereRecherche=0&amp;depart=0&amp;facetteModifiee=ok Un dossier Moli\u00e8re, publi\u00e9 [&hellip;]<\/p>\n","protected":false},"author":1,"featured_media":0,"parent":19,"menu_order":1,"comment_status":"closed","ping_status":"closed","template":"page-templates\/template-fullwidth.php","meta":{"footnotes":""},"class_list":["post-476","page","type-page","status-publish","hentry"],"yoast_head":"<!-- This site is optimized with the Yoast SEO plugin v27.4 - https:\/\/yoast.com\/product\/yoast-seo-wordpress\/ -->\n<title>SITES DE R\u00c9F\u00c9RENCE - Op\u00e9ration Moli\u00e8re - Moli\u00e8re sites Internet<\/title>\n<meta name=\"description\" content=\"Quelques sites de r\u00e9f\u00e9rence sur et autour de Moli\u00e8re et son \u0153uvre (liste non exhaustive) comme Moliere21, ToutMoli\u00e8re,...\" \/>\n<meta name=\"robots\" content=\"index, follow, max-snippet:-1, max-image-preview:large, max-video-preview:-1\" \/>\n<link rel=\"canonical\" href=\"https:\/\/operation-moliere.net\/index.php\/ressources\/sites-de-references\/\" \/>\n<meta property=\"og:locale\" content=\"fr_FR\" \/>\n<meta property=\"og:type\" content=\"article\" \/>\n<meta property=\"og:title\" content=\"SITES DE R\u00c9F\u00c9RENCE - Op\u00e9ration Moli\u00e8re - Moli\u00e8re sites Internet\" \/>\n<meta property=\"og:description\" content=\"Quelques sites de r\u00e9f\u00e9rence sur et autour de Moli\u00e8re et son \u0153uvre (liste non exhaustive) comme Moliere21, ToutMoli\u00e8re,...\" \/>\n<meta property=\"og:url\" content=\"https:\/\/operation-moliere.net\/index.php\/ressources\/sites-de-references\/\" \/>\n<meta property=\"og:site_name\" content=\"Op\u00e9ration Moli\u00e8re\" \/>\n<meta property=\"article:modified_time\" content=\"2025-09-22T12:34:59+00:00\" \/>\n<meta name=\"twitter:card\" content=\"summary_large_image\" \/>\n<meta name=\"twitter:label1\" content=\"Dur\u00e9e de lecture estim\u00e9e\" \/>\n\t<meta name=\"twitter:data1\" content=\"2 minutes\" \/>\n<script type=\"application\/ld+json\" class=\"yoast-schema-graph\">{\"@context\":\"https:\\\/\\\/schema.org\",\"@graph\":[{\"@type\":\"WebPage\",\"@id\":\"https:\\\/\\\/operation-moliere.net\\\/index.php\\\/ressources\\\/sites-de-references\\\/\",\"url\":\"https:\\\/\\\/operation-moliere.net\\\/index.php\\\/ressources\\\/sites-de-references\\\/\",\"name\":\"SITES DE R\u00c9F\u00c9RENCE - Op\u00e9ration Moli\u00e8re - Moli\u00e8re sites Internet\",\"isPartOf\":{\"@id\":\"https:\\\/\\\/operation-moliere.net\\\/#website\"},\"datePublished\":\"2020-11-26T12:35:02+00:00\",\"dateModified\":\"2025-09-22T12:34:59+00:00\",\"description\":\"Quelques sites de r\u00e9f\u00e9rence sur et autour de Moli\u00e8re et son \u0153uvre (liste non exhaustive) comme Moliere21, ToutMoli\u00e8re,...\",\"breadcrumb\":{\"@id\":\"https:\\\/\\\/operation-moliere.net\\\/index.php\\\/ressources\\\/sites-de-references\\\/#breadcrumb\"},\"inLanguage\":\"fr-FR\",\"potentialAction\":[{\"@type\":\"ReadAction\",\"target\":[\"https:\\\/\\\/operation-moliere.net\\\/index.php\\\/ressources\\\/sites-de-references\\\/\"]}]},{\"@type\":\"BreadcrumbList\",\"@id\":\"https:\\\/\\\/operation-moliere.net\\\/index.php\\\/ressources\\\/sites-de-references\\\/#breadcrumb\",\"itemListElement\":[{\"@type\":\"ListItem\",\"position\":1,\"name\":\"Accueil\",\"item\":\"https:\\\/\\\/operation-moliere.net\\\/\"},{\"@type\":\"ListItem\",\"position\":2,\"name\":\"RESSOURCES\",\"item\":\"https:\\\/\\\/operation-moliere.net\\\/index.php\\\/ressources\\\/\"},{\"@type\":\"ListItem\",\"position\":3,\"name\":\"SITES DE R\u00c9F\u00c9RENCE\"}]},{\"@type\":\"WebSite\",\"@id\":\"https:\\\/\\\/operation-moliere.net\\\/#website\",\"url\":\"https:\\\/\\\/operation-moliere.net\\\/\",\"name\":\"Op\u00e9ration Moli\u00e8re\",\"description\":\"\",\"publisher\":{\"@id\":\"https:\\\/\\\/operation-moliere.net\\\/#organization\"},\"potentialAction\":[{\"@type\":\"SearchAction\",\"target\":{\"@type\":\"EntryPoint\",\"urlTemplate\":\"https:\\\/\\\/operation-moliere.net\\\/?s={search_term_string}\"},\"query-input\":{\"@type\":\"PropertyValueSpecification\",\"valueRequired\":true,\"valueName\":\"search_term_string\"}}],\"inLanguage\":\"fr-FR\"},{\"@type\":\"Organization\",\"@id\":\"https:\\\/\\\/operation-moliere.net\\\/#organization\",\"name\":\"Op\u00e9ration Moli\u00e8re\",\"url\":\"https:\\\/\\\/operation-moliere.net\\\/\",\"logo\":{\"@type\":\"ImageObject\",\"inLanguage\":\"fr-FR\",\"@id\":\"https:\\\/\\\/operation-moliere.net\\\/#\\\/schema\\\/logo\\\/image\\\/\",\"url\":\"https:\\\/\\\/i1.wp.com\\\/operati.cluster030.hosting.ovh.net\\\/wp-content\\\/uploads\\\/2020\\\/11\\\/logo_signature_min_remonte.jpg?fit=1750%2C1567\",\"contentUrl\":\"https:\\\/\\\/i1.wp.com\\\/operati.cluster030.hosting.ovh.net\\\/wp-content\\\/uploads\\\/2020\\\/11\\\/logo_signature_min_remonte.jpg?fit=1750%2C1567\",\"width\":1750,\"height\":1567,\"caption\":\"Op\u00e9ration Moli\u00e8re\"},\"image\":{\"@id\":\"https:\\\/\\\/operation-moliere.net\\\/#\\\/schema\\\/logo\\\/image\\\/\"}}]}<\/script>\n<!-- \/ Yoast SEO plugin. -->","yoast_head_json":{"title":"SITES DE R\u00c9F\u00c9RENCE - Op\u00e9ration Moli\u00e8re - Moli\u00e8re sites Internet","description":"Quelques sites de r\u00e9f\u00e9rence sur et autour de Moli\u00e8re et son \u0153uvre (liste non exhaustive) comme Moliere21, ToutMoli\u00e8re,...","robots":{"index":"index","follow":"follow","max-snippet":"max-snippet:-1","max-image-preview":"max-image-preview:large","max-video-preview":"max-video-preview:-1"},"canonical":"https:\/\/operation-moliere.net\/index.php\/ressources\/sites-de-references\/","og_locale":"fr_FR","og_type":"article","og_title":"SITES DE R\u00c9F\u00c9RENCE - Op\u00e9ration Moli\u00e8re - Moli\u00e8re sites Internet","og_description":"Quelques sites de r\u00e9f\u00e9rence sur et autour de Moli\u00e8re et son \u0153uvre (liste non exhaustive) comme Moliere21, ToutMoli\u00e8re,...","og_url":"https:\/\/operation-moliere.net\/index.php\/ressources\/sites-de-references\/","og_site_name":"Op\u00e9ration Moli\u00e8re","article_modified_time":"2025-09-22T12:34:59+00:00","twitter_card":"summary_large_image","twitter_misc":{"Dur\u00e9e de lecture estim\u00e9e":"2 minutes"},"schema":{"@context":"https:\/\/schema.org","@graph":[{"@type":"WebPage","@id":"https:\/\/operation-moliere.net\/index.php\/ressources\/sites-de-references\/","url":"https:\/\/operation-moliere.net\/index.php\/ressources\/sites-de-references\/","name":"SITES DE R\u00c9F\u00c9RENCE - Op\u00e9ration Moli\u00e8re - Moli\u00e8re sites Internet","isPartOf":{"@id":"https:\/\/operation-moliere.net\/#website"},"datePublished":"2020-11-26T12:35:02+00:00","dateModified":"2025-09-22T12:34:59+00:00","description":"Quelques sites de r\u00e9f\u00e9rence sur et autour de Moli\u00e8re et son \u0153uvre (liste non exhaustive) comme Moliere21, ToutMoli\u00e8re,...","breadcrumb":{"@id":"https:\/\/operation-moliere.net\/index.php\/ressources\/sites-de-references\/#breadcrumb"},"inLanguage":"fr-FR","potentialAction":[{"@type":"ReadAction","target":["https:\/\/operation-moliere.net\/index.php\/ressources\/sites-de-references\/"]}]},{"@type":"BreadcrumbList","@id":"https:\/\/operation-moliere.net\/index.php\/ressources\/sites-de-references\/#breadcrumb","itemListElement":[{"@type":"ListItem","position":1,"name":"Accueil","item":"https:\/\/operation-moliere.net\/"},{"@type":"ListItem","position":2,"name":"RESSOURCES","item":"https:\/\/operation-moliere.net\/index.php\/ressources\/"},{"@type":"ListItem","position":3,"name":"SITES DE R\u00c9F\u00c9RENCE"}]},{"@type":"WebSite","@id":"https:\/\/operation-moliere.net\/#website","url":"https:\/\/operation-moliere.net\/","name":"Op\u00e9ration Moli\u00e8re","description":"","publisher":{"@id":"https:\/\/operation-moliere.net\/#organization"},"potentialAction":[{"@type":"SearchAction","target":{"@type":"EntryPoint","urlTemplate":"https:\/\/operation-moliere.net\/?s={search_term_string}"},"query-input":{"@type":"PropertyValueSpecification","valueRequired":true,"valueName":"search_term_string"}}],"inLanguage":"fr-FR"},{"@type":"Organization","@id":"https:\/\/operation-moliere.net\/#organization","name":"Op\u00e9ration Moli\u00e8re","url":"https:\/\/operation-moliere.net\/","logo":{"@type":"ImageObject","inLanguage":"fr-FR","@id":"https:\/\/operation-moliere.net\/#\/schema\/logo\/image\/","url":"https:\/\/i1.wp.com\/operati.cluster030.hosting.ovh.net\/wp-content\/uploads\/2020\/11\/logo_signature_min_remonte.jpg?fit=1750%2C1567","contentUrl":"https:\/\/i1.wp.com\/operati.cluster030.hosting.ovh.net\/wp-content\/uploads\/2020\/11\/logo_signature_min_remonte.jpg?fit=1750%2C1567","width":1750,"height":1567,"caption":"Op\u00e9ration Moli\u00e8re"},"image":{"@id":"https:\/\/operation-moliere.net\/#\/schema\/logo\/image\/"}}]}},"jetpack_sharing_enabled":true,"_links":{"self":[{"href":"https:\/\/operation-moliere.net\/index.php\/wp-json\/wp\/v2\/pages\/476","targetHints":{"allow":["GET"]}}],"collection":[{"href":"https:\/\/operation-moliere.net\/index.php\/wp-json\/wp\/v2\/pages"}],"about":[{"href":"https:\/\/operation-moliere.net\/index.php\/wp-json\/wp\/v2\/types\/page"}],"author":[{"embeddable":true,"href":"https:\/\/operation-moliere.net\/index.php\/wp-json\/wp\/v2\/users\/1"}],"replies":[{"embeddable":true,"href":"https:\/\/operation-moliere.net\/index.php\/wp-json\/wp\/v2\/comments?post=476"}],"version-history":[{"count":31,"href":"https:\/\/operation-moliere.net\/index.php\/wp-json\/wp\/v2\/pages\/476\/revisions"}],"predecessor-version":[{"id":3084,"href":"https:\/\/operation-moliere.net\/index.php\/wp-json\/wp\/v2\/pages\/476\/revisions\/3084"}],"up":[{"embeddable":true,"href":"https:\/\/operation-moliere.net\/index.php\/wp-json\/wp\/v2\/pages\/19"}],"wp:attachment":[{"href":"https:\/\/operation-moliere.net\/index.php\/wp-json\/wp\/v2\/media?parent=476"}],"curies":[{"name":"wp","href":"https:\/\/api.w.org\/{rel}","templated":true}]}}