{"id":461,"date":"2020-11-26T12:45:04","date_gmt":"2020-11-26T11:45:04","guid":{"rendered":"http:\/\/operati.cluster030.hosting.ovh.net\/?page_id=461"},"modified":"2025-09-22T14:38:31","modified_gmt":"2025-09-22T12:38:31","slug":"filmographies","status":"publish","type":"page","link":"https:\/\/operation-moliere.net\/index.php\/ressources\/filmographies\/","title":{"rendered":"FILMOGRAPHIES"},"content":{"rendered":"\r\n<div class=\"wp-block-themeisle-blocks-advanced-columns has-1-columns has-desktop-equal-layout has-tablet-equal-layout has-mobile-equal-layout has-default-gap has-vertical-unset\" id=\"wp-block-themeisle-blocks-advanced-columns-2a6f1b3a\">\r\n<div class=\"wp-block-themeisle-blocks-advanced-columns-overlay\"><\/div>\r\n<div class=\"innerblocks-wrap\">\r\n<div class=\"wp-block-themeisle-blocks-advanced-column\" id=\"wp-block-themeisle-blocks-advanced-column-d18900fb\">\r\n<p>Dans cette rubrique, vous d\u00e9couvrirez des r\u00e9f\u00e9rences et des liens vers des captations, des adaptations cin\u00e9matographiques, des films sur ou autour de Moli\u00e8re.<\/p>\r\n<\/div>\r\n<p><a href=\"https:\/\/operation-moliere.net\/index.php\/ressources\/filmographies\/filmographie\/\">Filmographie sur\/autour de Moli\u00e8re<\/a><\/p>\r\n<p><a href=\"https:\/\/operation-moliere.net\/index.php\/ressources\/filmographies\/adaptations-cinematographiques\/\">Adaptations cin\u00e9matographiques<\/a><\/p>\r\n<p><a href=\"https:\/\/operation-moliere.net\/index.php\/ressources\/filmographies\/captations\/\">Captations de pi\u00e8ces<\/a><\/p>\r\n<\/div>\r\n<\/div>\r\n","protected":false},"excerpt":{"rendered":"","protected":false},"author":1,"featured_media":0,"parent":19,"menu_order":4,"comment_status":"closed","ping_status":"closed","template":"","meta":{"footnotes":""},"class_list":["post-461","page","type-page","status-publish","hentry"],"yoast_head":"<!-- This site is optimized with the Yoast SEO plugin v27.3 - https:\/\/yoast.com\/product\/yoast-seo-wordpress\/ -->\n<title>FILMOGRAPHIES - Op\u00e9ration Moli\u00e8re - Captations - Adaptations - Films<\/title>\n<meta name=\"description\" content=\"Vous d\u00e9couvrirez des r\u00e9f\u00e9rences et des liens vers des captations, des adaptations cin\u00e9matographiques, des films sur ou autour de Moli\u00e8re.\" \/>\n<meta name=\"robots\" content=\"index, follow, max-snippet:-1, max-image-preview:large, max-video-preview:-1\" \/>\n<link rel=\"canonical\" href=\"https:\/\/operation-moliere.net\/index.php\/ressources\/filmographies\/\" \/>\n<meta property=\"og:locale\" content=\"fr_FR\" \/>\n<meta property=\"og:type\" content=\"article\" \/>\n<meta property=\"og:title\" content=\"FILMOGRAPHIES - Op\u00e9ration Moli\u00e8re - Captations - Adaptations - Films\" \/>\n<meta property=\"og:description\" content=\"Vous d\u00e9couvrirez des r\u00e9f\u00e9rences et des liens vers des captations, des adaptations cin\u00e9matographiques, des films sur ou autour de Moli\u00e8re.\" \/>\n<meta property=\"og:url\" content=\"https:\/\/operation-moliere.net\/index.php\/ressources\/filmographies\/\" \/>\n<meta property=\"og:site_name\" content=\"Op\u00e9ration Moli\u00e8re\" \/>\n<meta property=\"article:modified_time\" content=\"2025-09-22T12:38:31+00:00\" \/>\n<meta name=\"twitter:card\" content=\"summary_large_image\" \/>\n<meta name=\"twitter:label1\" content=\"Dur\u00e9e de lecture estim\u00e9e\" \/>\n\t<meta name=\"twitter:data1\" content=\"1 minute\" \/>\n<script type=\"application\/ld+json\" class=\"yoast-schema-graph\">{\"@context\":\"https:\\\/\\\/schema.org\",\"@graph\":[{\"@type\":\"WebPage\",\"@id\":\"https:\\\/\\\/operation-moliere.net\\\/index.php\\\/ressources\\\/filmographies\\\/\",\"url\":\"https:\\\/\\\/operation-moliere.net\\\/index.php\\\/ressources\\\/filmographies\\\/\",\"name\":\"FILMOGRAPHIES - Op\u00e9ration Moli\u00e8re - Captations - Adaptations - Films\",\"isPartOf\":{\"@id\":\"https:\\\/\\\/operation-moliere.net\\\/#website\"},\"datePublished\":\"2020-11-26T11:45:04+00:00\",\"dateModified\":\"2025-09-22T12:38:31+00:00\",\"description\":\"Vous d\u00e9couvrirez des r\u00e9f\u00e9rences et des liens vers des captations, des adaptations cin\u00e9matographiques, des films sur ou autour de Moli\u00e8re.\",\"breadcrumb\":{\"@id\":\"https:\\\/\\\/operation-moliere.net\\\/index.php\\\/ressources\\\/filmographies\\\/#breadcrumb\"},\"inLanguage\":\"fr-FR\",\"potentialAction\":[{\"@type\":\"ReadAction\",\"target\":[\"https:\\\/\\\/operation-moliere.net\\\/index.php\\\/ressources\\\/filmographies\\\/\"]}]},{\"@type\":\"BreadcrumbList\",\"@id\":\"https:\\\/\\\/operation-moliere.net\\\/index.php\\\/ressources\\\/filmographies\\\/#breadcrumb\",\"itemListElement\":[{\"@type\":\"ListItem\",\"position\":1,\"name\":\"Accueil\",\"item\":\"https:\\\/\\\/operation-moliere.net\\\/\"},{\"@type\":\"ListItem\",\"position\":2,\"name\":\"RESSOURCES\",\"item\":\"https:\\\/\\\/operation-moliere.net\\\/index.php\\\/ressources\\\/\"},{\"@type\":\"ListItem\",\"position\":3,\"name\":\"FILMOGRAPHIES\"}]},{\"@type\":\"WebSite\",\"@id\":\"https:\\\/\\\/operation-moliere.net\\\/#website\",\"url\":\"https:\\\/\\\/operation-moliere.net\\\/\",\"name\":\"Op\u00e9ration Moli\u00e8re\",\"description\":\"\",\"publisher\":{\"@id\":\"https:\\\/\\\/operation-moliere.net\\\/#organization\"},\"potentialAction\":[{\"@type\":\"SearchAction\",\"target\":{\"@type\":\"EntryPoint\",\"urlTemplate\":\"https:\\\/\\\/operation-moliere.net\\\/?s={search_term_string}\"},\"query-input\":{\"@type\":\"PropertyValueSpecification\",\"valueRequired\":true,\"valueName\":\"search_term_string\"}}],\"inLanguage\":\"fr-FR\"},{\"@type\":\"Organization\",\"@id\":\"https:\\\/\\\/operation-moliere.net\\\/#organization\",\"name\":\"Op\u00e9ration Moli\u00e8re\",\"url\":\"https:\\\/\\\/operation-moliere.net\\\/\",\"logo\":{\"@type\":\"ImageObject\",\"inLanguage\":\"fr-FR\",\"@id\":\"https:\\\/\\\/operation-moliere.net\\\/#\\\/schema\\\/logo\\\/image\\\/\",\"url\":\"https:\\\/\\\/i1.wp.com\\\/operati.cluster030.hosting.ovh.net\\\/wp-content\\\/uploads\\\/2020\\\/11\\\/logo_signature_min_remonte.jpg?fit=1750%2C1567\",\"contentUrl\":\"https:\\\/\\\/i1.wp.com\\\/operati.cluster030.hosting.ovh.net\\\/wp-content\\\/uploads\\\/2020\\\/11\\\/logo_signature_min_remonte.jpg?fit=1750%2C1567\",\"width\":1750,\"height\":1567,\"caption\":\"Op\u00e9ration Moli\u00e8re\"},\"image\":{\"@id\":\"https:\\\/\\\/operation-moliere.net\\\/#\\\/schema\\\/logo\\\/image\\\/\"}}]}<\/script>\n<!-- \/ Yoast SEO plugin. -->","yoast_head_json":{"title":"FILMOGRAPHIES - Op\u00e9ration Moli\u00e8re - Captations - Adaptations - Films","description":"Vous d\u00e9couvrirez des r\u00e9f\u00e9rences et des liens vers des captations, des adaptations cin\u00e9matographiques, des films sur ou autour de Moli\u00e8re.","robots":{"index":"index","follow":"follow","max-snippet":"max-snippet:-1","max-image-preview":"max-image-preview:large","max-video-preview":"max-video-preview:-1"},"canonical":"https:\/\/operation-moliere.net\/index.php\/ressources\/filmographies\/","og_locale":"fr_FR","og_type":"article","og_title":"FILMOGRAPHIES - Op\u00e9ration Moli\u00e8re - Captations - Adaptations - Films","og_description":"Vous d\u00e9couvrirez des r\u00e9f\u00e9rences et des liens vers des captations, des adaptations cin\u00e9matographiques, des films sur ou autour de Moli\u00e8re.","og_url":"https:\/\/operation-moliere.net\/index.php\/ressources\/filmographies\/","og_site_name":"Op\u00e9ration Moli\u00e8re","article_modified_time":"2025-09-22T12:38:31+00:00","twitter_card":"summary_large_image","twitter_misc":{"Dur\u00e9e de lecture estim\u00e9e":"1 minute"},"schema":{"@context":"https:\/\/schema.org","@graph":[{"@type":"WebPage","@id":"https:\/\/operation-moliere.net\/index.php\/ressources\/filmographies\/","url":"https:\/\/operation-moliere.net\/index.php\/ressources\/filmographies\/","name":"FILMOGRAPHIES - Op\u00e9ration Moli\u00e8re - Captations - Adaptations - Films","isPartOf":{"@id":"https:\/\/operation-moliere.net\/#website"},"datePublished":"2020-11-26T11:45:04+00:00","dateModified":"2025-09-22T12:38:31+00:00","description":"Vous d\u00e9couvrirez des r\u00e9f\u00e9rences et des liens vers des captations, des adaptations cin\u00e9matographiques, des films sur ou autour de Moli\u00e8re.","breadcrumb":{"@id":"https:\/\/operation-moliere.net\/index.php\/ressources\/filmographies\/#breadcrumb"},"inLanguage":"fr-FR","potentialAction":[{"@type":"ReadAction","target":["https:\/\/operation-moliere.net\/index.php\/ressources\/filmographies\/"]}]},{"@type":"BreadcrumbList","@id":"https:\/\/operation-moliere.net\/index.php\/ressources\/filmographies\/#breadcrumb","itemListElement":[{"@type":"ListItem","position":1,"name":"Accueil","item":"https:\/\/operation-moliere.net\/"},{"@type":"ListItem","position":2,"name":"RESSOURCES","item":"https:\/\/operation-moliere.net\/index.php\/ressources\/"},{"@type":"ListItem","position":3,"name":"FILMOGRAPHIES"}]},{"@type":"WebSite","@id":"https:\/\/operation-moliere.net\/#website","url":"https:\/\/operation-moliere.net\/","name":"Op\u00e9ration Moli\u00e8re","description":"","publisher":{"@id":"https:\/\/operation-moliere.net\/#organization"},"potentialAction":[{"@type":"SearchAction","target":{"@type":"EntryPoint","urlTemplate":"https:\/\/operation-moliere.net\/?s={search_term_string}"},"query-input":{"@type":"PropertyValueSpecification","valueRequired":true,"valueName":"search_term_string"}}],"inLanguage":"fr-FR"},{"@type":"Organization","@id":"https:\/\/operation-moliere.net\/#organization","name":"Op\u00e9ration Moli\u00e8re","url":"https:\/\/operation-moliere.net\/","logo":{"@type":"ImageObject","inLanguage":"fr-FR","@id":"https:\/\/operation-moliere.net\/#\/schema\/logo\/image\/","url":"https:\/\/i1.wp.com\/operati.cluster030.hosting.ovh.net\/wp-content\/uploads\/2020\/11\/logo_signature_min_remonte.jpg?fit=1750%2C1567","contentUrl":"https:\/\/i1.wp.com\/operati.cluster030.hosting.ovh.net\/wp-content\/uploads\/2020\/11\/logo_signature_min_remonte.jpg?fit=1750%2C1567","width":1750,"height":1567,"caption":"Op\u00e9ration Moli\u00e8re"},"image":{"@id":"https:\/\/operation-moliere.net\/#\/schema\/logo\/image\/"}}]}},"jetpack_sharing_enabled":true,"_links":{"self":[{"href":"https:\/\/operation-moliere.net\/index.php\/wp-json\/wp\/v2\/pages\/461","targetHints":{"allow":["GET"]}}],"collection":[{"href":"https:\/\/operation-moliere.net\/index.php\/wp-json\/wp\/v2\/pages"}],"about":[{"href":"https:\/\/operation-moliere.net\/index.php\/wp-json\/wp\/v2\/types\/page"}],"author":[{"embeddable":true,"href":"https:\/\/operation-moliere.net\/index.php\/wp-json\/wp\/v2\/users\/1"}],"replies":[{"embeddable":true,"href":"https:\/\/operation-moliere.net\/index.php\/wp-json\/wp\/v2\/comments?post=461"}],"version-history":[{"count":8,"href":"https:\/\/operation-moliere.net\/index.php\/wp-json\/wp\/v2\/pages\/461\/revisions"}],"predecessor-version":[{"id":3088,"href":"https:\/\/operation-moliere.net\/index.php\/wp-json\/wp\/v2\/pages\/461\/revisions\/3088"}],"up":[{"embeddable":true,"href":"https:\/\/operation-moliere.net\/index.php\/wp-json\/wp\/v2\/pages\/19"}],"wp:attachment":[{"href":"https:\/\/operation-moliere.net\/index.php\/wp-json\/wp\/v2\/media?parent=461"}],"curies":[{"name":"wp","href":"https:\/\/api.w.org\/{rel}","templated":true}]}}