{"id":458,"date":"2020-11-26T11:47:35","date_gmt":"2020-11-26T10:47:35","guid":{"rendered":"http:\/\/operati.cluster030.hosting.ovh.net\/?page_id=458"},"modified":"2021-01-18T11:03:24","modified_gmt":"2021-01-18T10:03:24","slug":"filmographie","status":"publish","type":"page","link":"https:\/\/operation-moliere.net\/index.php\/ressources\/filmographies\/filmographie\/","title":{"rendered":"Filmographie sur\/autour de Moli\u00e8re"},"content":{"rendered":"\n<div class=\"wp-block-themeisle-blocks-advanced-columns has-1-columns has-desktop-equal-layout has-tablet-equal-layout has-mobile-equal-layout has-default-gap has-vertical-unset\" id=\"wp-block-themeisle-blocks-advanced-columns-f2be6c66\"><div class=\"wp-block-themeisle-blocks-advanced-columns-overlay\"><\/div><div class=\"innerblocks-wrap\">\n<div class=\"wp-block-themeisle-blocks-advanced-column\" id=\"wp-block-themeisle-blocks-advanced-column-84bfed68\">\n<p class=\"has-text-color has-medium-font-size\" style=\"color:#851989\"><strong>La vie de Moli\u00e8re&nbsp;:<\/strong><\/p>\n\n\n\n<p><strong><em>Moli\u00e8re<\/em><\/strong>. 1978. R\u00e9alisation d\u2019Ariane Mnouchkine. France. (Sur la vie de Moli\u00e8re, des buts \u00e0 la gloire).<\/p>\n\n\n\n<p><strong><em>Le Roi danse. <\/em><\/strong>2000. R\u00e9alisation de G\u00e9rard Corbiau. France, Belgique. (Sur la collaboration tumultueuse Moli\u00e8re-Lully).<\/p>\n\n\n\n<p><strong><em>Moli\u00e8re. <\/em><\/strong>2007.&nbsp;R\u00e9alisation de Laurent Tirard. France. (Variation sur les ann\u00e9es en province et le retour \u00e0 Paris de Moli\u00e8re).<\/p>\n\n\n\n<p class=\"has-text-color has-medium-font-size\" style=\"color:#851989\"><strong>L&#8217;\u00e9poque de Moli\u00e8re&nbsp;:<\/strong><\/p>\n\n\n\n<p><strong><em>Cyrano de Bergerac.<\/em><\/strong>&nbsp;1990. R\u00e9alisation de Jean-Paul Rappeneau. France. (Reconstitution d\u2019une repr\u00e9sentation d\u2019une pastorale \u00e0 l\u2019H\u00f4tel de Bourgogne).<\/p>\n\n\n\n<p><strong><em>Vatel<\/em><\/strong>. 2000. R\u00e9alisation de Roland Joff\u00e9. France, Royaume-Uni, Belgique. (Reconstitution de f\u00eates dans l\u2019esprit de celles de Vaux-le-Vicomte en ao\u00fbt 1661).<\/p>\n\n\n\n<p class=\"has-medium-font-size\"><span style=\"color:#851989\" class=\"has-inline-color\"><strong>Variation autour de Moli\u00e8re : <\/strong><\/span><\/p>\n\n\n\n<p><strong><em>La mort de Moli\u00e8re<\/em><\/strong>. 1994. Moyen m\u00e9trage. R\u00e9alisation de Robert Wilson. France.<\/p>\n<\/div>\n<\/div><\/div>\n","protected":false},"excerpt":{"rendered":"","protected":false},"author":1,"featured_media":0,"parent":461,"menu_order":1,"comment_status":"closed","ping_status":"closed","template":"","meta":{"footnotes":""},"class_list":["post-458","page","type-page","status-publish","hentry"],"yoast_head":"<!-- This site is optimized with the Yoast SEO plugin v27.4 - https:\/\/yoast.com\/product\/yoast-seo-wordpress\/ -->\n<title>Filmographie sur\/autour de Moli\u00e8re - Op\u00e9ration Moli\u00e8re<\/title>\n<meta name=\"description\" content=\"Filmographie sur\/autour de Moli\u00e8re : vie, \u00e9poque et variations autour de Moli\u00e8re\" \/>\n<meta name=\"robots\" content=\"index, follow, max-snippet:-1, max-image-preview:large, max-video-preview:-1\" \/>\n<link rel=\"canonical\" href=\"https:\/\/operation-moliere.net\/index.php\/ressources\/filmographies\/filmographie\/\" \/>\n<meta property=\"og:locale\" content=\"fr_FR\" \/>\n<meta property=\"og:type\" content=\"article\" \/>\n<meta property=\"og:title\" content=\"Filmographie sur\/autour de Moli\u00e8re - Op\u00e9ration Moli\u00e8re\" \/>\n<meta property=\"og:description\" content=\"Filmographie sur\/autour de Moli\u00e8re : vie, \u00e9poque et variations autour de Moli\u00e8re\" \/>\n<meta property=\"og:url\" content=\"https:\/\/operation-moliere.net\/index.php\/ressources\/filmographies\/filmographie\/\" \/>\n<meta property=\"og:site_name\" content=\"Op\u00e9ration Moli\u00e8re\" \/>\n<meta property=\"article:modified_time\" content=\"2021-01-18T10:03:24+00:00\" \/>\n<meta name=\"twitter:card\" content=\"summary_large_image\" \/>\n<meta name=\"twitter:label1\" content=\"Dur\u00e9e de lecture estim\u00e9e\" \/>\n\t<meta name=\"twitter:data1\" content=\"1 minute\" \/>\n<script type=\"application\/ld+json\" class=\"yoast-schema-graph\">{\"@context\":\"https:\\\/\\\/schema.org\",\"@graph\":[{\"@type\":\"WebPage\",\"@id\":\"https:\\\/\\\/operation-moliere.net\\\/index.php\\\/ressources\\\/filmographies\\\/filmographie\\\/\",\"url\":\"https:\\\/\\\/operation-moliere.net\\\/index.php\\\/ressources\\\/filmographies\\\/filmographie\\\/\",\"name\":\"Filmographie sur\\\/autour de Moli\u00e8re - Op\u00e9ration Moli\u00e8re\",\"isPartOf\":{\"@id\":\"https:\\\/\\\/operation-moliere.net\\\/#website\"},\"datePublished\":\"2020-11-26T10:47:35+00:00\",\"dateModified\":\"2021-01-18T10:03:24+00:00\",\"description\":\"Filmographie sur\\\/autour de Moli\u00e8re : vie, \u00e9poque et variations autour de Moli\u00e8re\",\"breadcrumb\":{\"@id\":\"https:\\\/\\\/operation-moliere.net\\\/index.php\\\/ressources\\\/filmographies\\\/filmographie\\\/#breadcrumb\"},\"inLanguage\":\"fr-FR\",\"potentialAction\":[{\"@type\":\"ReadAction\",\"target\":[\"https:\\\/\\\/operation-moliere.net\\\/index.php\\\/ressources\\\/filmographies\\\/filmographie\\\/\"]}]},{\"@type\":\"BreadcrumbList\",\"@id\":\"https:\\\/\\\/operation-moliere.net\\\/index.php\\\/ressources\\\/filmographies\\\/filmographie\\\/#breadcrumb\",\"itemListElement\":[{\"@type\":\"ListItem\",\"position\":1,\"name\":\"Accueil\",\"item\":\"https:\\\/\\\/operation-moliere.net\\\/\"},{\"@type\":\"ListItem\",\"position\":2,\"name\":\"RESSOURCES\",\"item\":\"https:\\\/\\\/operation-moliere.net\\\/index.php\\\/ressources\\\/\"},{\"@type\":\"ListItem\",\"position\":3,\"name\":\"FILMOGRAPHIES\",\"item\":\"https:\\\/\\\/operation-moliere.net\\\/index.php\\\/ressources\\\/filmographies\\\/\"},{\"@type\":\"ListItem\",\"position\":4,\"name\":\"Filmographie sur\\\/autour de Moli\u00e8re\"}]},{\"@type\":\"WebSite\",\"@id\":\"https:\\\/\\\/operation-moliere.net\\\/#website\",\"url\":\"https:\\\/\\\/operation-moliere.net\\\/\",\"name\":\"Op\u00e9ration Moli\u00e8re\",\"description\":\"\",\"publisher\":{\"@id\":\"https:\\\/\\\/operation-moliere.net\\\/#organization\"},\"potentialAction\":[{\"@type\":\"SearchAction\",\"target\":{\"@type\":\"EntryPoint\",\"urlTemplate\":\"https:\\\/\\\/operation-moliere.net\\\/?s={search_term_string}\"},\"query-input\":{\"@type\":\"PropertyValueSpecification\",\"valueRequired\":true,\"valueName\":\"search_term_string\"}}],\"inLanguage\":\"fr-FR\"},{\"@type\":\"Organization\",\"@id\":\"https:\\\/\\\/operation-moliere.net\\\/#organization\",\"name\":\"Op\u00e9ration Moli\u00e8re\",\"url\":\"https:\\\/\\\/operation-moliere.net\\\/\",\"logo\":{\"@type\":\"ImageObject\",\"inLanguage\":\"fr-FR\",\"@id\":\"https:\\\/\\\/operation-moliere.net\\\/#\\\/schema\\\/logo\\\/image\\\/\",\"url\":\"https:\\\/\\\/i1.wp.com\\\/operati.cluster030.hosting.ovh.net\\\/wp-content\\\/uploads\\\/2020\\\/11\\\/logo_signature_min_remonte.jpg?fit=1750%2C1567\",\"contentUrl\":\"https:\\\/\\\/i1.wp.com\\\/operati.cluster030.hosting.ovh.net\\\/wp-content\\\/uploads\\\/2020\\\/11\\\/logo_signature_min_remonte.jpg?fit=1750%2C1567\",\"width\":1750,\"height\":1567,\"caption\":\"Op\u00e9ration Moli\u00e8re\"},\"image\":{\"@id\":\"https:\\\/\\\/operation-moliere.net\\\/#\\\/schema\\\/logo\\\/image\\\/\"}}]}<\/script>\n<!-- \/ Yoast SEO plugin. -->","yoast_head_json":{"title":"Filmographie sur\/autour de Moli\u00e8re - Op\u00e9ration Moli\u00e8re","description":"Filmographie sur\/autour de Moli\u00e8re : vie, \u00e9poque et variations autour de Moli\u00e8re","robots":{"index":"index","follow":"follow","max-snippet":"max-snippet:-1","max-image-preview":"max-image-preview:large","max-video-preview":"max-video-preview:-1"},"canonical":"https:\/\/operation-moliere.net\/index.php\/ressources\/filmographies\/filmographie\/","og_locale":"fr_FR","og_type":"article","og_title":"Filmographie sur\/autour de Moli\u00e8re - Op\u00e9ration Moli\u00e8re","og_description":"Filmographie sur\/autour de Moli\u00e8re : vie, \u00e9poque et variations autour de Moli\u00e8re","og_url":"https:\/\/operation-moliere.net\/index.php\/ressources\/filmographies\/filmographie\/","og_site_name":"Op\u00e9ration Moli\u00e8re","article_modified_time":"2021-01-18T10:03:24+00:00","twitter_card":"summary_large_image","twitter_misc":{"Dur\u00e9e de lecture estim\u00e9e":"1 minute"},"schema":{"@context":"https:\/\/schema.org","@graph":[{"@type":"WebPage","@id":"https:\/\/operation-moliere.net\/index.php\/ressources\/filmographies\/filmographie\/","url":"https:\/\/operation-moliere.net\/index.php\/ressources\/filmographies\/filmographie\/","name":"Filmographie sur\/autour de Moli\u00e8re - Op\u00e9ration Moli\u00e8re","isPartOf":{"@id":"https:\/\/operation-moliere.net\/#website"},"datePublished":"2020-11-26T10:47:35+00:00","dateModified":"2021-01-18T10:03:24+00:00","description":"Filmographie sur\/autour de Moli\u00e8re : vie, \u00e9poque et variations autour de Moli\u00e8re","breadcrumb":{"@id":"https:\/\/operation-moliere.net\/index.php\/ressources\/filmographies\/filmographie\/#breadcrumb"},"inLanguage":"fr-FR","potentialAction":[{"@type":"ReadAction","target":["https:\/\/operation-moliere.net\/index.php\/ressources\/filmographies\/filmographie\/"]}]},{"@type":"BreadcrumbList","@id":"https:\/\/operation-moliere.net\/index.php\/ressources\/filmographies\/filmographie\/#breadcrumb","itemListElement":[{"@type":"ListItem","position":1,"name":"Accueil","item":"https:\/\/operation-moliere.net\/"},{"@type":"ListItem","position":2,"name":"RESSOURCES","item":"https:\/\/operation-moliere.net\/index.php\/ressources\/"},{"@type":"ListItem","position":3,"name":"FILMOGRAPHIES","item":"https:\/\/operation-moliere.net\/index.php\/ressources\/filmographies\/"},{"@type":"ListItem","position":4,"name":"Filmographie sur\/autour de Moli\u00e8re"}]},{"@type":"WebSite","@id":"https:\/\/operation-moliere.net\/#website","url":"https:\/\/operation-moliere.net\/","name":"Op\u00e9ration Moli\u00e8re","description":"","publisher":{"@id":"https:\/\/operation-moliere.net\/#organization"},"potentialAction":[{"@type":"SearchAction","target":{"@type":"EntryPoint","urlTemplate":"https:\/\/operation-moliere.net\/?s={search_term_string}"},"query-input":{"@type":"PropertyValueSpecification","valueRequired":true,"valueName":"search_term_string"}}],"inLanguage":"fr-FR"},{"@type":"Organization","@id":"https:\/\/operation-moliere.net\/#organization","name":"Op\u00e9ration Moli\u00e8re","url":"https:\/\/operation-moliere.net\/","logo":{"@type":"ImageObject","inLanguage":"fr-FR","@id":"https:\/\/operation-moliere.net\/#\/schema\/logo\/image\/","url":"https:\/\/i1.wp.com\/operati.cluster030.hosting.ovh.net\/wp-content\/uploads\/2020\/11\/logo_signature_min_remonte.jpg?fit=1750%2C1567","contentUrl":"https:\/\/i1.wp.com\/operati.cluster030.hosting.ovh.net\/wp-content\/uploads\/2020\/11\/logo_signature_min_remonte.jpg?fit=1750%2C1567","width":1750,"height":1567,"caption":"Op\u00e9ration Moli\u00e8re"},"image":{"@id":"https:\/\/operation-moliere.net\/#\/schema\/logo\/image\/"}}]}},"jetpack_sharing_enabled":true,"_links":{"self":[{"href":"https:\/\/operation-moliere.net\/index.php\/wp-json\/wp\/v2\/pages\/458","targetHints":{"allow":["GET"]}}],"collection":[{"href":"https:\/\/operation-moliere.net\/index.php\/wp-json\/wp\/v2\/pages"}],"about":[{"href":"https:\/\/operation-moliere.net\/index.php\/wp-json\/wp\/v2\/types\/page"}],"author":[{"embeddable":true,"href":"https:\/\/operation-moliere.net\/index.php\/wp-json\/wp\/v2\/users\/1"}],"replies":[{"embeddable":true,"href":"https:\/\/operation-moliere.net\/index.php\/wp-json\/wp\/v2\/comments?post=458"}],"version-history":[{"count":6,"href":"https:\/\/operation-moliere.net\/index.php\/wp-json\/wp\/v2\/pages\/458\/revisions"}],"predecessor-version":[{"id":1586,"href":"https:\/\/operation-moliere.net\/index.php\/wp-json\/wp\/v2\/pages\/458\/revisions\/1586"}],"up":[{"embeddable":true,"href":"https:\/\/operation-moliere.net\/index.php\/wp-json\/wp\/v2\/pages\/461"}],"wp:attachment":[{"href":"https:\/\/operation-moliere.net\/index.php\/wp-json\/wp\/v2\/media?parent=458"}],"curies":[{"name":"wp","href":"https:\/\/api.w.org\/{rel}","templated":true}]}}