{"id":451,"date":"2020-11-25T17:27:11","date_gmt":"2020-11-25T16:27:11","guid":{"rendered":"http:\/\/operati.cluster030.hosting.ovh.net\/?page_id=451"},"modified":"2021-01-18T10:49:52","modified_gmt":"2021-01-18T09:49:52","slug":"bibliographie-selective","status":"publish","type":"page","link":"https:\/\/operation-moliere.net\/index.php\/ressources\/bibliographies\/bibliographie-selective\/","title":{"rendered":"Bibliographie s\u00e9lective"},"content":{"rendered":"\n<div class=\"wp-block-themeisle-blocks-advanced-columns has-1-columns has-desktop-equal-layout has-tablet-equal-layout has-mobile-equal-layout has-default-gap has-vertical-unset\" id=\"wp-block-themeisle-blocks-advanced-columns-1d8ac714\"><div class=\"wp-block-themeisle-blocks-advanced-columns-overlay\"><\/div><div class=\"innerblocks-wrap\">\n<div class=\"wp-block-themeisle-blocks-advanced-column\" id=\"wp-block-themeisle-blocks-advanced-column-4ec0993b\">\n<p>Bibliographie s\u00e9lective : <a href=\"https:\/\/operation-moliere.net\/wp-content\/uploads\/2020\/11\/Bibliographie_Moliere.pdf\" target=\"_blank\" rel=\"noreferrer noopener\"><strong>Version t\u00e9l\u00e9chargeable<\/strong><\/a><\/p>\n<\/div>\n<\/div><\/div>\n\n\n\n<p>ALBANESE Ralph Junior, \u00ab Lectures critiques de Moli\u00e8re au XIX<sup>e<\/sup> si\u00e8cle&nbsp;\u00bb, <em>Revue d\u2019histoire du th\u00e9\u00e2tre<\/em>, n\u00b04, octobre-d\u00e9cembre 1984, p.341-361.<\/p>\n\n\n\n<p>BEFFARA Louis-Fran\u00e7ois, <em>Dissertation sur Jean-Baptiste Poquelin Moli\u00e8re, sur ses anc\u00eatres, l\u2019\u00e9poque de sa naissance, qui avait \u00e9t\u00e9 inconnue jusqu\u2019\u00e0 pr\u00e9sent, son buste est une inscription portant une fausse date de naissance, ornant la fa\u00e7ade d\u2019un maison, rue de la Tonnellerie, o\u00f9 l\u2019on a cru qu\u2019il \u00e9tait n\u00e9, etc., <\/em>Paris, 1812.<\/p>\n\n\n\n<div class=\"wp-block-group\"><div class=\"wp-block-group__inner-container is-layout-flow wp-block-group-is-layout-flow\">\n<p>BOISSIER Denis, <em>L\u2019Affaire Moli\u00e8re<\/em>, Paris, Jean-Cyrille Godeffroy, 2004.&nbsp;&nbsp;&nbsp;&nbsp;&nbsp;&nbsp;&nbsp;&nbsp;&nbsp;&nbsp;&nbsp;&nbsp;&nbsp;&nbsp;&nbsp;&nbsp;&nbsp;&nbsp;&nbsp;&nbsp;&nbsp;&nbsp;&nbsp;&nbsp;&nbsp;&nbsp;&nbsp;&nbsp;&nbsp;&nbsp;&nbsp;&nbsp;&nbsp;&nbsp;&nbsp;&nbsp;&nbsp;&nbsp;&nbsp;&nbsp;&nbsp;&nbsp;&nbsp;&nbsp;&nbsp;<\/p>\n<\/div><\/div>\n\n\n\n<p> -, <em>Si deux et deux sont quatre, Moli\u00e8re n\u2019a pas \u00e9crit Dom Juan<\/em>\u2026, Paris, Max Milo, 2009.<\/p>\n\n\n\n<p>BORDONOVE Georges, <em>Moli\u00e8re, g\u00e9nial et familier<\/em>, Paris, Robert Laffont, 1967.<\/p>\n\n\n\n<p>BOURQUI Claude, <em>Les sources de Moli\u00e8re. R\u00e9pertoire critique des sources litt\u00e9raires et dramatiques<\/em>, Paris, Sedes, coll. \u00ab&nbsp;Questions de litt\u00e9rature&nbsp;\u00bb, 1999.<\/p>\n\n\n\n<p>BOURQUI Claude &amp; VINTI Claudio, <em>Moli\u00e8re \u00e0 l\u2019\u00e9cole italienne. Le lazzo dans la cr\u00e9ation moli\u00e9resque<\/em>, Paris, L\u2019Harmattan, 2003.<\/p>\n\n\n\n<p>BRAY Ren\u00e9, <em>Moli\u00e8re homme de th\u00e9\u00e2tre<\/em>, Paris, Mercure de France, 1954.<\/p>\n\n\n\n<p>CAILHAVA J.- F., <em>Etudes sur Moli\u00e8re<\/em>, Paris, Debray, 1802.<\/p>\n\n\n\n<p>CAIRNCROSS John, Moli\u00e8re bourgeois et libertin, Paris, Nizet, 1963.&nbsp;&nbsp;&nbsp;&nbsp;&nbsp;&nbsp;&nbsp;&nbsp;&nbsp;&nbsp;&nbsp;&nbsp;&nbsp;&nbsp;&nbsp;&nbsp;&nbsp;&nbsp;&nbsp;&nbsp;&nbsp;&nbsp;&nbsp;&nbsp;&nbsp;&nbsp;&nbsp;&nbsp;&nbsp;&nbsp;&nbsp;&nbsp;&nbsp;&nbsp;&nbsp;&nbsp;&nbsp;&nbsp;&nbsp;&nbsp;&nbsp;&nbsp;&nbsp;&nbsp;&nbsp;&nbsp;&nbsp;&nbsp;&nbsp;&nbsp;&nbsp;&nbsp;<\/p>\n\n\n\n<p> -, <em>l\u2019Humanit\u00e9 de Moli\u00e8re<\/em>, Paris, Nizet, 1988.<\/p>\n\n\n\n<p>CHEVALLEY Sylvie, <em>Moli\u00e8re en son temps<\/em>, Paris, Minkoff, 1973.<\/p>\n\n\n\n<p>COLLINET Jean-Pierre, <em>Lectures de Moli\u00e8re<\/em>, Armand Colin, 1974.<\/p>\n\n\n\n<p>Com\u00e9dies et pamphlets sur Moli\u00e8re, \u00e9dition critique par Georges Mongr\u00e9dien, Paris, Nizet, 1986 (contient en particulier, les <em>Observations sur une com\u00e9die de Moli\u00e8re intitul\u00e9e <\/em>Le festin de Pierre, <em>la Lettre sur la com\u00e9die de L\u2019Imposteur, L\u2019\u00c9lomire hypocondre<\/em>).<\/p>\n\n\n\n<p><strong>DANDREY Patrick, <em>Moli\u00e8re ou l\u2019esth\u00e9tique du ridicule<\/em>, Paris, Klincksieck, 2002.<\/strong><\/p>\n\n\n\n<p>DULAIT Suzanne, <em>Inventaire raisonn\u00e9 des autographes de Moli\u00e8re<\/em>, Gen\u00e8ve, Droz, 1967.<\/p>\n\n\n\n<p>DESCOTES Maurice, <em>Moli\u00e8re et sa fortune litt\u00e9raire<\/em>, Saint-M\u00e9dard-en-Jalles, Ducros, 1969.<\/p>\n\n\n\n<p>DONNEAU DE VISE Jean, \u00ab&nbsp;Abr\u00e9g\u00e9 de l\u2019abr\u00e9g\u00e9 de la vie de Moli\u00e8re&nbsp;\u00bb, <em>Nouvelles nouvelles<\/em>, 1663, \u00e9ditions Biblioth\u00e8que de La Pl\u00e9iade, t. I, Paris, Gallimard, 2010.<\/p>\n\n\n\n<p>DUCHENE Roger, <em>Moli\u00e8re<\/em>, Paris, Fayard, 1998.<\/p>\n\n\n\n<p>EDWARDS Michael, <em>Le rire de Moli\u00e8re<\/em>, Paris, \u00e9ditions de Fallois, 2012.<\/p>\n\n\n\n<p>FAGUET EMILE, <em>En lisant Moli\u00e8re<\/em>, Paris, Hachette, 1914.<\/p>\n\n\n\n<p>FERNANDEZ Ramon, <em>La vie de Moli\u00e8re<\/em>, Paris, Gallimard, 1929, r\u00e9\u00e9dition sous le <em>titre Moli\u00e8re ou l\u2019essence comique<\/em>, Paris, Grasset, 1979.<\/p>\n\n\n\n<p>FILIPI Florence, \u00ab Les vies de Moli\u00e8re (XVIII<sup>e<\/sup>-XIX<sup>e<\/sup> si\u00e8cles) :&nbsp; du parcours exemplaire \u00e0 l\u2019hagiographie <em>\u00bb, Ombres de Moli\u00e8re, Naissance d\u2019un mythe litt\u00e9raire \u00e0 travers ses avatars du XVII<sup>e<\/sup> si\u00e8cle \u00e0 nos jours<\/em>, sous la direction de Martial Poirson, Paris, Armand Colin, 2012.<\/p>\n\n\n\n<p><strong>FORESTIER Georges<\/strong><em>, Moli\u00e8re en toutes lettres<\/em>, Paris, Bordas, 1990.&nbsp;&nbsp;&nbsp;<\/p>\n\n\n\n<p> -, \u00ab Moli\u00e8re l&#8217;humoriste de la soci\u00e9t\u00e9 mondaine et de ses valeurs \u00bb, <em>\u0152uvres compl\u00e8tes<\/em> de Moli\u00e8re, Gallimard, coll. \u00ab Pl\u00e9iade&nbsp;\u00bb, Paris, 2010.&nbsp;&nbsp;&nbsp;&nbsp;&nbsp;&nbsp;&nbsp;&nbsp;&nbsp;&nbsp;&nbsp;&nbsp;&nbsp;&nbsp;&nbsp;&nbsp;&nbsp;&nbsp;&nbsp;&nbsp;&nbsp;&nbsp;&nbsp;&nbsp;&nbsp;&nbsp;&nbsp;&nbsp;&nbsp;&nbsp;&nbsp;&nbsp;&nbsp;&nbsp;&nbsp;&nbsp;&nbsp;&nbsp;&nbsp;&nbsp;&nbsp;&nbsp;&nbsp;&nbsp;&nbsp;&nbsp;&nbsp;&nbsp;&nbsp;&nbsp;&nbsp;&nbsp;&nbsp;&nbsp;&nbsp;&nbsp;&nbsp;&nbsp;&nbsp;&nbsp;&nbsp;&nbsp;&nbsp;&nbsp;&nbsp;&nbsp;&nbsp;&nbsp;&nbsp;&nbsp;&nbsp;&nbsp;&nbsp;&nbsp;&nbsp;&nbsp;&nbsp;&nbsp;&nbsp;&nbsp;&nbsp;&nbsp;&nbsp;&nbsp;&nbsp;&nbsp;&nbsp;&nbsp;                                        <\/p>\n\n\n\n<p> <strong>-, <em>Moli\u00e8re<\/em>, Gallimard, coll. \u00ab NRF biographies \u00bb, Paris, 2018.<\/strong><\/p>\n\n\n\n<p>FORESTlER Georges &amp; FORCE Pierre, <em>Moli\u00e8re ou le prix des choses<\/em>, Paris, Nathan, 1994.<\/p>\n\n\n\n<p>DE GRIMAREST Jean-L\u00e9onor, <em>la vie de M. de Moli\u00e8re<\/em>, Paris, Jacques Le Febvre, \u00e9dition publi\u00e9e par Aim\u00e9 Martin, 1824 (\u00e9dition originale, chez le m\u00eame \u00e9diteur, 1705).<\/p>\n\n\n\n<p>GUICHARNAUD Jacques, <em>Moli\u00e8re une aventure th\u00e9\u00e2trale<\/em>, Gallimard, coll.&nbsp;&nbsp;     \u00ab Biblioth\u00e8que des Id\u00e9es \u00bb,1963.<\/p>\n\n\n\n<p>GUARDIA (DE) Jean, Po\u00e9tique de Moli\u00e8re : <em>Com\u00e9die et r\u00e9p\u00e9tition<\/em>, Paris, Droz, 2007.<\/p>\n\n\n\n<p>JASINKI Ren\u00e9<em>, Moli\u00e8re et le Misanthrope<\/em>, Paris, Nizet,1951.&nbsp;&nbsp;&nbsp;&nbsp;<\/p>\n\n\n\n<p>&nbsp;-, <em>Moli\u00e8re<\/em>, Paris, Hatier, coll. \u00ab Connaissance des lettres \u00bb,1969.<\/p>\n\n\n\n<p>JURGENS Madeleine&amp; MAXFIELD-MILLER Elisabeth, <em>Cent ans de recherche sur Moli\u00e8re<\/em>, Paris, Imprimerie nationale, 1963.<\/p>\n\n\n\n<p>LACROIX Paul, <em>Bibliographie moli\u00e9resque<\/em>, Paris, Auguste Fontaine librairie, 1875.&nbsp;&nbsp;&nbsp;&nbsp;&nbsp;&nbsp;&nbsp;&nbsp;&nbsp;&nbsp;&nbsp;&nbsp;&nbsp;&nbsp;&nbsp;&nbsp;&nbsp;&nbsp;&nbsp;&nbsp;&nbsp;&nbsp;                                                                                    <\/p>\n\n\n\n<p> -, <em>Iconographie moli\u00e9resque<\/em>, Paris, Auguste Fontaine librairie,1876 (seconde \u00e9dition, premi\u00e8re \u00e9dition en 1872).<\/p>\n\n\n\n<p>LA GRANGE &amp; VIVOT, <em>Pr\u00e9face des \u0153uvres de M. de Moli\u00e8re, revues, corrig\u00e9es et augment\u00e9es par Vivot et C. Varlet, Sieur de la Grange<\/em>, Paris, D. Thierry, C. Bardin et P. Trabouillet, \u0152uvres compl\u00e8tes, \u00e9dition Biblioth\u00e8que de La Pl\u00e9iade, t. I, Paris, Gallimard, 2010.<\/p>\n\n\n\n<p>LARROUMET Gustave, <em>La com\u00e9die de Moli\u00e8re<\/em>, l\u2019acteur et le milieu, Paris, Hachette, 1910.<\/p>\n\n\n\n<p>LE BOULANGER DE CHALUSSAY Charles, <em>\u00c9lomire hypocondre<\/em>, Paris, \u00e9ditions Charles-Louis Livet, 1878.<\/p>\n\n\n\n<p>LEGALLOIS DE GRIMAREST Jean- L\u00e9onor, <em>Vie de Monsieur de Moli\u00e8re<\/em>, \u00e9dition critique par Georges Mongr\u00e9dien, Paris, M Brient, 1955 (premi\u00e8re \u00e9dition 1705).<\/p>\n\n\n\n<p>&nbsp;LOISELEUR Jules, <em>Les points obscurs de la vie de Moli\u00e8re : les ann\u00e9es d&#8217;\u00e9tudes, les ann\u00e9es de lutte et de vie nomade<\/em>, Paris,1. Lisieux, 1877.<\/p>\n\n\n\n<p>MICHAUT Gustave, <em>La Jeunesse de Moli\u00e8re<\/em>, Paris, Hachette, 1922 [Gen\u00e8ve, Slatkine Reprint, 1968].&nbsp; &nbsp;&nbsp;&nbsp;&nbsp;<\/p>\n\n\n\n<p> <em>-, Les D\u00e9buts de Moli\u00e8re \u00e0 Paris<\/em>, Paris, Hachette, 1923 [Gen\u00e8ve, Slatkine Reprint, 1968].&nbsp;&nbsp;&nbsp;&nbsp;&nbsp;&nbsp;<\/p>\n\n\n\n<p> -, <em>Les Luttes de Moli\u00e8re<\/em>, Paris, Hachette,1925 [Gen\u00e8ve, Slatkine Reprint, 1968].<\/p>\n\n\n\n<p>MOLAND Louis, <em>Moli\u00e8re&nbsp;: sa vie et ses ouvrages, le th\u00e9\u00e2tre et la troupe de Moli\u00e8re, \u00e9dition critique<\/em>, Paris, Garnier fr\u00e8res, 1864.<\/p>\n\n\n\n<p>NIDERST Alain, <em>Moli\u00e8re<\/em>, Paris, Perrin, 2004.<\/p>\n\n\n\n<p>POIRSON Martial, <em>Ombres de Moli\u00e8re, Naissance d\u2019un mythe litt\u00e9raire \u00e0 travers ses avatars du XVII<sup>e<\/sup> si\u00e8cle \u00e0 nos jours<\/em>, Armand Colin\/recherche, 2012.<\/p>\n\n\n\n<p>REY Fran\u00e7ois, <em>Moli\u00e8re<\/em>, Paris, La Pl\u00e9iade, coll. \u00ab Albums de la Pl\u00e9iade&nbsp;\u00bb, 2010.<\/p>\n\n\n\n<p>TASCHEREAU Jules-Antoine, <em>Histoire de la vie et des ouvrages de Moli\u00e8re<\/em>, Paris, Hetzel, 1844.<\/p>\n","protected":false},"excerpt":{"rendered":"<p>ALBANESE Ralph Junior, \u00ab Lectures critiques de Moli\u00e8re au XIXe si\u00e8cle&nbsp;\u00bb, Revue d\u2019histoire du th\u00e9\u00e2tre, n\u00b04, octobre-d\u00e9cembre 1984, p.341-361. BEFFARA Louis-Fran\u00e7ois, Dissertation sur Jean-Baptiste Poquelin Moli\u00e8re, sur ses anc\u00eatres, l\u2019\u00e9poque de sa naissance, qui avait \u00e9t\u00e9 inconnue jusqu\u2019\u00e0 pr\u00e9sent, son buste est une inscription portant une fausse date de naissance, [&hellip;]<\/p>\n","protected":false},"author":1,"featured_media":0,"parent":449,"menu_order":1,"comment_status":"closed","ping_status":"closed","template":"","meta":{"footnotes":""},"class_list":["post-451","page","type-page","status-publish","hentry"],"yoast_head":"<!-- This site is optimized with the Yoast SEO plugin v27.4 - https:\/\/yoast.com\/product\/yoast-seo-wordpress\/ -->\n<title>Bibliographie s\u00e9lective - Op\u00e9ration Moli\u00e8re<\/title>\n<meta name=\"description\" content=\"Bibliographie s\u00e9lective autour de Moli\u00e8re et son \u0153uvre\" \/>\n<meta name=\"robots\" content=\"index, follow, max-snippet:-1, max-image-preview:large, max-video-preview:-1\" \/>\n<link rel=\"canonical\" href=\"https:\/\/operation-moliere.net\/index.php\/ressources\/bibliographies\/bibliographie-selective\/\" \/>\n<meta property=\"og:locale\" content=\"fr_FR\" \/>\n<meta property=\"og:type\" content=\"article\" \/>\n<meta property=\"og:title\" content=\"Bibliographie s\u00e9lective - Op\u00e9ration Moli\u00e8re\" \/>\n<meta property=\"og:description\" content=\"Bibliographie s\u00e9lective autour de Moli\u00e8re et son \u0153uvre\" \/>\n<meta property=\"og:url\" content=\"https:\/\/operation-moliere.net\/index.php\/ressources\/bibliographies\/bibliographie-selective\/\" \/>\n<meta property=\"og:site_name\" content=\"Op\u00e9ration Moli\u00e8re\" \/>\n<meta property=\"article:modified_time\" content=\"2021-01-18T09:49:52+00:00\" \/>\n<meta name=\"twitter:card\" content=\"summary_large_image\" \/>\n<meta name=\"twitter:label1\" content=\"Dur\u00e9e de lecture estim\u00e9e\" \/>\n\t<meta name=\"twitter:data1\" content=\"4 minutes\" \/>\n<script type=\"application\/ld+json\" class=\"yoast-schema-graph\">{\"@context\":\"https:\\\/\\\/schema.org\",\"@graph\":[{\"@type\":\"WebPage\",\"@id\":\"https:\\\/\\\/operation-moliere.net\\\/index.php\\\/ressources\\\/bibliographies\\\/bibliographie-selective\\\/\",\"url\":\"https:\\\/\\\/operation-moliere.net\\\/index.php\\\/ressources\\\/bibliographies\\\/bibliographie-selective\\\/\",\"name\":\"Bibliographie s\u00e9lective - Op\u00e9ration Moli\u00e8re\",\"isPartOf\":{\"@id\":\"https:\\\/\\\/operation-moliere.net\\\/#website\"},\"datePublished\":\"2020-11-25T16:27:11+00:00\",\"dateModified\":\"2021-01-18T09:49:52+00:00\",\"description\":\"Bibliographie s\u00e9lective autour de Moli\u00e8re et son \u0153uvre\",\"breadcrumb\":{\"@id\":\"https:\\\/\\\/operation-moliere.net\\\/index.php\\\/ressources\\\/bibliographies\\\/bibliographie-selective\\\/#breadcrumb\"},\"inLanguage\":\"fr-FR\",\"potentialAction\":[{\"@type\":\"ReadAction\",\"target\":[\"https:\\\/\\\/operation-moliere.net\\\/index.php\\\/ressources\\\/bibliographies\\\/bibliographie-selective\\\/\"]}]},{\"@type\":\"BreadcrumbList\",\"@id\":\"https:\\\/\\\/operation-moliere.net\\\/index.php\\\/ressources\\\/bibliographies\\\/bibliographie-selective\\\/#breadcrumb\",\"itemListElement\":[{\"@type\":\"ListItem\",\"position\":1,\"name\":\"Accueil\",\"item\":\"https:\\\/\\\/operation-moliere.net\\\/\"},{\"@type\":\"ListItem\",\"position\":2,\"name\":\"RESSOURCES\",\"item\":\"https:\\\/\\\/operation-moliere.net\\\/index.php\\\/ressources\\\/\"},{\"@type\":\"ListItem\",\"position\":3,\"name\":\"BIBLIOGRAPHIES\",\"item\":\"https:\\\/\\\/operation-moliere.net\\\/index.php\\\/ressources\\\/bibliographies\\\/\"},{\"@type\":\"ListItem\",\"position\":4,\"name\":\"Bibliographie s\u00e9lective\"}]},{\"@type\":\"WebSite\",\"@id\":\"https:\\\/\\\/operation-moliere.net\\\/#website\",\"url\":\"https:\\\/\\\/operation-moliere.net\\\/\",\"name\":\"Op\u00e9ration Moli\u00e8re\",\"description\":\"\",\"publisher\":{\"@id\":\"https:\\\/\\\/operation-moliere.net\\\/#organization\"},\"potentialAction\":[{\"@type\":\"SearchAction\",\"target\":{\"@type\":\"EntryPoint\",\"urlTemplate\":\"https:\\\/\\\/operation-moliere.net\\\/?s={search_term_string}\"},\"query-input\":{\"@type\":\"PropertyValueSpecification\",\"valueRequired\":true,\"valueName\":\"search_term_string\"}}],\"inLanguage\":\"fr-FR\"},{\"@type\":\"Organization\",\"@id\":\"https:\\\/\\\/operation-moliere.net\\\/#organization\",\"name\":\"Op\u00e9ration Moli\u00e8re\",\"url\":\"https:\\\/\\\/operation-moliere.net\\\/\",\"logo\":{\"@type\":\"ImageObject\",\"inLanguage\":\"fr-FR\",\"@id\":\"https:\\\/\\\/operation-moliere.net\\\/#\\\/schema\\\/logo\\\/image\\\/\",\"url\":\"https:\\\/\\\/i1.wp.com\\\/operati.cluster030.hosting.ovh.net\\\/wp-content\\\/uploads\\\/2020\\\/11\\\/logo_signature_min_remonte.jpg?fit=1750%2C1567\",\"contentUrl\":\"https:\\\/\\\/i1.wp.com\\\/operati.cluster030.hosting.ovh.net\\\/wp-content\\\/uploads\\\/2020\\\/11\\\/logo_signature_min_remonte.jpg?fit=1750%2C1567\",\"width\":1750,\"height\":1567,\"caption\":\"Op\u00e9ration Moli\u00e8re\"},\"image\":{\"@id\":\"https:\\\/\\\/operation-moliere.net\\\/#\\\/schema\\\/logo\\\/image\\\/\"}}]}<\/script>\n<!-- \/ Yoast SEO plugin. -->","yoast_head_json":{"title":"Bibliographie s\u00e9lective - Op\u00e9ration Moli\u00e8re","description":"Bibliographie s\u00e9lective autour de Moli\u00e8re et son \u0153uvre","robots":{"index":"index","follow":"follow","max-snippet":"max-snippet:-1","max-image-preview":"max-image-preview:large","max-video-preview":"max-video-preview:-1"},"canonical":"https:\/\/operation-moliere.net\/index.php\/ressources\/bibliographies\/bibliographie-selective\/","og_locale":"fr_FR","og_type":"article","og_title":"Bibliographie s\u00e9lective - Op\u00e9ration Moli\u00e8re","og_description":"Bibliographie s\u00e9lective autour de Moli\u00e8re et son \u0153uvre","og_url":"https:\/\/operation-moliere.net\/index.php\/ressources\/bibliographies\/bibliographie-selective\/","og_site_name":"Op\u00e9ration Moli\u00e8re","article_modified_time":"2021-01-18T09:49:52+00:00","twitter_card":"summary_large_image","twitter_misc":{"Dur\u00e9e de lecture estim\u00e9e":"4 minutes"},"schema":{"@context":"https:\/\/schema.org","@graph":[{"@type":"WebPage","@id":"https:\/\/operation-moliere.net\/index.php\/ressources\/bibliographies\/bibliographie-selective\/","url":"https:\/\/operation-moliere.net\/index.php\/ressources\/bibliographies\/bibliographie-selective\/","name":"Bibliographie s\u00e9lective - Op\u00e9ration Moli\u00e8re","isPartOf":{"@id":"https:\/\/operation-moliere.net\/#website"},"datePublished":"2020-11-25T16:27:11+00:00","dateModified":"2021-01-18T09:49:52+00:00","description":"Bibliographie s\u00e9lective autour de Moli\u00e8re et son \u0153uvre","breadcrumb":{"@id":"https:\/\/operation-moliere.net\/index.php\/ressources\/bibliographies\/bibliographie-selective\/#breadcrumb"},"inLanguage":"fr-FR","potentialAction":[{"@type":"ReadAction","target":["https:\/\/operation-moliere.net\/index.php\/ressources\/bibliographies\/bibliographie-selective\/"]}]},{"@type":"BreadcrumbList","@id":"https:\/\/operation-moliere.net\/index.php\/ressources\/bibliographies\/bibliographie-selective\/#breadcrumb","itemListElement":[{"@type":"ListItem","position":1,"name":"Accueil","item":"https:\/\/operation-moliere.net\/"},{"@type":"ListItem","position":2,"name":"RESSOURCES","item":"https:\/\/operation-moliere.net\/index.php\/ressources\/"},{"@type":"ListItem","position":3,"name":"BIBLIOGRAPHIES","item":"https:\/\/operation-moliere.net\/index.php\/ressources\/bibliographies\/"},{"@type":"ListItem","position":4,"name":"Bibliographie s\u00e9lective"}]},{"@type":"WebSite","@id":"https:\/\/operation-moliere.net\/#website","url":"https:\/\/operation-moliere.net\/","name":"Op\u00e9ration Moli\u00e8re","description":"","publisher":{"@id":"https:\/\/operation-moliere.net\/#organization"},"potentialAction":[{"@type":"SearchAction","target":{"@type":"EntryPoint","urlTemplate":"https:\/\/operation-moliere.net\/?s={search_term_string}"},"query-input":{"@type":"PropertyValueSpecification","valueRequired":true,"valueName":"search_term_string"}}],"inLanguage":"fr-FR"},{"@type":"Organization","@id":"https:\/\/operation-moliere.net\/#organization","name":"Op\u00e9ration Moli\u00e8re","url":"https:\/\/operation-moliere.net\/","logo":{"@type":"ImageObject","inLanguage":"fr-FR","@id":"https:\/\/operation-moliere.net\/#\/schema\/logo\/image\/","url":"https:\/\/i1.wp.com\/operati.cluster030.hosting.ovh.net\/wp-content\/uploads\/2020\/11\/logo_signature_min_remonte.jpg?fit=1750%2C1567","contentUrl":"https:\/\/i1.wp.com\/operati.cluster030.hosting.ovh.net\/wp-content\/uploads\/2020\/11\/logo_signature_min_remonte.jpg?fit=1750%2C1567","width":1750,"height":1567,"caption":"Op\u00e9ration Moli\u00e8re"},"image":{"@id":"https:\/\/operation-moliere.net\/#\/schema\/logo\/image\/"}}]}},"jetpack_sharing_enabled":true,"_links":{"self":[{"href":"https:\/\/operation-moliere.net\/index.php\/wp-json\/wp\/v2\/pages\/451","targetHints":{"allow":["GET"]}}],"collection":[{"href":"https:\/\/operation-moliere.net\/index.php\/wp-json\/wp\/v2\/pages"}],"about":[{"href":"https:\/\/operation-moliere.net\/index.php\/wp-json\/wp\/v2\/types\/page"}],"author":[{"embeddable":true,"href":"https:\/\/operation-moliere.net\/index.php\/wp-json\/wp\/v2\/users\/1"}],"replies":[{"embeddable":true,"href":"https:\/\/operation-moliere.net\/index.php\/wp-json\/wp\/v2\/comments?post=451"}],"version-history":[{"count":6,"href":"https:\/\/operation-moliere.net\/index.php\/wp-json\/wp\/v2\/pages\/451\/revisions"}],"predecessor-version":[{"id":827,"href":"https:\/\/operation-moliere.net\/index.php\/wp-json\/wp\/v2\/pages\/451\/revisions\/827"}],"up":[{"embeddable":true,"href":"https:\/\/operation-moliere.net\/index.php\/wp-json\/wp\/v2\/pages\/449"}],"wp:attachment":[{"href":"https:\/\/operation-moliere.net\/index.php\/wp-json\/wp\/v2\/media?parent=451"}],"curies":[{"name":"wp","href":"https:\/\/api.w.org\/{rel}","templated":true}]}}