{"id":443,"date":"2020-11-25T16:56:30","date_gmt":"2020-11-25T15:56:30","guid":{"rendered":"http:\/\/operati.cluster030.hosting.ovh.net\/?page_id=443"},"modified":"2021-01-19T12:47:04","modified_gmt":"2021-01-19T11:47:04","slug":"formation-autour-de-lalexandrin","status":"publish","type":"page","link":"https:\/\/operation-moliere.net\/index.php\/les-formations\/formation-autour-de-lalexandrin\/","title":{"rendered":"Formation autour de l\u2019alexandrin"},"content":{"rendered":"\n<div class=\"wp-block-themeisle-blocks-advanced-columns has-1-columns has-desktop-equal-layout has-tablet-equal-layout has-mobile-equal-layout has-default-gap has-vertical-unset\" id=\"wp-block-themeisle-blocks-advanced-columns-24fd21b7\"><div class=\"wp-block-themeisle-blocks-advanced-columns-overlay\"><\/div><div class=\"innerblocks-wrap\">\n<div class=\"wp-block-themeisle-blocks-advanced-column\" id=\"wp-block-themeisle-blocks-advanced-column-e34370c1\">\n<p class=\"has-text-align-center\"><strong>Entre le 23 novembre et le 2 d\u00e9cembre 2020<\/strong><\/p>\n\n\n\n<p class=\"has-text-align-center\"><span style=\"color:#851989\" class=\"has-inline-color\">DEUX AXES DE TRAVAIL&nbsp;:<\/span><\/p>\n\n\n\n<p class=\"has-text-align-center\">LES LONGUES TIRADES DES \u00ab&nbsp;RAISONNEURS&nbsp;\u00bb ;<\/p>\n\n\n\n<p class=\"has-text-align-center\">LE VERS D\u00c9COUP\u00c9 DES STICHOMYTHIES.<\/p>\n\n\n\n<p>Plut\u00f4t que de s\u2019engager dans un travail classique de sc\u00e8nes \u00e0 deux, aux r\u00e9pliques \u00e9quitablement r\u00e9parties, il est propos\u00e9 de traverser les deux extr\u00eames de la sc\u00e8ne en alexandrins. D\u2019une part&nbsp;: le long \u00ab&nbsp;pav\u00e9&nbsp;\u00bb, l\u2019interminable \u00ab&nbsp;tunnel&nbsp;\u00bb, la tirade menac\u00e9e par l\u2019ennui, et d\u2019autre part, la sc\u00e8ne vive, en ping-pong, construite par stichomythies, ou le vers, r\u00e9parti parfois sur trois ou quatre r\u00e9pliques, semble compl\u00e8tement d\u00e9structur\u00e9, tout en gardant ses douze pieds.<\/p>\n<\/div>\n<\/div><\/div>\n\n\n\n<p class=\"has-text-align-right\"><strong>Pour consulter le contenu, c&#8217;est <a href=\"https:\/\/operation-moliere.net\/wp-content\/uploads\/2020\/11\/Atelier-alexandrin.pdf\" target=\"_blank\" rel=\"noreferrer noopener\"><span style=\"color:#851989\" class=\"has-inline-color\">l\u00e0<\/span><\/a><\/strong><\/p>\n","protected":false},"excerpt":{"rendered":"<p>Pour consulter le contenu, c&#8217;est l\u00e0<\/p>\n","protected":false},"author":1,"featured_media":0,"parent":416,"menu_order":2,"comment_status":"closed","ping_status":"closed","template":"","meta":{"footnotes":""},"class_list":["post-443","page","type-page","status-publish","hentry"],"yoast_head":"<!-- This site is optimized with the Yoast SEO plugin v27.3 - https:\/\/yoast.com\/product\/yoast-seo-wordpress\/ -->\n<title>Formation autour de l\u2019alexandrin - Op\u00e9ration Moli\u00e8re<\/title>\n<meta name=\"description\" content=\"Pr\u00e9sentation de la formation autour de l&#039;Alexandrin\" \/>\n<meta name=\"robots\" content=\"index, follow, max-snippet:-1, max-image-preview:large, max-video-preview:-1\" \/>\n<link rel=\"canonical\" href=\"https:\/\/operation-moliere.net\/index.php\/les-formations\/formation-autour-de-lalexandrin\/\" \/>\n<meta property=\"og:locale\" content=\"fr_FR\" \/>\n<meta property=\"og:type\" content=\"article\" \/>\n<meta property=\"og:title\" content=\"Formation autour de l\u2019alexandrin - Op\u00e9ration Moli\u00e8re\" \/>\n<meta property=\"og:description\" content=\"Pr\u00e9sentation de la formation autour de l&#039;Alexandrin\" \/>\n<meta property=\"og:url\" content=\"https:\/\/operation-moliere.net\/index.php\/les-formations\/formation-autour-de-lalexandrin\/\" \/>\n<meta property=\"og:site_name\" content=\"Op\u00e9ration Moli\u00e8re\" \/>\n<meta property=\"article:modified_time\" content=\"2021-01-19T11:47:04+00:00\" \/>\n<meta name=\"twitter:card\" content=\"summary_large_image\" \/>\n<meta name=\"twitter:label1\" content=\"Dur\u00e9e de lecture estim\u00e9e\" \/>\n\t<meta name=\"twitter:data1\" content=\"1 minute\" \/>\n<script type=\"application\/ld+json\" class=\"yoast-schema-graph\">{\"@context\":\"https:\\\/\\\/schema.org\",\"@graph\":[{\"@type\":\"WebPage\",\"@id\":\"https:\\\/\\\/operation-moliere.net\\\/index.php\\\/les-formations\\\/formation-autour-de-lalexandrin\\\/\",\"url\":\"https:\\\/\\\/operation-moliere.net\\\/index.php\\\/les-formations\\\/formation-autour-de-lalexandrin\\\/\",\"name\":\"Formation autour de l\u2019alexandrin - Op\u00e9ration Moli\u00e8re\",\"isPartOf\":{\"@id\":\"https:\\\/\\\/operation-moliere.net\\\/#website\"},\"datePublished\":\"2020-11-25T15:56:30+00:00\",\"dateModified\":\"2021-01-19T11:47:04+00:00\",\"description\":\"Pr\u00e9sentation de la formation autour de l'Alexandrin\",\"breadcrumb\":{\"@id\":\"https:\\\/\\\/operation-moliere.net\\\/index.php\\\/les-formations\\\/formation-autour-de-lalexandrin\\\/#breadcrumb\"},\"inLanguage\":\"fr-FR\",\"potentialAction\":[{\"@type\":\"ReadAction\",\"target\":[\"https:\\\/\\\/operation-moliere.net\\\/index.php\\\/les-formations\\\/formation-autour-de-lalexandrin\\\/\"]}]},{\"@type\":\"BreadcrumbList\",\"@id\":\"https:\\\/\\\/operation-moliere.net\\\/index.php\\\/les-formations\\\/formation-autour-de-lalexandrin\\\/#breadcrumb\",\"itemListElement\":[{\"@type\":\"ListItem\",\"position\":1,\"name\":\"Accueil\",\"item\":\"https:\\\/\\\/operation-moliere.net\\\/\"},{\"@type\":\"ListItem\",\"position\":2,\"name\":\"LES FORMATIONS\",\"item\":\"https:\\\/\\\/operation-moliere.net\\\/index.php\\\/les-formations\\\/\"},{\"@type\":\"ListItem\",\"position\":3,\"name\":\"Formation autour de l\u2019alexandrin\"}]},{\"@type\":\"WebSite\",\"@id\":\"https:\\\/\\\/operation-moliere.net\\\/#website\",\"url\":\"https:\\\/\\\/operation-moliere.net\\\/\",\"name\":\"Op\u00e9ration Moli\u00e8re\",\"description\":\"\",\"publisher\":{\"@id\":\"https:\\\/\\\/operation-moliere.net\\\/#organization\"},\"potentialAction\":[{\"@type\":\"SearchAction\",\"target\":{\"@type\":\"EntryPoint\",\"urlTemplate\":\"https:\\\/\\\/operation-moliere.net\\\/?s={search_term_string}\"},\"query-input\":{\"@type\":\"PropertyValueSpecification\",\"valueRequired\":true,\"valueName\":\"search_term_string\"}}],\"inLanguage\":\"fr-FR\"},{\"@type\":\"Organization\",\"@id\":\"https:\\\/\\\/operation-moliere.net\\\/#organization\",\"name\":\"Op\u00e9ration Moli\u00e8re\",\"url\":\"https:\\\/\\\/operation-moliere.net\\\/\",\"logo\":{\"@type\":\"ImageObject\",\"inLanguage\":\"fr-FR\",\"@id\":\"https:\\\/\\\/operation-moliere.net\\\/#\\\/schema\\\/logo\\\/image\\\/\",\"url\":\"https:\\\/\\\/i1.wp.com\\\/operati.cluster030.hosting.ovh.net\\\/wp-content\\\/uploads\\\/2020\\\/11\\\/logo_signature_min_remonte.jpg?fit=1750%2C1567\",\"contentUrl\":\"https:\\\/\\\/i1.wp.com\\\/operati.cluster030.hosting.ovh.net\\\/wp-content\\\/uploads\\\/2020\\\/11\\\/logo_signature_min_remonte.jpg?fit=1750%2C1567\",\"width\":1750,\"height\":1567,\"caption\":\"Op\u00e9ration Moli\u00e8re\"},\"image\":{\"@id\":\"https:\\\/\\\/operation-moliere.net\\\/#\\\/schema\\\/logo\\\/image\\\/\"}}]}<\/script>\n<!-- \/ Yoast SEO plugin. -->","yoast_head_json":{"title":"Formation autour de l\u2019alexandrin - Op\u00e9ration Moli\u00e8re","description":"Pr\u00e9sentation de la formation autour de l'Alexandrin","robots":{"index":"index","follow":"follow","max-snippet":"max-snippet:-1","max-image-preview":"max-image-preview:large","max-video-preview":"max-video-preview:-1"},"canonical":"https:\/\/operation-moliere.net\/index.php\/les-formations\/formation-autour-de-lalexandrin\/","og_locale":"fr_FR","og_type":"article","og_title":"Formation autour de l\u2019alexandrin - Op\u00e9ration Moli\u00e8re","og_description":"Pr\u00e9sentation de la formation autour de l'Alexandrin","og_url":"https:\/\/operation-moliere.net\/index.php\/les-formations\/formation-autour-de-lalexandrin\/","og_site_name":"Op\u00e9ration Moli\u00e8re","article_modified_time":"2021-01-19T11:47:04+00:00","twitter_card":"summary_large_image","twitter_misc":{"Dur\u00e9e de lecture estim\u00e9e":"1 minute"},"schema":{"@context":"https:\/\/schema.org","@graph":[{"@type":"WebPage","@id":"https:\/\/operation-moliere.net\/index.php\/les-formations\/formation-autour-de-lalexandrin\/","url":"https:\/\/operation-moliere.net\/index.php\/les-formations\/formation-autour-de-lalexandrin\/","name":"Formation autour de l\u2019alexandrin - Op\u00e9ration Moli\u00e8re","isPartOf":{"@id":"https:\/\/operation-moliere.net\/#website"},"datePublished":"2020-11-25T15:56:30+00:00","dateModified":"2021-01-19T11:47:04+00:00","description":"Pr\u00e9sentation de la formation autour de l'Alexandrin","breadcrumb":{"@id":"https:\/\/operation-moliere.net\/index.php\/les-formations\/formation-autour-de-lalexandrin\/#breadcrumb"},"inLanguage":"fr-FR","potentialAction":[{"@type":"ReadAction","target":["https:\/\/operation-moliere.net\/index.php\/les-formations\/formation-autour-de-lalexandrin\/"]}]},{"@type":"BreadcrumbList","@id":"https:\/\/operation-moliere.net\/index.php\/les-formations\/formation-autour-de-lalexandrin\/#breadcrumb","itemListElement":[{"@type":"ListItem","position":1,"name":"Accueil","item":"https:\/\/operation-moliere.net\/"},{"@type":"ListItem","position":2,"name":"LES FORMATIONS","item":"https:\/\/operation-moliere.net\/index.php\/les-formations\/"},{"@type":"ListItem","position":3,"name":"Formation autour de l\u2019alexandrin"}]},{"@type":"WebSite","@id":"https:\/\/operation-moliere.net\/#website","url":"https:\/\/operation-moliere.net\/","name":"Op\u00e9ration Moli\u00e8re","description":"","publisher":{"@id":"https:\/\/operation-moliere.net\/#organization"},"potentialAction":[{"@type":"SearchAction","target":{"@type":"EntryPoint","urlTemplate":"https:\/\/operation-moliere.net\/?s={search_term_string}"},"query-input":{"@type":"PropertyValueSpecification","valueRequired":true,"valueName":"search_term_string"}}],"inLanguage":"fr-FR"},{"@type":"Organization","@id":"https:\/\/operation-moliere.net\/#organization","name":"Op\u00e9ration Moli\u00e8re","url":"https:\/\/operation-moliere.net\/","logo":{"@type":"ImageObject","inLanguage":"fr-FR","@id":"https:\/\/operation-moliere.net\/#\/schema\/logo\/image\/","url":"https:\/\/i1.wp.com\/operati.cluster030.hosting.ovh.net\/wp-content\/uploads\/2020\/11\/logo_signature_min_remonte.jpg?fit=1750%2C1567","contentUrl":"https:\/\/i1.wp.com\/operati.cluster030.hosting.ovh.net\/wp-content\/uploads\/2020\/11\/logo_signature_min_remonte.jpg?fit=1750%2C1567","width":1750,"height":1567,"caption":"Op\u00e9ration Moli\u00e8re"},"image":{"@id":"https:\/\/operation-moliere.net\/#\/schema\/logo\/image\/"}}]}},"jetpack_sharing_enabled":true,"_links":{"self":[{"href":"https:\/\/operation-moliere.net\/index.php\/wp-json\/wp\/v2\/pages\/443","targetHints":{"allow":["GET"]}}],"collection":[{"href":"https:\/\/operation-moliere.net\/index.php\/wp-json\/wp\/v2\/pages"}],"about":[{"href":"https:\/\/operation-moliere.net\/index.php\/wp-json\/wp\/v2\/types\/page"}],"author":[{"embeddable":true,"href":"https:\/\/operation-moliere.net\/index.php\/wp-json\/wp\/v2\/users\/1"}],"replies":[{"embeddable":true,"href":"https:\/\/operation-moliere.net\/index.php\/wp-json\/wp\/v2\/comments?post=443"}],"version-history":[{"count":5,"href":"https:\/\/operation-moliere.net\/index.php\/wp-json\/wp\/v2\/pages\/443\/revisions"}],"predecessor-version":[{"id":790,"href":"https:\/\/operation-moliere.net\/index.php\/wp-json\/wp\/v2\/pages\/443\/revisions\/790"}],"up":[{"embeddable":true,"href":"https:\/\/operation-moliere.net\/index.php\/wp-json\/wp\/v2\/pages\/416"}],"wp:attachment":[{"href":"https:\/\/operation-moliere.net\/index.php\/wp-json\/wp\/v2\/media?parent=443"}],"curies":[{"name":"wp","href":"https:\/\/api.w.org\/{rel}","templated":true}]}}