{"id":43,"date":"2020-11-05T15:12:56","date_gmt":"2020-11-05T14:12:56","guid":{"rendered":"http:\/\/operati.cluster030.hosting.ovh.net\/?page_id=43"},"modified":"2023-05-05T16:23:17","modified_gmt":"2023-05-05T14:23:17","slug":"defi-moliere","status":"publish","type":"page","link":"https:\/\/operation-moliere.net\/index.php\/defi-moliere\/","title":{"rendered":"LE D\u00c9FI MOLI\u00c8RE"},"content":{"rendered":"\n<h2 class=\"wp-block-heading\" id=\"liberons-moliere-2\"><mark style=\"background-color:rgba(0, 0, 0, 0);color:#851989\" class=\"has-inline-color\"><strong><em>LIB\u00c9RONS MOLI\u00c8RE\u00a0! (le d\u00e9fi)<\/em><\/strong><\/mark><em> <\/em><\/h2>\n\n\n\n<p><\/p>\n\n\n\n<h3 class=\"wp-block-heading\" id=\"poquelin-un-ami-qui-nous-veut-du-bien\"><mark style=\"background-color:rgba(0, 0, 0, 0);color:#851989\" class=\"has-inline-color\"><\/mark><\/h3>\n\n\n\n<h2 class=\"wp-block-heading\" id=\"et-l-amour-pour-renfort-de-potage\"><strong>Poquelin, un ami qui nous veut du bien<\/strong><\/h2>\n\n\n\n<p class=\"has-text-align-right has-medium-font-size\"><\/p>\n\n\n\n<p><strong><strong><strong><mark style=\"background-color:rgba(0, 0, 0, 0);color:#851989\" class=\"has-inline-color\"><strong><em>Pr\u00e9sentation du d\u00e9fi : <\/em><\/strong><\/mark><\/strong><\/strong><\/strong><\/p>\n\n\n\n<p>Le d\u00e9fi Moli\u00e8re s\u2019adresse avant tout \u00e0 la jeunesse, c\u2019est pourquoi il est ouvert \u00e0 tous les candidats de 6 \u00e0 90 ans. Mais les autres \u00e2ges sont les bienvenus aussi&nbsp;!&nbsp;<\/p>\n\n\n\n<p>Il vise \u00e0 ressembler nos m\u00e9moires et attentions autour de la figure de Moli\u00e8re afin qu\u2019un hommage collectif et collaboratif lui soit rendu. Faisant appel \u00e0 la fantaisie, \u00e0 la th\u00e9\u00e2tralit\u00e9, nous invitons les participants \u00e0 nous envoyer une production cr\u00e9ative qui sera examin\u00e9e par un jury \u00e9videmment qualifi\u00e9, ayant bien connu Moli\u00e8re !&nbsp;<\/p>\n\n\n\n<p>Les cat\u00e9gories d\u2019\u00e2ge sont indicatives&nbsp;: n\u2019h\u00e9sitez pas si vous le souhaitez \u00e0 aller braconner sur les terres des autres, ou \u00e0 cr\u00e9er un tandem transg\u00e9n\u00e9rationnel\u2026<\/p>\n\n\n\n<p>Le palmar\u00e8s sera d\u00e9voil\u00e9 \u00e0 l\u2019issue d\u2019une grande c\u00e9r\u00e9monie dont la date sera r\u00e9v\u00e9l\u00e9e plus tard\u2026<\/p>\n\n\n\n<p><strong><strong><mark style=\"background-color:rgba(0, 0, 0, 0);color:#851989\" class=\"has-inline-color\"><strong><em>Modalit\u00e9s d&#8217;inscription<\/em><\/strong><\/mark><\/strong> :\u00a0<\/strong>formulaire d\u2019inscription<\/p>\n\n\n\n<p>&#8211; Pour chacun des th\u00e8mes du d\u00e9fi, il est possible de participer seul ou en groupe. De ce fait, les inscriptions sont individuelles ou collectives.<\/p>\n\n\n\n<p>&#8211; Lorsque le candidat est scolaris\u00e9,&nbsp;l\u2019inscription se fait par l\u2019interm\u00e9diaire d\u2019un enseignant ou r\u00e9f\u00e9rent (groupe ou classe), soit par l\u2019un des parents ou adulte r\u00e9f\u00e9rent (individuel)<\/p>\n\n\n\n<p><strong><mark style=\"background-color:rgba(0, 0, 0, 0);color:#851989\" class=\"has-inline-color\"><strong><em>Cinq cat\u00e9gories sont ouvertes<\/em><\/strong><\/mark>\u00a0<\/strong>:\u00a0<\/p>\n\n\n\n<ul class=\"wp-block-list\">\n<li><strong>Cat\u00e9gorie 18-90 ans et plus&nbsp;<\/strong><\/li>\n<\/ul>\n\n\n\n<ul class=\"wp-block-list\">\n<li><strong>Cat\u00e9gorie 15-18 ans&nbsp;<\/strong><\/li>\n<\/ul>\n\n\n\n<ul class=\"wp-block-list\">\n<li><strong>Cat\u00e9gorie 11-15 ans&nbsp;<\/strong><\/li>\n<\/ul>\n\n\n\n<ul class=\"wp-block-list\">\n<li><strong>Cat\u00e9gorie 6 ans (ou moins) \u2013 11 ans&nbsp;<\/strong><\/li>\n<\/ul>\n\n\n\n<ul class=\"wp-block-list\">\n<li><strong>Cat\u00e9gorie interg\u00e9n\u00e9rationnelle&nbsp;<\/strong><\/li>\n<\/ul>\n\n\n\n<p><\/p>\n\n\n\n<p><\/p>\n\n\n\n<p>Pour plus d&#8217;informations sur la troisi\u00e8me \u00e9dition, rendez-vous sur <a href=\"https:\/\/operation-moliere.net\/index.php\/defi-moliere\/edition-2022-2023\/\">la page du d\u00e9fi !<\/a><\/p>\n","protected":false},"excerpt":{"rendered":"<p>LIB\u00c9RONS MOLI\u00c8RE\u00a0! (le d\u00e9fi) Poquelin, un ami qui nous veut du bien Pr\u00e9sentation du d\u00e9fi : Le d\u00e9fi Moli\u00e8re s\u2019adresse avant tout \u00e0 la jeunesse, c\u2019est pourquoi il est ouvert \u00e0 tous les candidats de 6 \u00e0 90 ans. Mais les autres \u00e2ges sont les bienvenus aussi&nbsp;!&nbsp; Il vise \u00e0 [&hellip;]<\/p>\n","protected":false},"author":1,"featured_media":0,"parent":0,"menu_order":4,"comment_status":"closed","ping_status":"closed","template":"","meta":{"footnotes":""},"class_list":["post-43","page","type-page","status-publish","hentry"],"yoast_head":"<!-- This site is optimized with the Yoast SEO plugin v27.3 - https:\/\/yoast.com\/product\/yoast-seo-wordpress\/ -->\n<title>LE D\u00c9FI MOLI\u00c8RE - Op\u00e9ration Moli\u00e8re<\/title>\n<meta name=\"description\" content=\"LIB\u00c9RONS MOLI\u00c8RE ! Poquelin, un ami qui nous veut du bien : le d\u00e9fi Moli\u00e8re s\u2019adresse \u00e0 tous...\" \/>\n<meta name=\"robots\" content=\"index, follow, max-snippet:-1, max-image-preview:large, max-video-preview:-1\" \/>\n<link rel=\"canonical\" href=\"https:\/\/operation-moliere.net\/index.php\/defi-moliere\/\" \/>\n<meta property=\"og:locale\" content=\"fr_FR\" \/>\n<meta property=\"og:type\" content=\"article\" \/>\n<meta property=\"og:title\" content=\"LE D\u00c9FI MOLI\u00c8RE - Op\u00e9ration Moli\u00e8re\" \/>\n<meta property=\"og:description\" content=\"LIB\u00c9RONS MOLI\u00c8RE ! Poquelin, un ami qui nous veut du bien : le d\u00e9fi Moli\u00e8re s\u2019adresse \u00e0 tous...\" \/>\n<meta property=\"og:url\" content=\"https:\/\/operation-moliere.net\/index.php\/defi-moliere\/\" \/>\n<meta property=\"og:site_name\" content=\"Op\u00e9ration Moli\u00e8re\" \/>\n<meta property=\"article:modified_time\" content=\"2023-05-05T14:23:17+00:00\" \/>\n<meta name=\"twitter:card\" content=\"summary_large_image\" \/>\n<meta name=\"twitter:label1\" content=\"Dur\u00e9e de lecture estim\u00e9e\" \/>\n\t<meta name=\"twitter:data1\" content=\"2 minutes\" \/>\n<script type=\"application\/ld+json\" class=\"yoast-schema-graph\">{\"@context\":\"https:\\\/\\\/schema.org\",\"@graph\":[{\"@type\":\"WebPage\",\"@id\":\"https:\\\/\\\/operation-moliere.net\\\/index.php\\\/defi-moliere\\\/\",\"url\":\"https:\\\/\\\/operation-moliere.net\\\/index.php\\\/defi-moliere\\\/\",\"name\":\"LE D\u00c9FI MOLI\u00c8RE - Op\u00e9ration Moli\u00e8re\",\"isPartOf\":{\"@id\":\"https:\\\/\\\/operation-moliere.net\\\/#website\"},\"datePublished\":\"2020-11-05T14:12:56+00:00\",\"dateModified\":\"2023-05-05T14:23:17+00:00\",\"description\":\"LIB\u00c9RONS MOLI\u00c8RE ! Poquelin, un ami qui nous veut du bien : le d\u00e9fi Moli\u00e8re s\u2019adresse \u00e0 tous...\",\"breadcrumb\":{\"@id\":\"https:\\\/\\\/operation-moliere.net\\\/index.php\\\/defi-moliere\\\/#breadcrumb\"},\"inLanguage\":\"fr-FR\",\"potentialAction\":[{\"@type\":\"ReadAction\",\"target\":[\"https:\\\/\\\/operation-moliere.net\\\/index.php\\\/defi-moliere\\\/\"]}]},{\"@type\":\"BreadcrumbList\",\"@id\":\"https:\\\/\\\/operation-moliere.net\\\/index.php\\\/defi-moliere\\\/#breadcrumb\",\"itemListElement\":[{\"@type\":\"ListItem\",\"position\":1,\"name\":\"Accueil\",\"item\":\"https:\\\/\\\/operation-moliere.net\\\/\"},{\"@type\":\"ListItem\",\"position\":2,\"name\":\"LE D\u00c9FI MOLI\u00c8RE\"}]},{\"@type\":\"WebSite\",\"@id\":\"https:\\\/\\\/operation-moliere.net\\\/#website\",\"url\":\"https:\\\/\\\/operation-moliere.net\\\/\",\"name\":\"Op\u00e9ration Moli\u00e8re\",\"description\":\"\",\"publisher\":{\"@id\":\"https:\\\/\\\/operation-moliere.net\\\/#organization\"},\"potentialAction\":[{\"@type\":\"SearchAction\",\"target\":{\"@type\":\"EntryPoint\",\"urlTemplate\":\"https:\\\/\\\/operation-moliere.net\\\/?s={search_term_string}\"},\"query-input\":{\"@type\":\"PropertyValueSpecification\",\"valueRequired\":true,\"valueName\":\"search_term_string\"}}],\"inLanguage\":\"fr-FR\"},{\"@type\":\"Organization\",\"@id\":\"https:\\\/\\\/operation-moliere.net\\\/#organization\",\"name\":\"Op\u00e9ration Moli\u00e8re\",\"url\":\"https:\\\/\\\/operation-moliere.net\\\/\",\"logo\":{\"@type\":\"ImageObject\",\"inLanguage\":\"fr-FR\",\"@id\":\"https:\\\/\\\/operation-moliere.net\\\/#\\\/schema\\\/logo\\\/image\\\/\",\"url\":\"https:\\\/\\\/i1.wp.com\\\/operati.cluster030.hosting.ovh.net\\\/wp-content\\\/uploads\\\/2020\\\/11\\\/logo_signature_min_remonte.jpg?fit=1750%2C1567\",\"contentUrl\":\"https:\\\/\\\/i1.wp.com\\\/operati.cluster030.hosting.ovh.net\\\/wp-content\\\/uploads\\\/2020\\\/11\\\/logo_signature_min_remonte.jpg?fit=1750%2C1567\",\"width\":1750,\"height\":1567,\"caption\":\"Op\u00e9ration Moli\u00e8re\"},\"image\":{\"@id\":\"https:\\\/\\\/operation-moliere.net\\\/#\\\/schema\\\/logo\\\/image\\\/\"}}]}<\/script>\n<!-- \/ Yoast SEO plugin. -->","yoast_head_json":{"title":"LE D\u00c9FI MOLI\u00c8RE - Op\u00e9ration Moli\u00e8re","description":"LIB\u00c9RONS MOLI\u00c8RE ! Poquelin, un ami qui nous veut du bien : le d\u00e9fi Moli\u00e8re s\u2019adresse \u00e0 tous...","robots":{"index":"index","follow":"follow","max-snippet":"max-snippet:-1","max-image-preview":"max-image-preview:large","max-video-preview":"max-video-preview:-1"},"canonical":"https:\/\/operation-moliere.net\/index.php\/defi-moliere\/","og_locale":"fr_FR","og_type":"article","og_title":"LE D\u00c9FI MOLI\u00c8RE - Op\u00e9ration Moli\u00e8re","og_description":"LIB\u00c9RONS MOLI\u00c8RE ! Poquelin, un ami qui nous veut du bien : le d\u00e9fi Moli\u00e8re s\u2019adresse \u00e0 tous...","og_url":"https:\/\/operation-moliere.net\/index.php\/defi-moliere\/","og_site_name":"Op\u00e9ration Moli\u00e8re","article_modified_time":"2023-05-05T14:23:17+00:00","twitter_card":"summary_large_image","twitter_misc":{"Dur\u00e9e de lecture estim\u00e9e":"2 minutes"},"schema":{"@context":"https:\/\/schema.org","@graph":[{"@type":"WebPage","@id":"https:\/\/operation-moliere.net\/index.php\/defi-moliere\/","url":"https:\/\/operation-moliere.net\/index.php\/defi-moliere\/","name":"LE D\u00c9FI MOLI\u00c8RE - Op\u00e9ration Moli\u00e8re","isPartOf":{"@id":"https:\/\/operation-moliere.net\/#website"},"datePublished":"2020-11-05T14:12:56+00:00","dateModified":"2023-05-05T14:23:17+00:00","description":"LIB\u00c9RONS MOLI\u00c8RE ! Poquelin, un ami qui nous veut du bien : le d\u00e9fi Moli\u00e8re s\u2019adresse \u00e0 tous...","breadcrumb":{"@id":"https:\/\/operation-moliere.net\/index.php\/defi-moliere\/#breadcrumb"},"inLanguage":"fr-FR","potentialAction":[{"@type":"ReadAction","target":["https:\/\/operation-moliere.net\/index.php\/defi-moliere\/"]}]},{"@type":"BreadcrumbList","@id":"https:\/\/operation-moliere.net\/index.php\/defi-moliere\/#breadcrumb","itemListElement":[{"@type":"ListItem","position":1,"name":"Accueil","item":"https:\/\/operation-moliere.net\/"},{"@type":"ListItem","position":2,"name":"LE D\u00c9FI MOLI\u00c8RE"}]},{"@type":"WebSite","@id":"https:\/\/operation-moliere.net\/#website","url":"https:\/\/operation-moliere.net\/","name":"Op\u00e9ration Moli\u00e8re","description":"","publisher":{"@id":"https:\/\/operation-moliere.net\/#organization"},"potentialAction":[{"@type":"SearchAction","target":{"@type":"EntryPoint","urlTemplate":"https:\/\/operation-moliere.net\/?s={search_term_string}"},"query-input":{"@type":"PropertyValueSpecification","valueRequired":true,"valueName":"search_term_string"}}],"inLanguage":"fr-FR"},{"@type":"Organization","@id":"https:\/\/operation-moliere.net\/#organization","name":"Op\u00e9ration Moli\u00e8re","url":"https:\/\/operation-moliere.net\/","logo":{"@type":"ImageObject","inLanguage":"fr-FR","@id":"https:\/\/operation-moliere.net\/#\/schema\/logo\/image\/","url":"https:\/\/i1.wp.com\/operati.cluster030.hosting.ovh.net\/wp-content\/uploads\/2020\/11\/logo_signature_min_remonte.jpg?fit=1750%2C1567","contentUrl":"https:\/\/i1.wp.com\/operati.cluster030.hosting.ovh.net\/wp-content\/uploads\/2020\/11\/logo_signature_min_remonte.jpg?fit=1750%2C1567","width":1750,"height":1567,"caption":"Op\u00e9ration Moli\u00e8re"},"image":{"@id":"https:\/\/operation-moliere.net\/#\/schema\/logo\/image\/"}}]}},"jetpack_sharing_enabled":true,"_links":{"self":[{"href":"https:\/\/operation-moliere.net\/index.php\/wp-json\/wp\/v2\/pages\/43","targetHints":{"allow":["GET"]}}],"collection":[{"href":"https:\/\/operation-moliere.net\/index.php\/wp-json\/wp\/v2\/pages"}],"about":[{"href":"https:\/\/operation-moliere.net\/index.php\/wp-json\/wp\/v2\/types\/page"}],"author":[{"embeddable":true,"href":"https:\/\/operation-moliere.net\/index.php\/wp-json\/wp\/v2\/users\/1"}],"replies":[{"embeddable":true,"href":"https:\/\/operation-moliere.net\/index.php\/wp-json\/wp\/v2\/comments?post=43"}],"version-history":[{"count":46,"href":"https:\/\/operation-moliere.net\/index.php\/wp-json\/wp\/v2\/pages\/43\/revisions"}],"predecessor-version":[{"id":2922,"href":"https:\/\/operation-moliere.net\/index.php\/wp-json\/wp\/v2\/pages\/43\/revisions\/2922"}],"wp:attachment":[{"href":"https:\/\/operation-moliere.net\/index.php\/wp-json\/wp\/v2\/media?parent=43"}],"curies":[{"name":"wp","href":"https:\/\/api.w.org\/{rel}","templated":true}]}}