{"id":413,"date":"2020-11-25T11:49:09","date_gmt":"2020-11-25T10:49:09","guid":{"rendered":"http:\/\/operati.cluster030.hosting.ovh.net\/?page_id=413"},"modified":"2025-09-22T15:08:15","modified_gmt":"2025-09-22T13:08:15","slug":"juridique-et-pratique","status":"publish","type":"page","link":"https:\/\/operation-moliere.net\/index.php\/informations-pratiques\/juridique-et-pratique\/","title":{"rendered":"JURIDIQUE ET PRATIQUE"},"content":{"rendered":"\r\n<p><strong><a href=\"https:\/\/docs.google.com\/forms\/d\/e\/1FAIpQLSc2_XjPdnDMyDOVBHt7NSSznjJgpfWFzCNjnlne5MFMzlRi_A\/viewform\" target=\"_blank\" rel=\"noreferrer noopener\">FORMULAIRE D&#8217;INSCRIPTION AU D\u00c9FI EN LIGNE<\/a> <\/strong>(\u00e0 privil\u00e9gier)<\/p>\r\n\r\n\r\n\r\n<p><strong>OU<\/strong><\/p>\r\n\r\n\r\n\r\n<p class=\"has-header-gradient-color has-text-color\"><a href=\"https:\/\/res.cloudinary.com\/anrat\/image\/upload\/v1667828240\/fiche-dinscription-de%CC%81fi-22-3_abuiji.pdf\" target=\"_blank\" rel=\"noreferrer noopener\"><strong><mark style=\"background-color: rgba(0, 0, 0, 0); color: #851989;\" class=\"has-inline-color\">FORMULAIRE D&#8217;INSCRIPTION AU D\u00c9FI<\/mark><\/strong> <strong>\u00c0 T\u00c9L\u00c9CHARGER<\/strong><\/a><\/p>\r\n\r\n\r\n\r\n<div style=\"height: 33px;\" aria-hidden=\"true\" class=\"wp-block-spacer\"><\/div>\r\n\r\n\r\n\r\n<p class=\"has-text-align-center\"><strong><span style=\"color: #851989;\" class=\"has-inline-color\">AUTORISATIONS DE DROIT \u00c0 L&#8217;IMAGE ET AUX PROPOS<\/span><\/strong><\/p>\r\n\r\n\r\n\r\n<div class=\"wp-block-themeisle-blocks-advanced-columns has-1-columns has-desktop-equal-layout has-tablet-equal-layout has-mobile-equal-layout has-default-gap has-vertical-unset\" id=\"wp-block-themeisle-blocks-advanced-columns-91b6fb8e\">\r\n<div class=\"wp-block-themeisle-blocks-advanced-columns-overlay\"><\/div>\r\n<div class=\"innerblocks-wrap\">\r\n<div class=\"wp-block-themeisle-blocks-advanced-column\" id=\"wp-block-themeisle-blocks-advanced-column-7bc7d9d7\">\r\n<div class=\"wp-block-group\"><div class=\"wp-block-group__inner-container is-layout-flow wp-block-group-is-layout-flow\">\r\n<ul class=\"wp-block-list\">\r\n<li><mark style=\"background-color: rgba(0, 0, 0, 0);\" class=\"has-inline-color has-black-color\">Autorisation droit \u00e0 l&#8217;image et aux propos pour les mineurs :<\/mark> <strong><mark style=\"background-color: rgba(0, 0, 0, 0); color: #851989;\" class=\"has-inline-color\"><a href=\"https:\/\/operation-moliere.net\/wp-content\/uploads\/2020\/11\/ADI-Mineur-Ope\u0301ration-Molie\u0300re.pdf\" target=\"_blank\" rel=\"noreferrer noopener\">ICI<\/a><\/mark><\/strong><\/li>\r\n\r\n\r\n\r\n<li>Autorisation droit \u00e0 l&#8217;image et aux propos pour les adultes :<span style=\"color: #851989;\" class=\"has-inline-color\"> <strong><a href=\"https:\/\/operation-moliere.net\/wp-content\/uploads\/2020\/11\/ADI-Ope\u0301ration-Molie\u0300re.pdf\" target=\"_blank\" rel=\"noreferrer noopener\">L\u00c0<\/a><\/strong><\/span><\/li>\r\n<\/ul>\r\n<\/div><\/div>\r\n<\/div>\r\n<\/div>\r\n<\/div>\r\n\r\n\r\n\r\n<p class=\"has-text-align-center\"><strong><span style=\"color: #851989;\" class=\"has-inline-color\">UTILISATION DE MUSIQUES LIBRES DE DROIT DANS LE CADRE DU <a href=\"https:\/\/operation-moliere.net\/index.php\/defi-moliere\/\" target=\"_blank\" rel=\"noreferrer noopener\">D\u00c9FI<\/a><\/span><\/strong><\/p>\r\n\r\n\r\n\r\n<p>Selon le <strong>Code de la propri\u00e9t\u00e9 intellectuelle<\/strong>, il est interdit d\u2019utiliser l\u2019\u0153uvre d\u2019un auteur\/compositeur sans son autorisation.<\/p>\r\n\r\n\r\n\r\n<p>Afin de vous faciliter la t\u00e2che, <strong>nous avons s\u00e9lectionn\u00e9 ci-dessous quelques musiques que vous pourrez t\u00e9l\u00e9charger en toute libert\u00e9<\/strong> <em>(il vous suffira d&#8217; &#8220;enregistrer sous&#8221;)<\/em>. Nous vous remercions toutefois d&#8217;<strong>indiquer le nom du compositeur <\/strong>et d&#8217;y adjoindre toutes <strong>les mentions l\u00e9gales<\/strong> (lien vers les cr\u00e9dits ci-dessous).<\/p>\r\n\r\n\r\n\r\n<p>Si vous n&#8217;avez pas la possibilit\u00e9 de les int\u00e9grer directement \u00e0 votre vid\u00e9o (par le montage d&#8217;un g\u00e9n\u00e9rique), nous vous invitons \u00e0 recopier ces informations et \u00e0 les pr\u00e9senter\/les montrer sur un document papier film\u00e9 \u00e0 l&#8217;issue de votre composition chor\u00e9graphique.<\/p>\r\n\r\n\r\n\r\n<p>Pour plus d&#8217;informations, n&#8217;h\u00e9sitez pas \u00e0 <a href=\"https:\/\/operation-moliere.net\/index.php\/informations-pratiques\/contact\/\" target=\"_blank\" rel=\"noreferrer noopener\">nous contacter<\/a>.<\/p>\r\n\r\n\r\n\r\n<p><strong><span style=\"color: #851989;\" class=\"has-inline-color\">PROPOSITION DE MUSIQUES T\u00c9L\u00c9CHARGEABLES <\/span><\/strong><\/p>\r\n\r\n\r\n\r\n<p>&#8220;<span style=\"color: #851989;\" class=\"has-inline-color\"><strong>CLASSIQUE<\/strong>&#8221; : <\/span><\/p>\r\n\r\n\r\n\r\n<ul class=\"wp-block-list\">\r\n<li><a rel=\"noreferrer noopener\" href=\"https:\/\/operation-moliere.net\/wp-content\/uploads\/2020\/11\/02-Corelli-Concerto-Grosso-G-Minor-2.mp3\" target=\"_blank\"><em>Concerto Grosso G Minor 2<\/em><\/a>, de Corelli, interpr\u00e9t\u00e9 par Advent Chamber Orchestra &#8211; <strong><a href=\"https:\/\/operation-moliere.net\/wp-content\/uploads\/2020\/12\/CRE\u0301DITS-CONCERTO-CORELLI.pdf\" target=\"_blank\" rel=\"noreferrer noopener\">CR\u00c9DITS<\/a><\/strong><\/li>\r\n\r\n\r\n\r\n<li><em><a href=\"https:\/\/operation-moliere.net\/wp-content\/uploads\/2020\/12\/moliere-MP3def1-1.mp3\" target=\"_blank\" rel=\"noreferrer noopener\">Song for Moli\u00e8re<\/a><\/em>, de Marie Faye (g\u00e9n\u00e9rique de l&#8217;Op\u00e9ration Moli\u00e8re) &#8211; <strong><a href=\"https:\/\/operation-moliere.net\/wp-content\/uploads\/2020\/12\/CRE\u0301DITS-Song-for-Molie\u0300re.pdf\" target=\"_blank\" rel=\"noreferrer noopener\">CR\u00c9DITS<\/a><\/strong><\/li>\r\n\r\n\r\n\r\n<li><em><a href=\"https:\/\/operation-moliere.net\/wp-content\/uploads\/2020\/11\/Kevin_MacLeod_-_Canon_in_D_Major.mp3\" target=\"_blank\" rel=\"noreferrer noopener\">Canon in D Major<\/a><\/em>, d&#8217;apr\u00e8s Johann Pachelbel, de Kevin MacLeod &#8211; <strong><a href=\"https:\/\/operation-moliere.net\/wp-content\/uploads\/2020\/12\/CRE\u0301DITS-CANON-EN-RE\u0301-MAJEUR.pdf\" target=\"_blank\" rel=\"noreferrer noopener\">CR\u00c9DITS<\/a><\/strong><\/li>\r\n\r\n\r\n\r\n<li><em><a rel=\"noreferrer noopener\" href=\"https:\/\/operation-moliere.net\/wp-content\/uploads\/2020\/12\/Lee_Maddeford_-_12_-_Tki_with_Les_Gauchers_Orchestra.mp3\" target=\"_blank\">T\u00e9ki <\/a>(with Les Gauchers Quintet)<\/em>, de\u00a0Lee Maddeford &#8211; <strong><a href=\"https:\/\/operation-moliere.net\/wp-content\/uploads\/2020\/12\/CRE\u0301DITS-Te\u0301ki.pdf\" target=\"_blank\" rel=\"noreferrer noopener\">CR\u00c9DITS<\/a><\/strong><\/li>\r\n\r\n\r\n\r\n<li><em><a rel=\"noreferrer noopener\" href=\"https:\/\/operation-moliere.net\/wp-content\/uploads\/2020\/11\/Dexter_Britain_-_07_-_The_Time_To_Run.mp3\" target=\"_blank\">The Time To Run<\/a><\/em>, de Dexter Britain &#8211; <strong><a href=\"https:\/\/operation-moliere.net\/wp-content\/uploads\/2020\/12\/CRE\u0301DITS-The-Time-To-Run.pdf\" target=\"_blank\" rel=\"noreferrer noopener\">CR\u00c9DITS<\/a><\/strong><\/li>\r\n<\/ul>\r\n\r\n\r\n\r\n<p><strong><span style=\"color: #851989;\" class=\"has-inline-color\">VOCAL\/PERCUSSIONS<\/span><\/strong> :<\/p>\r\n\r\n\r\n\r\n<ul class=\"wp-block-list\">\r\n<li><em><a rel=\"noreferrer noopener\" href=\"https:\/\/operation-moliere.net\/wp-content\/uploads\/2020\/11\/10-TheHudsuckerislost.mp3\" target=\"_blank\">The Hud sucker is lost<\/a><\/em>, de That Crooner from Nowhere &#8211; <strong><a href=\"https:\/\/operation-moliere.net\/wp-content\/uploads\/2020\/12\/CRE\u0301DITS-The-Hudsuckerislost.pdf\" target=\"_blank\" rel=\"noreferrer noopener\">CR\u00c9DITS<\/a><\/strong><\/li>\r\n\r\n\r\n\r\n<li><em><a rel=\"noreferrer noopener\" href=\"https:\/\/operation-moliere.net\/wp-content\/uploads\/2020\/11\/psubhashish_-_Coconut_musician_drum_solo.mp3\" target=\"_blank\">Coconut Musician<\/a><\/em>, de Subhashish &#8211; <strong><a href=\"https:\/\/operation-moliere.net\/wp-content\/uploads\/2020\/12\/CRE\u0301DITS-COCONUT.pdf\" target=\"_blank\" rel=\"noreferrer noopener\">CR\u00c9DITS<\/a><\/strong><\/li>\r\n\r\n\r\n\r\n<li><em><a rel=\"noreferrer noopener\" href=\"https:\/\/operation-moliere.net\/wp-content\/uploads\/2020\/11\/bertjerred_-_Hand_Drums_65BPM_1.mp3\" target=\"_blank\">Hand Drums 65BPM<\/a><\/em>, de Bert Jerred &#8211; <strong><a href=\"https:\/\/operation-moliere.net\/wp-content\/uploads\/2020\/12\/CRE\u0301DITS-Hand-Drums-.pdf\" target=\"_blank\" rel=\"noreferrer noopener\">CR\u00c9DITS<\/a><\/strong><\/li>\r\n<\/ul>\r\n\r\n\r\n\r\n<p><strong><span style=\"color: #851989;\" class=\"has-inline-color\">URBAIN<\/span><\/strong> :<\/p>\r\n\r\n\r\n\r\n<ul class=\"wp-block-list\">\r\n<li><em><a rel=\"noreferrer noopener\" href=\"https:\/\/operation-moliere.net\/wp-content\/uploads\/2020\/11\/YourFriendGhost-NowhereKnown.mp3\" target=\"_blank\">Nowhere Know<\/a><\/em>, de Your Friend Ghost &#8211; <strong><a href=\"https:\/\/operation-moliere.net\/wp-content\/uploads\/2020\/12\/CRE\u0301DITS-Nowhere-Know.pdf\" target=\"_blank\" rel=\"noreferrer noopener\">CR\u00c9DITS<\/a><\/strong><\/li>\r\n\r\n\r\n\r\n<li><em><a rel=\"noreferrer noopener\" href=\"https:\/\/operation-moliere.net\/wp-content\/uploads\/2020\/11\/6th_Sense_-_05_-_05_Too_Complex_Instrumental_____6th_Sense__The_Kid_Daytona.mp3\" target=\"_blank\">Too Complex<\/a><\/em>, de 6th Sense &amp; The Kid of Daytona &#8211; <strong><a href=\"https:\/\/operation-moliere.net\/wp-content\/uploads\/2020\/12\/CRE\u0301DITS-Too-Complex.pdf\" target=\"_blank\" rel=\"noreferrer noopener\">CR\u00c9DITS<\/a><\/strong><\/li>\r\n\r\n\r\n\r\n<li><em><a rel=\"noreferrer noopener\" href=\"https:\/\/operation-moliere.net\/wp-content\/uploads\/2020\/11\/Workin.mp3\" target=\"_blank\">Workin\u2019<\/a><\/em>, de Andy Bemackin &#8211; <strong><a href=\"https:\/\/operation-moliere.net\/wp-content\/uploads\/2020\/12\/CRE\u0301DITS-Workin.pdf\" target=\"_blank\" rel=\"noreferrer noopener\">CR\u00c9DITS<\/a><\/strong><\/li>\r\n<\/ul>\r\n\r\n\r\n\r\n<p><strong><span style=\"color: #851989;\" class=\"has-inline-color\">ROCK<\/span><\/strong> :<\/p>\r\n\r\n\r\n\r\n<ul class=\"wp-block-list\">\r\n<li><em><a rel=\"noreferrer noopener\" href=\"https:\/\/operation-moliere.net\/wp-content\/uploads\/2020\/11\/Jihfa_-_RUN_Demo.mp3\" target=\"_blank\">Run\u00a0!<\/a><\/em>, de Jihfa &#8211; <strong><a href=\"https:\/\/operation-moliere.net\/wp-content\/uploads\/2020\/12\/CRE\u0301DITS-RUN.pdf\" target=\"_blank\" rel=\"noreferrer noopener\">CR\u00c9DITS<\/a><\/strong><\/li>\r\n<\/ul>\r\n\r\n\r\n\r\n<p><strong><span style=\"color: #851989;\" class=\"has-inline-color\">FUNK<\/span><\/strong> :<\/p>\r\n\r\n\r\n\r\n<ul class=\"wp-block-list\">\r\n<li><em><a rel=\"noreferrer noopener\" href=\"https:\/\/operation-moliere.net\/wp-content\/uploads\/2020\/11\/Whitewolf225_-_Toronto_Is_My_Beat.mp3\" target=\"_blank\">Torento Is My Beat<\/a><\/em>, de Xhitewolf &#8211; <strong><a href=\"https:\/\/operation-moliere.net\/wp-content\/uploads\/2020\/12\/CRE\u0301DITS-Torento-Is-My-Beat.pdf\" target=\"_blank\" rel=\"noreferrer noopener\">CR\u00c9DITS<\/a><\/strong><\/li>\r\n<\/ul>\r\n\r\n\r\n\r\n<p><strong><span style=\"color: #851989;\" class=\"has-inline-color\">\u00c9LECTRO<\/span><\/strong> :<\/p>\r\n\r\n\r\n\r\n<ul class=\"wp-block-list\">\r\n<li><em><a rel=\"noreferrer noopener\" href=\"https:\/\/operation-moliere.net\/wp-content\/uploads\/2020\/11\/saschaende_-_On_fire_1.mp3\" target=\"_blank\">On Fire<\/a><\/em>, de Sasha Ende &#8211; <strong><a href=\"https:\/\/operation-moliere.net\/wp-content\/uploads\/2020\/12\/CRE\u0301DITS-On-Fire.pdf\" target=\"_blank\" rel=\"noreferrer noopener\">CR\u00c9DITS<\/a><\/strong><\/li>\r\n\r\n\r\n\r\n<li><em><a rel=\"noreferrer noopener\" href=\"https:\/\/operation-moliere.net\/wp-content\/uploads\/2020\/11\/02-Run.mp3\" target=\"_blank\">Run<\/a><\/em>, de Kai Engel\u00a0&#8211; <strong><a href=\"https:\/\/operation-moliere.net\/wp-content\/uploads\/2020\/12\/CRE\u0301DITS-Run.pdf\" target=\"_blank\" rel=\"noreferrer noopener\">CR\u00c9DITS<\/a><\/strong><\/li>\r\n\r\n\r\n\r\n<li><em><a rel=\"noreferrer noopener\" href=\"https:\/\/operation-moliere.net\/wp-content\/uploads\/2020\/11\/Alex_Gross_-_11_-_4_AM_Party.mp3\" target=\"_blank\">4 AM Party<\/a><\/em>, de Alex Gross &#8211; <strong><a href=\"https:\/\/operation-moliere.net\/wp-content\/uploads\/2020\/12\/CRE\u0301DITS-4-AM-Party.pdf\" target=\"_blank\" rel=\"noreferrer noopener\">CR\u00c9DITS<\/a><\/strong><\/li>\r\n<\/ul>\r\n\r\n\r\n\r\n<p><strong><span style=\"color: #851989;\" class=\"has-inline-color\">AUTRES<\/span><\/strong> :<\/p>\r\n\r\n\r\n\r\n<ul class=\"wp-block-list\">\r\n<li><em><a href=\"https:\/\/operation-moliere.net\/wp-content\/uploads\/2020\/12\/Lee_Maddeford_-_01_-_Embellir_with_Les_Gauchers_Quintet.mp3\" target=\"_blank\" rel=\"noreferrer noopener\">Embellir<\/a><\/em> (with Les Gauchers Quintet), de Lee Maddeford &#8211; <strong><a href=\"https:\/\/operation-moliere.net\/wp-content\/uploads\/2020\/12\/CRE\u0301DITS-Embellir.pdf\" target=\"_blank\" rel=\"noreferrer noopener\">CR\u00c9DITS<\/a><\/strong><\/li>\r\n\r\n\r\n\r\n<li><em><a href=\"https:\/\/operation-moliere.net\/wp-content\/uploads\/2020\/12\/Dokaka_-_10_-_Dance_Dance_Dance.mp3\" target=\"_blank\" rel=\"noreferrer noopener\">Dance Dance Dance<\/a><\/em>, de Dokaka &#8211; <strong><a href=\"https:\/\/operation-moliere.net\/wp-content\/uploads\/2020\/12\/CRE\u0301DITS-Dance-Dance-Dance.pdf\" target=\"_blank\" rel=\"noreferrer noopener\">CR\u00c9DITS<\/a><\/strong><\/li>\r\n<\/ul>\r\n\r\n\r\n\r\n<div style=\"height: 26px;\" aria-hidden=\"true\" class=\"wp-block-spacer\"><\/div>\r\n\r\n\r\n\r\n<p><strong>POUR TROUVER D&#8217;AUTRES MUSIQUES <span <\/strong><\/p>\r\n\r\n\r\n\r\n<p>\u00c0 toutes fins utiles et pour vous permettre de trouver d&#8217;autres th\u00e8mes musicaux libre de droits ou bien la musique de cr\u00e9ateurs avec qui vous pourrez prendre contact, consultez :<\/p>\r\n\r\n\r\n\r\n<ul class=\"wp-block-list\">\r\n<li>1. la biblioth\u00e8que audio fournie par YouTube pour cr\u00e9er une vid\u00e9o YouTube &#8211; dans la plupart des cas, vous pourrez ensuite la t\u00e9l\u00e9charger ;<\/li>\r\n\r\n\r\n\r\n<li>2. sur SoundCloud : possibilit\u00e9 de contacter certains artistes afin d&#8217;utiliser leurs musiques et les mentionner en copyright ;<\/li>\r\n\r\n\r\n\r\n<li>3. musique sous la license Creative Commons sur SoundCloud ;<\/li>\r\n\r\n\r\n\r\n<li>4. il y a aussi des cha\u00eenes YouTube ou d&#8217;autres qui sont indiqu\u00e9es comme &#8220;libre de droits&#8221;.\u00a0<\/li>\r\n<\/ul>\r\n\r\n\r\n\r\n<p>Pour vous aider \u00e0 trouver des ressources : <a rel=\"noreferrer noopener\" href=\"https:\/\/www.youtube.com\/watch?v=IKuylwHOUD8\" target=\"_blank\">https:\/\/www.youtube.com\/watch?v=IKuylwHOUD8<\/a><\/p>\r\n\r\n\r\n\r\n<p>&nbsp;<\/p>\r\n","protected":false},"excerpt":{"rendered":"<p>FORMULAIRE D&#8217;INSCRIPTION AU D\u00c9FI EN LIGNE (\u00e0 privil\u00e9gier) OU FORMULAIRE D&#8217;INSCRIPTION AU D\u00c9FI \u00c0 T\u00c9L\u00c9CHARGER AUTORISATIONS DE DROIT \u00c0 L&#8217;IMAGE ET AUX PROPOS UTILISATION DE MUSIQUES LIBRES DE DROIT DANS LE CADRE DU D\u00c9FI Selon le Code de la propri\u00e9t\u00e9 intellectuelle, il est interdit d\u2019utiliser l\u2019\u0153uvre d\u2019un auteur\/compositeur sans son [&hellip;]<\/p>\n","protected":false},"author":1,"featured_media":0,"parent":53,"menu_order":2,"comment_status":"closed","ping_status":"closed","template":"","meta":{"footnotes":""},"class_list":["post-413","page","type-page","status-publish","hentry"],"yoast_head":"<!-- This site is optimized with the Yoast SEO plugin v27.4 - https:\/\/yoast.com\/product\/yoast-seo-wordpress\/ -->\n<title>JURIDIQUE ET PRATIQUE - Op\u00e9ration Moli\u00e8re<\/title>\n<meta name=\"description\" content=\"Informations juridiques et pratiques\" \/>\n<meta name=\"robots\" content=\"index, follow, max-snippet:-1, max-image-preview:large, max-video-preview:-1\" \/>\n<link rel=\"canonical\" href=\"https:\/\/operation-moliere.net\/index.php\/informations-pratiques\/juridique-et-pratique\/\" \/>\n<meta property=\"og:locale\" content=\"fr_FR\" \/>\n<meta property=\"og:type\" content=\"article\" \/>\n<meta property=\"og:title\" content=\"JURIDIQUE ET PRATIQUE - Op\u00e9ration Moli\u00e8re\" \/>\n<meta property=\"og:description\" content=\"Informations juridiques et pratiques\" \/>\n<meta property=\"og:url\" content=\"https:\/\/operation-moliere.net\/index.php\/informations-pratiques\/juridique-et-pratique\/\" \/>\n<meta property=\"og:site_name\" content=\"Op\u00e9ration Moli\u00e8re\" \/>\n<meta property=\"article:modified_time\" content=\"2025-09-22T13:08:15+00:00\" \/>\n<meta name=\"twitter:card\" content=\"summary_large_image\" \/>\n<meta name=\"twitter:label1\" content=\"Dur\u00e9e de lecture estim\u00e9e\" \/>\n\t<meta name=\"twitter:data1\" content=\"3 minutes\" \/>\n<script type=\"application\/ld+json\" class=\"yoast-schema-graph\">{\"@context\":\"https:\\\/\\\/schema.org\",\"@graph\":[{\"@type\":\"WebPage\",\"@id\":\"https:\\\/\\\/operation-moliere.net\\\/index.php\\\/informations-pratiques\\\/juridique-et-pratique\\\/\",\"url\":\"https:\\\/\\\/operation-moliere.net\\\/index.php\\\/informations-pratiques\\\/juridique-et-pratique\\\/\",\"name\":\"JURIDIQUE ET PRATIQUE - Op\u00e9ration Moli\u00e8re\",\"isPartOf\":{\"@id\":\"https:\\\/\\\/operation-moliere.net\\\/#website\"},\"datePublished\":\"2020-11-25T10:49:09+00:00\",\"dateModified\":\"2025-09-22T13:08:15+00:00\",\"description\":\"Informations juridiques et pratiques\",\"breadcrumb\":{\"@id\":\"https:\\\/\\\/operation-moliere.net\\\/index.php\\\/informations-pratiques\\\/juridique-et-pratique\\\/#breadcrumb\"},\"inLanguage\":\"fr-FR\",\"potentialAction\":[{\"@type\":\"ReadAction\",\"target\":[\"https:\\\/\\\/operation-moliere.net\\\/index.php\\\/informations-pratiques\\\/juridique-et-pratique\\\/\"]}]},{\"@type\":\"BreadcrumbList\",\"@id\":\"https:\\\/\\\/operation-moliere.net\\\/index.php\\\/informations-pratiques\\\/juridique-et-pratique\\\/#breadcrumb\",\"itemListElement\":[{\"@type\":\"ListItem\",\"position\":1,\"name\":\"Accueil\",\"item\":\"https:\\\/\\\/operation-moliere.net\\\/\"},{\"@type\":\"ListItem\",\"position\":2,\"name\":\"INFORMATIONS PRATIQUES\",\"item\":\"https:\\\/\\\/operation-moliere.net\\\/index.php\\\/informations-pratiques\\\/\"},{\"@type\":\"ListItem\",\"position\":3,\"name\":\"JURIDIQUE ET PRATIQUE\"}]},{\"@type\":\"WebSite\",\"@id\":\"https:\\\/\\\/operation-moliere.net\\\/#website\",\"url\":\"https:\\\/\\\/operation-moliere.net\\\/\",\"name\":\"Op\u00e9ration Moli\u00e8re\",\"description\":\"\",\"publisher\":{\"@id\":\"https:\\\/\\\/operation-moliere.net\\\/#organization\"},\"potentialAction\":[{\"@type\":\"SearchAction\",\"target\":{\"@type\":\"EntryPoint\",\"urlTemplate\":\"https:\\\/\\\/operation-moliere.net\\\/?s={search_term_string}\"},\"query-input\":{\"@type\":\"PropertyValueSpecification\",\"valueRequired\":true,\"valueName\":\"search_term_string\"}}],\"inLanguage\":\"fr-FR\"},{\"@type\":\"Organization\",\"@id\":\"https:\\\/\\\/operation-moliere.net\\\/#organization\",\"name\":\"Op\u00e9ration Moli\u00e8re\",\"url\":\"https:\\\/\\\/operation-moliere.net\\\/\",\"logo\":{\"@type\":\"ImageObject\",\"inLanguage\":\"fr-FR\",\"@id\":\"https:\\\/\\\/operation-moliere.net\\\/#\\\/schema\\\/logo\\\/image\\\/\",\"url\":\"https:\\\/\\\/i1.wp.com\\\/operati.cluster030.hosting.ovh.net\\\/wp-content\\\/uploads\\\/2020\\\/11\\\/logo_signature_min_remonte.jpg?fit=1750%2C1567\",\"contentUrl\":\"https:\\\/\\\/i1.wp.com\\\/operati.cluster030.hosting.ovh.net\\\/wp-content\\\/uploads\\\/2020\\\/11\\\/logo_signature_min_remonte.jpg?fit=1750%2C1567\",\"width\":1750,\"height\":1567,\"caption\":\"Op\u00e9ration Moli\u00e8re\"},\"image\":{\"@id\":\"https:\\\/\\\/operation-moliere.net\\\/#\\\/schema\\\/logo\\\/image\\\/\"}}]}<\/script>\n<!-- \/ Yoast SEO plugin. -->","yoast_head_json":{"title":"JURIDIQUE ET PRATIQUE - Op\u00e9ration Moli\u00e8re","description":"Informations juridiques et pratiques","robots":{"index":"index","follow":"follow","max-snippet":"max-snippet:-1","max-image-preview":"max-image-preview:large","max-video-preview":"max-video-preview:-1"},"canonical":"https:\/\/operation-moliere.net\/index.php\/informations-pratiques\/juridique-et-pratique\/","og_locale":"fr_FR","og_type":"article","og_title":"JURIDIQUE ET PRATIQUE - Op\u00e9ration Moli\u00e8re","og_description":"Informations juridiques et pratiques","og_url":"https:\/\/operation-moliere.net\/index.php\/informations-pratiques\/juridique-et-pratique\/","og_site_name":"Op\u00e9ration Moli\u00e8re","article_modified_time":"2025-09-22T13:08:15+00:00","twitter_card":"summary_large_image","twitter_misc":{"Dur\u00e9e de lecture estim\u00e9e":"3 minutes"},"schema":{"@context":"https:\/\/schema.org","@graph":[{"@type":"WebPage","@id":"https:\/\/operation-moliere.net\/index.php\/informations-pratiques\/juridique-et-pratique\/","url":"https:\/\/operation-moliere.net\/index.php\/informations-pratiques\/juridique-et-pratique\/","name":"JURIDIQUE ET PRATIQUE - Op\u00e9ration Moli\u00e8re","isPartOf":{"@id":"https:\/\/operation-moliere.net\/#website"},"datePublished":"2020-11-25T10:49:09+00:00","dateModified":"2025-09-22T13:08:15+00:00","description":"Informations juridiques et pratiques","breadcrumb":{"@id":"https:\/\/operation-moliere.net\/index.php\/informations-pratiques\/juridique-et-pratique\/#breadcrumb"},"inLanguage":"fr-FR","potentialAction":[{"@type":"ReadAction","target":["https:\/\/operation-moliere.net\/index.php\/informations-pratiques\/juridique-et-pratique\/"]}]},{"@type":"BreadcrumbList","@id":"https:\/\/operation-moliere.net\/index.php\/informations-pratiques\/juridique-et-pratique\/#breadcrumb","itemListElement":[{"@type":"ListItem","position":1,"name":"Accueil","item":"https:\/\/operation-moliere.net\/"},{"@type":"ListItem","position":2,"name":"INFORMATIONS PRATIQUES","item":"https:\/\/operation-moliere.net\/index.php\/informations-pratiques\/"},{"@type":"ListItem","position":3,"name":"JURIDIQUE ET PRATIQUE"}]},{"@type":"WebSite","@id":"https:\/\/operation-moliere.net\/#website","url":"https:\/\/operation-moliere.net\/","name":"Op\u00e9ration Moli\u00e8re","description":"","publisher":{"@id":"https:\/\/operation-moliere.net\/#organization"},"potentialAction":[{"@type":"SearchAction","target":{"@type":"EntryPoint","urlTemplate":"https:\/\/operation-moliere.net\/?s={search_term_string}"},"query-input":{"@type":"PropertyValueSpecification","valueRequired":true,"valueName":"search_term_string"}}],"inLanguage":"fr-FR"},{"@type":"Organization","@id":"https:\/\/operation-moliere.net\/#organization","name":"Op\u00e9ration Moli\u00e8re","url":"https:\/\/operation-moliere.net\/","logo":{"@type":"ImageObject","inLanguage":"fr-FR","@id":"https:\/\/operation-moliere.net\/#\/schema\/logo\/image\/","url":"https:\/\/i1.wp.com\/operati.cluster030.hosting.ovh.net\/wp-content\/uploads\/2020\/11\/logo_signature_min_remonte.jpg?fit=1750%2C1567","contentUrl":"https:\/\/i1.wp.com\/operati.cluster030.hosting.ovh.net\/wp-content\/uploads\/2020\/11\/logo_signature_min_remonte.jpg?fit=1750%2C1567","width":1750,"height":1567,"caption":"Op\u00e9ration Moli\u00e8re"},"image":{"@id":"https:\/\/operation-moliere.net\/#\/schema\/logo\/image\/"}}]}},"jetpack_sharing_enabled":true,"_links":{"self":[{"href":"https:\/\/operation-moliere.net\/index.php\/wp-json\/wp\/v2\/pages\/413","targetHints":{"allow":["GET"]}}],"collection":[{"href":"https:\/\/operation-moliere.net\/index.php\/wp-json\/wp\/v2\/pages"}],"about":[{"href":"https:\/\/operation-moliere.net\/index.php\/wp-json\/wp\/v2\/types\/page"}],"author":[{"embeddable":true,"href":"https:\/\/operation-moliere.net\/index.php\/wp-json\/wp\/v2\/users\/1"}],"replies":[{"embeddable":true,"href":"https:\/\/operation-moliere.net\/index.php\/wp-json\/wp\/v2\/comments?post=413"}],"version-history":[{"count":65,"href":"https:\/\/operation-moliere.net\/index.php\/wp-json\/wp\/v2\/pages\/413\/revisions"}],"predecessor-version":[{"id":3108,"href":"https:\/\/operation-moliere.net\/index.php\/wp-json\/wp\/v2\/pages\/413\/revisions\/3108"}],"up":[{"embeddable":true,"href":"https:\/\/operation-moliere.net\/index.php\/wp-json\/wp\/v2\/pages\/53"}],"wp:attachment":[{"href":"https:\/\/operation-moliere.net\/index.php\/wp-json\/wp\/v2\/media?parent=413"}],"curies":[{"name":"wp","href":"https:\/\/api.w.org\/{rel}","templated":true}]}}