{"id":2926,"date":"2023-06-15T16:50:35","date_gmt":"2023-06-15T14:50:35","guid":{"rendered":"https:\/\/operation-moliere.net\/?page_id=2926"},"modified":"2023-06-16T12:34:33","modified_gmt":"2023-06-16T10:34:33","slug":"palmares-2022-2023","status":"publish","type":"page","link":"https:\/\/operation-moliere.net\/index.php\/defi-moliere\/edition-2022-2023\/palmares-2022-2023\/","title":{"rendered":"PALMAR\u00c8S &#8211; 2022-2023"},"content":{"rendered":"\n<p><strong>Le Jury du d\u00e9fi\u00a0<em>Lib\u00e9rons Moli\u00e8re !<\/em>, \u00e9dition 2023 s\u2019est r\u00e9uni<\/strong>.<\/p>\n\n\n\n<blockquote class=\"wp-block-quote is-layout-flow wp-block-quote-is-layout-flow\">\n<p><strong>Liens vers les r\u00e9sultats en bas de page<\/strong><\/p>\n<\/blockquote>\n\n\n\n<p><strong>Composition du jury :<\/strong><\/p>\n\n\n\n<p><\/p>\n\n\n\n<ul class=\"wp-block-list\">\n<li>Romain Labrousse : enseignant, r\u00e9dacteur de fiche-atelier et formateur de l&#8217;ANRAT ;<\/li>\n\n\n\n<li>Gabrielle Grosclaude : responsable adjointe du service \u00e9ducatif des Archives nationales <strong>;<\/strong><\/li>\n\n\n\n<li>Marie<strong> <\/strong>Faye : musicienne, chanteuse, compositrice de la musique de l&#8217;Op\u00e9ration Moli\u00e8re ;<\/li>\n\n\n\n<li>Shush Tenin : danseur et chor\u00e9graphe ;<\/li>\n\n\n\n<li>Anne Le Guernec : com\u00e9dienne et metteuse en sc\u00e8ne a particip\u00e9 sous diff\u00e9rentes formes \u00e0 l&#8217;Op\u00e9ration Moli\u00e8re ;<\/li>\n\n\n\n<li>Louise Bachimont : conseill\u00e8re spectacle vivant \u2013 Mission \u00c9ducation Artistique et Culturelle, minist\u00e8re de l\u2019\u00c9ducation nationale.<\/li>\n<\/ul>\n\n\n\n<p><strong>Sous l\u2019\u0153il complice de<\/strong><\/p>\n\n\n\n<ul class=\"wp-block-list\">\n<li>Marie-Lucile Milhaud : IA-IPR de lettres <\/li>\n<\/ul>\n\n\n\n<div style=\"height:33px\" aria-hidden=\"true\" class=\"wp-block-spacer\"><\/div>\n\n\n\n<p class=\"has-text-color\" style=\"color:#751989\"><strong>Modalit\u00e9s d\u2019attribution des prix<\/strong><\/p>\n\n\n\n<p><strong>\u00c0 la demande du jury, un Grand Prix a \u00e9t\u00e9 d\u00e9cern\u00e9 \u00e0 chacune des cat\u00e9gories <\/strong>(ex : Grand Prix des &#8220;Presque grands&#8221;) et <strong>des prix collectifs<\/strong> <strong>attribu\u00e9s<\/strong>. Au sein <strong>des prix par th\u00e8me <\/strong>viennent s\u2019ajouter <strong>des titres honorifiques<\/strong> : <em>honoris causa<\/em> (1er prix), <em>insigni cum laude<\/em> (1er accessit), <em>summa cum laude<\/em> (2\u00e8me accessit), <em>magma cum laude<\/em> et <em>cum laude<\/em>.<\/p>\n\n\n\n<p class=\"has-text-color\" style=\"color:#751989\"><strong>Listes des prix :<\/strong><\/p>\n\n\n\n<p><strong>PRIX &#8220;MOLI\u00c8RE LIB\u00c9R\u00c9 !&#8221;<\/strong><\/p>\n\n\n\n<p><strong>PRIX DE LA TARTUFFERIE COCASSE<\/strong><\/p>\n\n\n\n<p><strong>PRIX DE <\/strong><strong>LA TARTUFFERIE CONTEMPORAINE<\/strong><\/p>\n\n\n\n<p><strong>PRIX DE L\u2019HYPOCRITE \u00c9LOQUENT<\/strong><\/p>\n\n\n\n<p><strong>PRIX DE LA FLATTERIE<\/strong><\/p>\n\n\n\n<p><strong>PRIX DE L&#8217;ASPIRANT DRAMATURGE<\/strong><\/p>\n\n\n\n<p><strong>PRIX SP\u00c9CIAUX<\/strong><\/p>\n\n\n\n<div style=\"height:27px\" aria-hidden=\"true\" class=\"wp-block-spacer\"><\/div>\n\n\n\n<p class=\"has-large-font-size\"><strong>R\u00c9SULTATS DU D\u00c9FI LIB\u00c9RONS MOLI\u00c8RE<\/strong> #3<\/p>\n\n\n\n<p><strong><a href=\"https:\/\/operation-moliere.net\/index.php\/defi-moliere\/edition-2022-2023\/grands-prix-2022-2023\/\" target=\"_blank\" rel=\"noreferrer noopener\">GRANDS PRIX<\/a><\/strong><\/p>\n\n\n\n<p><strong><a href=\"https:\/\/operation-moliere.net\/index.php\/prix-individuels-defi-2022-2023\/\" target=\"_blank\" rel=\"noreferrer noopener\">PRIX INDIVIDUELS<\/a><\/strong><\/p>\n\n\n\n<p><strong><a href=\"https:\/\/operation-moliere.net\/index.php\/prix-collectif-defi-2022-2023\/\" target=\"_blank\" rel=\"noreferrer noopener\">PRIX COLLECTIFS<\/a><\/strong><\/p>\n\n\n\n<p><\/p>\n\n\n\n<div class=\"wp-block-themeisle-blocks-advanced-columns has-undefined-columns has-desktop-undefined-layout has-tablet-equal-layout has-mobile-equal-layout has-default-gap has-vertical-unset\" id=\"wp-block-themeisle-blocks-advanced-columns-0fadbf52\"><div class=\"wp-block-themeisle-blocks-advanced-columns-overlay\"><\/div><div class=\"innerblocks-wrap\"><\/div><\/div>\n","protected":false},"excerpt":{"rendered":"<p>Le Jury du d\u00e9fi\u00a0Lib\u00e9rons Moli\u00e8re !, \u00e9dition 2023 s\u2019est r\u00e9uni. Liens vers les r\u00e9sultats en bas de page Composition du jury : Sous l\u2019\u0153il complice de Modalit\u00e9s d\u2019attribution des prix \u00c0 la demande du jury, un Grand Prix a \u00e9t\u00e9 d\u00e9cern\u00e9 \u00e0 chacune des cat\u00e9gories (ex : Grand Prix des [&hellip;]<\/p>\n","protected":false},"author":1,"featured_media":0,"parent":2833,"menu_order":1,"comment_status":"closed","ping_status":"closed","template":"","meta":{"footnotes":""},"class_list":["post-2926","page","type-page","status-publish","hentry"],"yoast_head":"<!-- This site is optimized with the Yoast SEO plugin v27.4 - https:\/\/yoast.com\/product\/yoast-seo-wordpress\/ -->\n<title>PALMAR\u00c8S - 2022-2023 - Op\u00e9ration Moli\u00e8re<\/title>\n<meta name=\"robots\" content=\"index, follow, max-snippet:-1, max-image-preview:large, max-video-preview:-1\" \/>\n<link rel=\"canonical\" href=\"https:\/\/operation-moliere.net\/index.php\/defi-moliere\/edition-2022-2023\/palmares-2022-2023\/\" \/>\n<meta property=\"og:locale\" content=\"fr_FR\" \/>\n<meta property=\"og:type\" content=\"article\" \/>\n<meta property=\"og:title\" content=\"PALMAR\u00c8S - 2022-2023 - Op\u00e9ration Moli\u00e8re\" \/>\n<meta property=\"og:description\" content=\"Le Jury du d\u00e9fi\u00a0Lib\u00e9rons Moli\u00e8re !, \u00e9dition 2023 s\u2019est r\u00e9uni. Liens vers les r\u00e9sultats en bas de page Composition du jury : Sous l\u2019\u0153il complice de Modalit\u00e9s d\u2019attribution des prix \u00c0 la demande du jury, un Grand Prix a \u00e9t\u00e9 d\u00e9cern\u00e9 \u00e0 chacune des cat\u00e9gories (ex : Grand Prix des [&hellip;]\" \/>\n<meta property=\"og:url\" content=\"https:\/\/operation-moliere.net\/index.php\/defi-moliere\/edition-2022-2023\/palmares-2022-2023\/\" \/>\n<meta property=\"og:site_name\" content=\"Op\u00e9ration Moli\u00e8re\" \/>\n<meta property=\"article:modified_time\" content=\"2023-06-16T10:34:33+00:00\" \/>\n<meta name=\"twitter:card\" content=\"summary_large_image\" \/>\n<meta name=\"twitter:label1\" content=\"Dur\u00e9e de lecture estim\u00e9e\" \/>\n\t<meta name=\"twitter:data1\" content=\"2 minutes\" \/>\n<script type=\"application\/ld+json\" class=\"yoast-schema-graph\">{\"@context\":\"https:\\\/\\\/schema.org\",\"@graph\":[{\"@type\":\"WebPage\",\"@id\":\"https:\\\/\\\/operation-moliere.net\\\/index.php\\\/defi-moliere\\\/edition-2022-2023\\\/palmares-2022-2023\\\/\",\"url\":\"https:\\\/\\\/operation-moliere.net\\\/index.php\\\/defi-moliere\\\/edition-2022-2023\\\/palmares-2022-2023\\\/\",\"name\":\"PALMAR\u00c8S - 2022-2023 - Op\u00e9ration Moli\u00e8re\",\"isPartOf\":{\"@id\":\"https:\\\/\\\/operation-moliere.net\\\/#website\"},\"datePublished\":\"2023-06-15T14:50:35+00:00\",\"dateModified\":\"2023-06-16T10:34:33+00:00\",\"breadcrumb\":{\"@id\":\"https:\\\/\\\/operation-moliere.net\\\/index.php\\\/defi-moliere\\\/edition-2022-2023\\\/palmares-2022-2023\\\/#breadcrumb\"},\"inLanguage\":\"fr-FR\",\"potentialAction\":[{\"@type\":\"ReadAction\",\"target\":[\"https:\\\/\\\/operation-moliere.net\\\/index.php\\\/defi-moliere\\\/edition-2022-2023\\\/palmares-2022-2023\\\/\"]}]},{\"@type\":\"BreadcrumbList\",\"@id\":\"https:\\\/\\\/operation-moliere.net\\\/index.php\\\/defi-moliere\\\/edition-2022-2023\\\/palmares-2022-2023\\\/#breadcrumb\",\"itemListElement\":[{\"@type\":\"ListItem\",\"position\":1,\"name\":\"Accueil\",\"item\":\"https:\\\/\\\/operation-moliere.net\\\/\"},{\"@type\":\"ListItem\",\"position\":2,\"name\":\"LE D\u00c9FI MOLI\u00c8RE\",\"item\":\"https:\\\/\\\/operation-moliere.net\\\/index.php\\\/defi-moliere\\\/\"},{\"@type\":\"ListItem\",\"position\":3,\"name\":\"\u00c9DITION 2022-2023\",\"item\":\"https:\\\/\\\/operation-moliere.net\\\/index.php\\\/defi-moliere\\\/edition-2022-2023\\\/\"},{\"@type\":\"ListItem\",\"position\":4,\"name\":\"PALMAR\u00c8S &#8211; 2022-2023\"}]},{\"@type\":\"WebSite\",\"@id\":\"https:\\\/\\\/operation-moliere.net\\\/#website\",\"url\":\"https:\\\/\\\/operation-moliere.net\\\/\",\"name\":\"Op\u00e9ration Moli\u00e8re\",\"description\":\"\",\"publisher\":{\"@id\":\"https:\\\/\\\/operation-moliere.net\\\/#organization\"},\"potentialAction\":[{\"@type\":\"SearchAction\",\"target\":{\"@type\":\"EntryPoint\",\"urlTemplate\":\"https:\\\/\\\/operation-moliere.net\\\/?s={search_term_string}\"},\"query-input\":{\"@type\":\"PropertyValueSpecification\",\"valueRequired\":true,\"valueName\":\"search_term_string\"}}],\"inLanguage\":\"fr-FR\"},{\"@type\":\"Organization\",\"@id\":\"https:\\\/\\\/operation-moliere.net\\\/#organization\",\"name\":\"Op\u00e9ration Moli\u00e8re\",\"url\":\"https:\\\/\\\/operation-moliere.net\\\/\",\"logo\":{\"@type\":\"ImageObject\",\"inLanguage\":\"fr-FR\",\"@id\":\"https:\\\/\\\/operation-moliere.net\\\/#\\\/schema\\\/logo\\\/image\\\/\",\"url\":\"https:\\\/\\\/i1.wp.com\\\/operati.cluster030.hosting.ovh.net\\\/wp-content\\\/uploads\\\/2020\\\/11\\\/logo_signature_min_remonte.jpg?fit=1750%2C1567\",\"contentUrl\":\"https:\\\/\\\/i1.wp.com\\\/operati.cluster030.hosting.ovh.net\\\/wp-content\\\/uploads\\\/2020\\\/11\\\/logo_signature_min_remonte.jpg?fit=1750%2C1567\",\"width\":1750,\"height\":1567,\"caption\":\"Op\u00e9ration Moli\u00e8re\"},\"image\":{\"@id\":\"https:\\\/\\\/operation-moliere.net\\\/#\\\/schema\\\/logo\\\/image\\\/\"}}]}<\/script>\n<!-- \/ Yoast SEO plugin. -->","yoast_head_json":{"title":"PALMAR\u00c8S - 2022-2023 - Op\u00e9ration Moli\u00e8re","robots":{"index":"index","follow":"follow","max-snippet":"max-snippet:-1","max-image-preview":"max-image-preview:large","max-video-preview":"max-video-preview:-1"},"canonical":"https:\/\/operation-moliere.net\/index.php\/defi-moliere\/edition-2022-2023\/palmares-2022-2023\/","og_locale":"fr_FR","og_type":"article","og_title":"PALMAR\u00c8S - 2022-2023 - Op\u00e9ration Moli\u00e8re","og_description":"Le Jury du d\u00e9fi\u00a0Lib\u00e9rons Moli\u00e8re !, \u00e9dition 2023 s\u2019est r\u00e9uni. Liens vers les r\u00e9sultats en bas de page Composition du jury : Sous l\u2019\u0153il complice de Modalit\u00e9s d\u2019attribution des prix \u00c0 la demande du jury, un Grand Prix a \u00e9t\u00e9 d\u00e9cern\u00e9 \u00e0 chacune des cat\u00e9gories (ex : Grand Prix des [&hellip;]","og_url":"https:\/\/operation-moliere.net\/index.php\/defi-moliere\/edition-2022-2023\/palmares-2022-2023\/","og_site_name":"Op\u00e9ration Moli\u00e8re","article_modified_time":"2023-06-16T10:34:33+00:00","twitter_card":"summary_large_image","twitter_misc":{"Dur\u00e9e de lecture estim\u00e9e":"2 minutes"},"schema":{"@context":"https:\/\/schema.org","@graph":[{"@type":"WebPage","@id":"https:\/\/operation-moliere.net\/index.php\/defi-moliere\/edition-2022-2023\/palmares-2022-2023\/","url":"https:\/\/operation-moliere.net\/index.php\/defi-moliere\/edition-2022-2023\/palmares-2022-2023\/","name":"PALMAR\u00c8S - 2022-2023 - Op\u00e9ration Moli\u00e8re","isPartOf":{"@id":"https:\/\/operation-moliere.net\/#website"},"datePublished":"2023-06-15T14:50:35+00:00","dateModified":"2023-06-16T10:34:33+00:00","breadcrumb":{"@id":"https:\/\/operation-moliere.net\/index.php\/defi-moliere\/edition-2022-2023\/palmares-2022-2023\/#breadcrumb"},"inLanguage":"fr-FR","potentialAction":[{"@type":"ReadAction","target":["https:\/\/operation-moliere.net\/index.php\/defi-moliere\/edition-2022-2023\/palmares-2022-2023\/"]}]},{"@type":"BreadcrumbList","@id":"https:\/\/operation-moliere.net\/index.php\/defi-moliere\/edition-2022-2023\/palmares-2022-2023\/#breadcrumb","itemListElement":[{"@type":"ListItem","position":1,"name":"Accueil","item":"https:\/\/operation-moliere.net\/"},{"@type":"ListItem","position":2,"name":"LE D\u00c9FI MOLI\u00c8RE","item":"https:\/\/operation-moliere.net\/index.php\/defi-moliere\/"},{"@type":"ListItem","position":3,"name":"\u00c9DITION 2022-2023","item":"https:\/\/operation-moliere.net\/index.php\/defi-moliere\/edition-2022-2023\/"},{"@type":"ListItem","position":4,"name":"PALMAR\u00c8S &#8211; 2022-2023"}]},{"@type":"WebSite","@id":"https:\/\/operation-moliere.net\/#website","url":"https:\/\/operation-moliere.net\/","name":"Op\u00e9ration Moli\u00e8re","description":"","publisher":{"@id":"https:\/\/operation-moliere.net\/#organization"},"potentialAction":[{"@type":"SearchAction","target":{"@type":"EntryPoint","urlTemplate":"https:\/\/operation-moliere.net\/?s={search_term_string}"},"query-input":{"@type":"PropertyValueSpecification","valueRequired":true,"valueName":"search_term_string"}}],"inLanguage":"fr-FR"},{"@type":"Organization","@id":"https:\/\/operation-moliere.net\/#organization","name":"Op\u00e9ration Moli\u00e8re","url":"https:\/\/operation-moliere.net\/","logo":{"@type":"ImageObject","inLanguage":"fr-FR","@id":"https:\/\/operation-moliere.net\/#\/schema\/logo\/image\/","url":"https:\/\/i1.wp.com\/operati.cluster030.hosting.ovh.net\/wp-content\/uploads\/2020\/11\/logo_signature_min_remonte.jpg?fit=1750%2C1567","contentUrl":"https:\/\/i1.wp.com\/operati.cluster030.hosting.ovh.net\/wp-content\/uploads\/2020\/11\/logo_signature_min_remonte.jpg?fit=1750%2C1567","width":1750,"height":1567,"caption":"Op\u00e9ration Moli\u00e8re"},"image":{"@id":"https:\/\/operation-moliere.net\/#\/schema\/logo\/image\/"}}]}},"jetpack_sharing_enabled":true,"_links":{"self":[{"href":"https:\/\/operation-moliere.net\/index.php\/wp-json\/wp\/v2\/pages\/2926","targetHints":{"allow":["GET"]}}],"collection":[{"href":"https:\/\/operation-moliere.net\/index.php\/wp-json\/wp\/v2\/pages"}],"about":[{"href":"https:\/\/operation-moliere.net\/index.php\/wp-json\/wp\/v2\/types\/page"}],"author":[{"embeddable":true,"href":"https:\/\/operation-moliere.net\/index.php\/wp-json\/wp\/v2\/users\/1"}],"replies":[{"embeddable":true,"href":"https:\/\/operation-moliere.net\/index.php\/wp-json\/wp\/v2\/comments?post=2926"}],"version-history":[{"count":5,"href":"https:\/\/operation-moliere.net\/index.php\/wp-json\/wp\/v2\/pages\/2926\/revisions"}],"predecessor-version":[{"id":3072,"href":"https:\/\/operation-moliere.net\/index.php\/wp-json\/wp\/v2\/pages\/2926\/revisions\/3072"}],"up":[{"embeddable":true,"href":"https:\/\/operation-moliere.net\/index.php\/wp-json\/wp\/v2\/pages\/2833"}],"wp:attachment":[{"href":"https:\/\/operation-moliere.net\/index.php\/wp-json\/wp\/v2\/media?parent=2926"}],"curies":[{"name":"wp","href":"https:\/\/api.w.org\/{rel}","templated":true}]}}