{"id":2122,"date":"2021-09-20T17:45:28","date_gmt":"2021-09-20T15:45:28","guid":{"rendered":"http:\/\/operati.cluster030.hosting.ovh.net\/?page_id=2122"},"modified":"2023-06-05T17:31:46","modified_gmt":"2023-06-05T15:31:46","slug":"moliere-ca-tinspire-textes-a-decouvrir-a-jouer","status":"publish","type":"page","link":"https:\/\/operation-moliere.net\/index.php\/outils-pedagogiques\/oeuvres-de-ou-en-echo-des-le-cp\/moliere-ca-tinspire-textes-a-decouvrir-a-jouer\/","title":{"rendered":"Moli\u00e8re, \u00e7a t\u2019inspire ? Textes \u00e0 d\u00e9couvrir, \u00e0 jouer&#8230;"},"content":{"rendered":"\n<div class=\"wp-block-themeisle-blocks-advanced-columns has-1-columns has-desktop-equal-layout has-tablet-equal-layout has-mobile-equal-layout has-default-gap has-vertical-unset\" id=\"wp-block-themeisle-blocks-advanced-columns-c8a485ad\"><div class=\"wp-block-themeisle-blocks-advanced-columns-overlay\"><\/div><div class=\"innerblocks-wrap\">\n<div class=\"wp-block-themeisle-blocks-advanced-column\" id=\"wp-block-themeisle-blocks-advanced-column-3fe95421\">\n<p>Dans le cadre de l&#8217;Op\u00e9ration Moli\u00e8re, l&#8217;ANRAT et les \u00e9crivains associ\u00e9s du th\u00e9\u00e2tre (<a href=\"http:\/\/www.eatheatre.fr\/\" rel=\"noreferrer noopener\" target=\"_blank\">EAT<\/a>) ont propos\u00e9 l\u2019appel \u00e0 textes&nbsp;\u201c<strong>Moli\u00e8re, \u00e7a t\u2019inspire ?<\/strong>\u201d ouvert \u00e0 tous les auteurs ou autrices.<\/p>\n<\/div>\n<\/div><\/div>\n\n\n\n<ul class=\"wp-block-list\">\n<li><em><strong><a href=\"https:\/\/operation-moliere.net\/wp-content\/uploads\/2021\/09\/Le-don-dElvire-Ope\u0301ration-Molie\u0300re-TEXTE-.pdf\" target=\"_blank\" rel=\"noreferrer noopener\">Le Don d\u2019Elvire<\/a><\/strong><\/em>&nbsp;<strong>de Didier Gauroy<\/strong> ;<\/li>\n\n\n\n<li><strong><a href=\"https:\/\/operation-moliere.net\/wp-content\/uploads\/2021\/09\/Simplement-malade-.pdf\" target=\"_blank\" rel=\"noreferrer noopener\"><em>Simplement Malade ?<\/em>&nbsp;<\/a>de Pierrette Dupoyet <\/strong>;<\/li>\n\n\n\n<li><strong><a href=\"https:\/\/operation-moliere.net\/wp-content\/uploads\/2021\/09\/Pardon-Moliere-3.pdf\" target=\"_blank\" rel=\"noreferrer noopener\"><em>Pardon Moli\u00e8re !<\/em>&nbsp;<\/a>de Laura Desprein<\/strong> ;<\/li>\n\n\n\n<li><strong><a href=\"https:\/\/operation-moliere.net\/wp-content\/uploads\/2021\/09\/AFFRANCHIR-1.pdf\" target=\"_blank\" rel=\"noreferrer noopener\"><em>AFFRANCHIR<\/em>&nbsp;<\/a><\/strong> <strong>de C\u00e9cile Fraisse-Bareille<\/strong> ;<\/li>\n\n\n\n<li><em><strong><a href=\"https:\/\/operation-moliere.net\/wp-content\/uploads\/2021\/09\/THE-TEAM-AGER-1.pdf\" target=\"_blank\" rel=\"noreferrer noopener\">T<\/a><\/strong><\/em><strong><em><a href=\"https:\/\/operation-moliere.net\/wp-content\/uploads\/2021\/09\/THE-TEAM-AGER-1.pdf\" target=\"_blank\" rel=\"noreferrer noopener\">HE TEAM AGER<\/a> <\/em>de Lise Martin et&nbsp;de Natalie Rafal.<\/strong><\/li>\n<\/ul>\n\n\n\n<p><\/p>\n\n\n\n<p><\/p>\n\n\n\n<p><strong>Rappel de l&#8217;appel \u00e0 texte : <\/strong><\/p>\n\n\n\n<p>En s&#8217;inspirant d\u2019une des th\u00e9matiques du r\u00e9pertoire ci-dessous, \u00e9crire une courte pi\u00e8ce dialogu\u00e9e en lien avec le monde contemporain.<br><br>Exemple : Valets\/ma\u00eetres &gt; esclavage domestique<br><br>M\u00e9decin, m\u00e9decine : <em>L\u2019Amour m\u00e9decin<\/em>, <em>Le M\u00e9decin volant<\/em>, <em>Le M\u00e9decin malgr\u00e9 lui<\/em>, <em>Monsieur de Pourceaugnac<\/em>, <em>Le Malade imaginaire<\/em>&#8230;<br>G\u00e9n\u00e9rations : <em>L\u2019\u00c9cole des femmes<\/em>, <em>L\u2019Avare<\/em>, <em>Dom Juan<\/em>, <em>Le Malade imaginair<\/em>e&#8230;<br>Les Femmes : <em>L\u2019Amour m\u00e9decin<\/em>, <em>L\u2019\u00c9cole des femmes<\/em>, <em>Tartuffe<\/em>, <em>Les Pr\u00e9cieuses ridicules<\/em>, <em>Les Femmes savantes<\/em>&#8230;<br>Valets\/Ma\u00eetres : <em>Les Fourberies de Scapin<\/em>, <em>Le Bourgeois gentilhomme<\/em>, <em>L\u2019Avare<\/em>&#8230;<br><br><br>Choisir le genre et la dramaturgie, laissant libre cours \u00e0 l&#8217;imagination.<br>Ces textes sont destin\u00e9s aux professeurs et aux artistes intervenants. Ils seront travaill\u00e9s et jou\u00e9s en groupe par les jeunes qu\u2019ils encadrent (\u00e0 titre \u00e0 indicatif entre 6 et 18 ans). Le nombre de personnages est laiss\u00e9 \u00e0 l&#8217;appr\u00e9ciation.<\/p>\n","protected":false},"excerpt":{"rendered":"<p>Rappel de l&#8217;appel \u00e0 texte : En s&#8217;inspirant d\u2019une des th\u00e9matiques du r\u00e9pertoire ci-dessous, \u00e9crire une courte pi\u00e8ce dialogu\u00e9e en lien avec le monde contemporain. Exemple : Valets\/ma\u00eetres &gt; esclavage domestique M\u00e9decin, m\u00e9decine : L\u2019Amour m\u00e9decin, Le M\u00e9decin volant, Le M\u00e9decin malgr\u00e9 lui, Monsieur de Pourceaugnac, Le Malade imaginaire&#8230;G\u00e9n\u00e9rations : [&hellip;]<\/p>\n","protected":false},"author":1,"featured_media":0,"parent":472,"menu_order":0,"comment_status":"closed","ping_status":"closed","template":"","meta":{"footnotes":""},"class_list":["post-2122","page","type-page","status-publish","hentry"],"yoast_head":"<!-- This site is optimized with the Yoast SEO plugin v27.3 - https:\/\/yoast.com\/product\/yoast-seo-wordpress\/ -->\n<title>Moli\u00e8re, \u00e7a t\u2019inspire ? Textes \u00e0 d\u00e9couvrir, \u00e0 jouer... - Op\u00e9ration Moli\u00e8re<\/title>\n<meta name=\"robots\" content=\"index, follow, max-snippet:-1, max-image-preview:large, max-video-preview:-1\" \/>\n<link rel=\"canonical\" href=\"https:\/\/operation-moliere.net\/index.php\/outils-pedagogiques\/oeuvres-de-ou-en-echo-des-le-cp\/moliere-ca-tinspire-textes-a-decouvrir-a-jouer\/\" \/>\n<meta property=\"og:locale\" content=\"fr_FR\" \/>\n<meta property=\"og:type\" content=\"article\" \/>\n<meta property=\"og:title\" content=\"Moli\u00e8re, \u00e7a t\u2019inspire ? Textes \u00e0 d\u00e9couvrir, \u00e0 jouer... - Op\u00e9ration Moli\u00e8re\" \/>\n<meta property=\"og:description\" content=\"Rappel de l&#8217;appel \u00e0 texte : En s&#8217;inspirant d\u2019une des th\u00e9matiques du r\u00e9pertoire ci-dessous, \u00e9crire une courte pi\u00e8ce dialogu\u00e9e en lien avec le monde contemporain. Exemple : Valets\/ma\u00eetres &gt; esclavage domestique M\u00e9decin, m\u00e9decine : L\u2019Amour m\u00e9decin, Le M\u00e9decin volant, Le M\u00e9decin malgr\u00e9 lui, Monsieur de Pourceaugnac, Le Malade imaginaire&#8230;G\u00e9n\u00e9rations : [&hellip;]\" \/>\n<meta property=\"og:url\" content=\"https:\/\/operation-moliere.net\/index.php\/outils-pedagogiques\/oeuvres-de-ou-en-echo-des-le-cp\/moliere-ca-tinspire-textes-a-decouvrir-a-jouer\/\" \/>\n<meta property=\"og:site_name\" content=\"Op\u00e9ration Moli\u00e8re\" \/>\n<meta property=\"article:modified_time\" content=\"2023-06-05T15:31:46+00:00\" \/>\n<meta name=\"twitter:card\" content=\"summary_large_image\" \/>\n<meta name=\"twitter:label1\" content=\"Dur\u00e9e de lecture estim\u00e9e\" \/>\n\t<meta name=\"twitter:data1\" content=\"1 minute\" \/>\n<script type=\"application\/ld+json\" class=\"yoast-schema-graph\">{\"@context\":\"https:\\\/\\\/schema.org\",\"@graph\":[{\"@type\":\"WebPage\",\"@id\":\"https:\\\/\\\/operation-moliere.net\\\/index.php\\\/outils-pedagogiques\\\/oeuvres-de-ou-en-echo-des-le-cp\\\/moliere-ca-tinspire-textes-a-decouvrir-a-jouer\\\/\",\"url\":\"https:\\\/\\\/operation-moliere.net\\\/index.php\\\/outils-pedagogiques\\\/oeuvres-de-ou-en-echo-des-le-cp\\\/moliere-ca-tinspire-textes-a-decouvrir-a-jouer\\\/\",\"name\":\"Moli\u00e8re, \u00e7a t\u2019inspire ? Textes \u00e0 d\u00e9couvrir, \u00e0 jouer... - Op\u00e9ration Moli\u00e8re\",\"isPartOf\":{\"@id\":\"https:\\\/\\\/operation-moliere.net\\\/#website\"},\"datePublished\":\"2021-09-20T15:45:28+00:00\",\"dateModified\":\"2023-06-05T15:31:46+00:00\",\"breadcrumb\":{\"@id\":\"https:\\\/\\\/operation-moliere.net\\\/index.php\\\/outils-pedagogiques\\\/oeuvres-de-ou-en-echo-des-le-cp\\\/moliere-ca-tinspire-textes-a-decouvrir-a-jouer\\\/#breadcrumb\"},\"inLanguage\":\"fr-FR\",\"potentialAction\":[{\"@type\":\"ReadAction\",\"target\":[\"https:\\\/\\\/operation-moliere.net\\\/index.php\\\/outils-pedagogiques\\\/oeuvres-de-ou-en-echo-des-le-cp\\\/moliere-ca-tinspire-textes-a-decouvrir-a-jouer\\\/\"]}]},{\"@type\":\"BreadcrumbList\",\"@id\":\"https:\\\/\\\/operation-moliere.net\\\/index.php\\\/outils-pedagogiques\\\/oeuvres-de-ou-en-echo-des-le-cp\\\/moliere-ca-tinspire-textes-a-decouvrir-a-jouer\\\/#breadcrumb\",\"itemListElement\":[{\"@type\":\"ListItem\",\"position\":1,\"name\":\"Accueil\",\"item\":\"https:\\\/\\\/operation-moliere.net\\\/\"},{\"@type\":\"ListItem\",\"position\":2,\"name\":\"OUTILS P\u00c9DAGOGIQUES ET LUDIQUES\",\"item\":\"https:\\\/\\\/operation-moliere.net\\\/index.php\\\/outils-pedagogiques\\\/\"},{\"@type\":\"ListItem\",\"position\":3,\"name\":\"\u0152UVRES DE, D&#8217;APR\u00c8S OU EN \u00c9CHO&#8230;D\u00c8S LE CP\",\"item\":\"https:\\\/\\\/operation-moliere.net\\\/index.php\\\/outils-pedagogiques\\\/oeuvres-de-ou-en-echo-des-le-cp\\\/\"},{\"@type\":\"ListItem\",\"position\":4,\"name\":\"Moli\u00e8re, \u00e7a t\u2019inspire ? Textes \u00e0 d\u00e9couvrir, \u00e0 jouer&#8230;\"}]},{\"@type\":\"WebSite\",\"@id\":\"https:\\\/\\\/operation-moliere.net\\\/#website\",\"url\":\"https:\\\/\\\/operation-moliere.net\\\/\",\"name\":\"Op\u00e9ration Moli\u00e8re\",\"description\":\"\",\"publisher\":{\"@id\":\"https:\\\/\\\/operation-moliere.net\\\/#organization\"},\"potentialAction\":[{\"@type\":\"SearchAction\",\"target\":{\"@type\":\"EntryPoint\",\"urlTemplate\":\"https:\\\/\\\/operation-moliere.net\\\/?s={search_term_string}\"},\"query-input\":{\"@type\":\"PropertyValueSpecification\",\"valueRequired\":true,\"valueName\":\"search_term_string\"}}],\"inLanguage\":\"fr-FR\"},{\"@type\":\"Organization\",\"@id\":\"https:\\\/\\\/operation-moliere.net\\\/#organization\",\"name\":\"Op\u00e9ration Moli\u00e8re\",\"url\":\"https:\\\/\\\/operation-moliere.net\\\/\",\"logo\":{\"@type\":\"ImageObject\",\"inLanguage\":\"fr-FR\",\"@id\":\"https:\\\/\\\/operation-moliere.net\\\/#\\\/schema\\\/logo\\\/image\\\/\",\"url\":\"https:\\\/\\\/i1.wp.com\\\/operati.cluster030.hosting.ovh.net\\\/wp-content\\\/uploads\\\/2020\\\/11\\\/logo_signature_min_remonte.jpg?fit=1750%2C1567\",\"contentUrl\":\"https:\\\/\\\/i1.wp.com\\\/operati.cluster030.hosting.ovh.net\\\/wp-content\\\/uploads\\\/2020\\\/11\\\/logo_signature_min_remonte.jpg?fit=1750%2C1567\",\"width\":1750,\"height\":1567,\"caption\":\"Op\u00e9ration Moli\u00e8re\"},\"image\":{\"@id\":\"https:\\\/\\\/operation-moliere.net\\\/#\\\/schema\\\/logo\\\/image\\\/\"}}]}<\/script>\n<!-- \/ Yoast SEO plugin. -->","yoast_head_json":{"title":"Moli\u00e8re, \u00e7a t\u2019inspire ? Textes \u00e0 d\u00e9couvrir, \u00e0 jouer... - Op\u00e9ration Moli\u00e8re","robots":{"index":"index","follow":"follow","max-snippet":"max-snippet:-1","max-image-preview":"max-image-preview:large","max-video-preview":"max-video-preview:-1"},"canonical":"https:\/\/operation-moliere.net\/index.php\/outils-pedagogiques\/oeuvres-de-ou-en-echo-des-le-cp\/moliere-ca-tinspire-textes-a-decouvrir-a-jouer\/","og_locale":"fr_FR","og_type":"article","og_title":"Moli\u00e8re, \u00e7a t\u2019inspire ? Textes \u00e0 d\u00e9couvrir, \u00e0 jouer... - Op\u00e9ration Moli\u00e8re","og_description":"Rappel de l&#8217;appel \u00e0 texte : En s&#8217;inspirant d\u2019une des th\u00e9matiques du r\u00e9pertoire ci-dessous, \u00e9crire une courte pi\u00e8ce dialogu\u00e9e en lien avec le monde contemporain. Exemple : Valets\/ma\u00eetres &gt; esclavage domestique M\u00e9decin, m\u00e9decine : L\u2019Amour m\u00e9decin, Le M\u00e9decin volant, Le M\u00e9decin malgr\u00e9 lui, Monsieur de Pourceaugnac, Le Malade imaginaire&#8230;G\u00e9n\u00e9rations : [&hellip;]","og_url":"https:\/\/operation-moliere.net\/index.php\/outils-pedagogiques\/oeuvres-de-ou-en-echo-des-le-cp\/moliere-ca-tinspire-textes-a-decouvrir-a-jouer\/","og_site_name":"Op\u00e9ration Moli\u00e8re","article_modified_time":"2023-06-05T15:31:46+00:00","twitter_card":"summary_large_image","twitter_misc":{"Dur\u00e9e de lecture estim\u00e9e":"1 minute"},"schema":{"@context":"https:\/\/schema.org","@graph":[{"@type":"WebPage","@id":"https:\/\/operation-moliere.net\/index.php\/outils-pedagogiques\/oeuvres-de-ou-en-echo-des-le-cp\/moliere-ca-tinspire-textes-a-decouvrir-a-jouer\/","url":"https:\/\/operation-moliere.net\/index.php\/outils-pedagogiques\/oeuvres-de-ou-en-echo-des-le-cp\/moliere-ca-tinspire-textes-a-decouvrir-a-jouer\/","name":"Moli\u00e8re, \u00e7a t\u2019inspire ? Textes \u00e0 d\u00e9couvrir, \u00e0 jouer... - Op\u00e9ration Moli\u00e8re","isPartOf":{"@id":"https:\/\/operation-moliere.net\/#website"},"datePublished":"2021-09-20T15:45:28+00:00","dateModified":"2023-06-05T15:31:46+00:00","breadcrumb":{"@id":"https:\/\/operation-moliere.net\/index.php\/outils-pedagogiques\/oeuvres-de-ou-en-echo-des-le-cp\/moliere-ca-tinspire-textes-a-decouvrir-a-jouer\/#breadcrumb"},"inLanguage":"fr-FR","potentialAction":[{"@type":"ReadAction","target":["https:\/\/operation-moliere.net\/index.php\/outils-pedagogiques\/oeuvres-de-ou-en-echo-des-le-cp\/moliere-ca-tinspire-textes-a-decouvrir-a-jouer\/"]}]},{"@type":"BreadcrumbList","@id":"https:\/\/operation-moliere.net\/index.php\/outils-pedagogiques\/oeuvres-de-ou-en-echo-des-le-cp\/moliere-ca-tinspire-textes-a-decouvrir-a-jouer\/#breadcrumb","itemListElement":[{"@type":"ListItem","position":1,"name":"Accueil","item":"https:\/\/operation-moliere.net\/"},{"@type":"ListItem","position":2,"name":"OUTILS P\u00c9DAGOGIQUES ET LUDIQUES","item":"https:\/\/operation-moliere.net\/index.php\/outils-pedagogiques\/"},{"@type":"ListItem","position":3,"name":"\u0152UVRES DE, D&#8217;APR\u00c8S OU EN \u00c9CHO&#8230;D\u00c8S LE CP","item":"https:\/\/operation-moliere.net\/index.php\/outils-pedagogiques\/oeuvres-de-ou-en-echo-des-le-cp\/"},{"@type":"ListItem","position":4,"name":"Moli\u00e8re, \u00e7a t\u2019inspire ? Textes \u00e0 d\u00e9couvrir, \u00e0 jouer&#8230;"}]},{"@type":"WebSite","@id":"https:\/\/operation-moliere.net\/#website","url":"https:\/\/operation-moliere.net\/","name":"Op\u00e9ration Moli\u00e8re","description":"","publisher":{"@id":"https:\/\/operation-moliere.net\/#organization"},"potentialAction":[{"@type":"SearchAction","target":{"@type":"EntryPoint","urlTemplate":"https:\/\/operation-moliere.net\/?s={search_term_string}"},"query-input":{"@type":"PropertyValueSpecification","valueRequired":true,"valueName":"search_term_string"}}],"inLanguage":"fr-FR"},{"@type":"Organization","@id":"https:\/\/operation-moliere.net\/#organization","name":"Op\u00e9ration Moli\u00e8re","url":"https:\/\/operation-moliere.net\/","logo":{"@type":"ImageObject","inLanguage":"fr-FR","@id":"https:\/\/operation-moliere.net\/#\/schema\/logo\/image\/","url":"https:\/\/i1.wp.com\/operati.cluster030.hosting.ovh.net\/wp-content\/uploads\/2020\/11\/logo_signature_min_remonte.jpg?fit=1750%2C1567","contentUrl":"https:\/\/i1.wp.com\/operati.cluster030.hosting.ovh.net\/wp-content\/uploads\/2020\/11\/logo_signature_min_remonte.jpg?fit=1750%2C1567","width":1750,"height":1567,"caption":"Op\u00e9ration Moli\u00e8re"},"image":{"@id":"https:\/\/operation-moliere.net\/#\/schema\/logo\/image\/"}}]}},"jetpack_sharing_enabled":true,"_links":{"self":[{"href":"https:\/\/operation-moliere.net\/index.php\/wp-json\/wp\/v2\/pages\/2122","targetHints":{"allow":["GET"]}}],"collection":[{"href":"https:\/\/operation-moliere.net\/index.php\/wp-json\/wp\/v2\/pages"}],"about":[{"href":"https:\/\/operation-moliere.net\/index.php\/wp-json\/wp\/v2\/types\/page"}],"author":[{"embeddable":true,"href":"https:\/\/operation-moliere.net\/index.php\/wp-json\/wp\/v2\/users\/1"}],"replies":[{"embeddable":true,"href":"https:\/\/operation-moliere.net\/index.php\/wp-json\/wp\/v2\/comments?post=2122"}],"version-history":[{"count":3,"href":"https:\/\/operation-moliere.net\/index.php\/wp-json\/wp\/v2\/pages\/2122\/revisions"}],"predecessor-version":[{"id":2992,"href":"https:\/\/operation-moliere.net\/index.php\/wp-json\/wp\/v2\/pages\/2122\/revisions\/2992"}],"up":[{"embeddable":true,"href":"https:\/\/operation-moliere.net\/index.php\/wp-json\/wp\/v2\/pages\/472"}],"wp:attachment":[{"href":"https:\/\/operation-moliere.net\/index.php\/wp-json\/wp\/v2\/media?parent=2122"}],"curies":[{"name":"wp","href":"https:\/\/api.w.org\/{rel}","templated":true}]}}