{"id":1862,"date":"2021-05-06T14:40:33","date_gmt":"2021-05-06T12:40:33","guid":{"rendered":"http:\/\/operati.cluster030.hosting.ovh.net\/?page_id=1862"},"modified":"2023-06-05T16:49:35","modified_gmt":"2023-06-05T14:49:35","slug":"moliere-et-la-censure","status":"publish","type":"page","link":"https:\/\/operation-moliere.net\/index.php\/ressources\/ressources-pedagogiques\/ressources-issues-de-nos-formations\/moliere-et-la-censure\/","title":{"rendered":"Moli\u00e8re et la censure"},"content":{"rendered":"\n<div class=\"wp-block-themeisle-blocks-advanced-columns has-1-columns has-desktop-equal-layout has-tablet-equal-layout has-mobile-equal-layout has-default-gap has-vertical-unset\" id=\"wp-block-themeisle-blocks-advanced-columns-bc1fd387\"><div class=\"wp-block-themeisle-blocks-advanced-columns-overlay\"><\/div><div class=\"innerblocks-wrap\">\n<div class=\"wp-block-themeisle-blocks-advanced-column\" id=\"wp-block-themeisle-blocks-advanced-column-59a34f0c\">\n<p><strong><span style=\"color:#851989\" class=\"has-inline-color\">Moli\u00e8re face \u00e0 la censure et l&#8217;autocensure &#8211;<\/span><\/strong> <strong>Intervention de Georges Forestier le 22 avril 2021.<\/strong><\/p>\n<\/div>\n<\/div><\/div>\n\n\n\n<figure class=\"wp-block-embed is-type-video is-provider-youtube wp-block-embed-youtube wp-embed-aspect-16-9 wp-has-aspect-ratio\"><div class=\"wp-block-embed__wrapper\">\n<iframe loading=\"lazy\" title=\"Moli\u00e8re face \u00e0 la censure et l&#039;autocensure\" width=\"750\" height=\"422\" src=\"https:\/\/www.youtube.com\/embed\/RFWx5Bg6lQc?feature=oembed\" frameborder=\"0\" allow=\"accelerometer; autoplay; clipboard-write; encrypted-media; gyroscope; picture-in-picture\" allowfullscreen><\/iframe>\n<\/div><\/figure>\n\n\n\n<p><strong><span style=\"color:#851989\" class=\"has-inline-color\">Moli\u00e8re et le th\u00e9\u00e2tre russe<\/span>. Intervention de B\u00e9atrice Picon-Vallin le 5 mai 2021.<\/strong><\/p>\n\n\n\n<figure class=\"wp-block-embed is-type-video is-provider-youtube wp-block-embed-youtube wp-embed-aspect-16-9 wp-has-aspect-ratio\"><div class=\"wp-block-embed__wrapper\">\n<iframe loading=\"lazy\" title=\"Moli\u00e8re et le th\u00e9\u00e2tre russe\" width=\"750\" height=\"422\" src=\"https:\/\/www.youtube.com\/embed\/SKsdS52tw-Y?feature=oembed\" frameborder=\"0\" allow=\"accelerometer; autoplay; clipboard-write; encrypted-media; gyroscope; picture-in-picture\" allowfullscreen><\/iframe>\n<\/div><\/figure>\n\n\n\n<p><strong><span style=\"color:#851989\" class=\"has-inline-color\">Moli\u00e8re et l&#8217;obsc\u00e8ne<\/span>. Intervention de Sever Martinot-Lagarde le 18 mai 2021.<\/strong><\/p>\n\n\n\n<figure class=\"wp-block-embed is-type-video is-provider-youtube wp-block-embed-youtube wp-embed-aspect-16-9 wp-has-aspect-ratio\"><div class=\"wp-block-embed__wrapper\">\n<iframe loading=\"lazy\" title=\"Moli\u00e8re et l&#039;obsc\u00e8ne\" width=\"750\" height=\"422\" src=\"https:\/\/www.youtube.com\/embed\/gxxsog9SEWY?feature=oembed\" frameborder=\"0\" allow=\"accelerometer; autoplay; clipboard-write; encrypted-media; gyroscope; picture-in-picture\" allowfullscreen><\/iframe>\n<\/div><\/figure>\n","protected":false},"excerpt":{"rendered":"<p>Moli\u00e8re et le th\u00e9\u00e2tre russe. Intervention de B\u00e9atrice Picon-Vallin le 5 mai 2021. Moli\u00e8re et l&#8217;obsc\u00e8ne. Intervention de Sever Martinot-Lagarde le 18 mai 2021.<\/p>\n","protected":false},"author":1,"featured_media":0,"parent":1690,"menu_order":0,"comment_status":"closed","ping_status":"closed","template":"","meta":{"footnotes":""},"class_list":["post-1862","page","type-page","status-publish","hentry"],"yoast_head":"<!-- This site is optimized with the Yoast SEO plugin v27.3 - https:\/\/yoast.com\/product\/yoast-seo-wordpress\/ -->\n<title>Moli\u00e8re et la censure - Op\u00e9ration Moli\u00e8re<\/title>\n<meta name=\"robots\" content=\"index, follow, max-snippet:-1, max-image-preview:large, max-video-preview:-1\" \/>\n<link rel=\"canonical\" href=\"https:\/\/operation-moliere.net\/index.php\/ressources\/ressources-pedagogiques\/ressources-issues-de-nos-formations\/moliere-et-la-censure\/\" \/>\n<meta property=\"og:locale\" content=\"fr_FR\" \/>\n<meta property=\"og:type\" content=\"article\" \/>\n<meta property=\"og:title\" content=\"Moli\u00e8re et la censure - Op\u00e9ration Moli\u00e8re\" \/>\n<meta property=\"og:description\" content=\"Moli\u00e8re et le th\u00e9\u00e2tre russe. Intervention de B\u00e9atrice Picon-Vallin le 5 mai 2021. Moli\u00e8re et l&#8217;obsc\u00e8ne. Intervention de Sever Martinot-Lagarde le 18 mai 2021.\" \/>\n<meta property=\"og:url\" content=\"https:\/\/operation-moliere.net\/index.php\/ressources\/ressources-pedagogiques\/ressources-issues-de-nos-formations\/moliere-et-la-censure\/\" \/>\n<meta property=\"og:site_name\" content=\"Op\u00e9ration Moli\u00e8re\" \/>\n<meta property=\"article:modified_time\" content=\"2023-06-05T14:49:35+00:00\" \/>\n<meta name=\"twitter:card\" content=\"summary_large_image\" \/>\n<meta name=\"twitter:label1\" content=\"Dur\u00e9e de lecture estim\u00e9e\" \/>\n\t<meta name=\"twitter:data1\" content=\"1 minute\" \/>\n<script type=\"application\/ld+json\" class=\"yoast-schema-graph\">{\"@context\":\"https:\\\/\\\/schema.org\",\"@graph\":[{\"@type\":\"WebPage\",\"@id\":\"https:\\\/\\\/operation-moliere.net\\\/index.php\\\/ressources\\\/ressources-pedagogiques\\\/ressources-issues-de-nos-formations\\\/moliere-et-la-censure\\\/\",\"url\":\"https:\\\/\\\/operation-moliere.net\\\/index.php\\\/ressources\\\/ressources-pedagogiques\\\/ressources-issues-de-nos-formations\\\/moliere-et-la-censure\\\/\",\"name\":\"Moli\u00e8re et la censure - Op\u00e9ration Moli\u00e8re\",\"isPartOf\":{\"@id\":\"https:\\\/\\\/operation-moliere.net\\\/#website\"},\"datePublished\":\"2021-05-06T12:40:33+00:00\",\"dateModified\":\"2023-06-05T14:49:35+00:00\",\"breadcrumb\":{\"@id\":\"https:\\\/\\\/operation-moliere.net\\\/index.php\\\/ressources\\\/ressources-pedagogiques\\\/ressources-issues-de-nos-formations\\\/moliere-et-la-censure\\\/#breadcrumb\"},\"inLanguage\":\"fr-FR\",\"potentialAction\":[{\"@type\":\"ReadAction\",\"target\":[\"https:\\\/\\\/operation-moliere.net\\\/index.php\\\/ressources\\\/ressources-pedagogiques\\\/ressources-issues-de-nos-formations\\\/moliere-et-la-censure\\\/\"]}]},{\"@type\":\"BreadcrumbList\",\"@id\":\"https:\\\/\\\/operation-moliere.net\\\/index.php\\\/ressources\\\/ressources-pedagogiques\\\/ressources-issues-de-nos-formations\\\/moliere-et-la-censure\\\/#breadcrumb\",\"itemListElement\":[{\"@type\":\"ListItem\",\"position\":1,\"name\":\"Accueil\",\"item\":\"https:\\\/\\\/operation-moliere.net\\\/\"},{\"@type\":\"ListItem\",\"position\":2,\"name\":\"RESSOURCES\",\"item\":\"https:\\\/\\\/operation-moliere.net\\\/index.php\\\/ressources\\\/\"},{\"@type\":\"ListItem\",\"position\":3,\"name\":\"RESSOURCES P\u00c9DAGOGIQUES\",\"item\":\"https:\\\/\\\/operation-moliere.net\\\/index.php\\\/ressources\\\/ressources-pedagogiques\\\/\"},{\"@type\":\"ListItem\",\"position\":4,\"name\":\"Ressources issues de nos formations\",\"item\":\"https:\\\/\\\/operation-moliere.net\\\/index.php\\\/ressources\\\/ressources-pedagogiques\\\/ressources-issues-de-nos-formations\\\/\"},{\"@type\":\"ListItem\",\"position\":5,\"name\":\"Moli\u00e8re et la censure\"}]},{\"@type\":\"WebSite\",\"@id\":\"https:\\\/\\\/operation-moliere.net\\\/#website\",\"url\":\"https:\\\/\\\/operation-moliere.net\\\/\",\"name\":\"Op\u00e9ration Moli\u00e8re\",\"description\":\"\",\"publisher\":{\"@id\":\"https:\\\/\\\/operation-moliere.net\\\/#organization\"},\"potentialAction\":[{\"@type\":\"SearchAction\",\"target\":{\"@type\":\"EntryPoint\",\"urlTemplate\":\"https:\\\/\\\/operation-moliere.net\\\/?s={search_term_string}\"},\"query-input\":{\"@type\":\"PropertyValueSpecification\",\"valueRequired\":true,\"valueName\":\"search_term_string\"}}],\"inLanguage\":\"fr-FR\"},{\"@type\":\"Organization\",\"@id\":\"https:\\\/\\\/operation-moliere.net\\\/#organization\",\"name\":\"Op\u00e9ration Moli\u00e8re\",\"url\":\"https:\\\/\\\/operation-moliere.net\\\/\",\"logo\":{\"@type\":\"ImageObject\",\"inLanguage\":\"fr-FR\",\"@id\":\"https:\\\/\\\/operation-moliere.net\\\/#\\\/schema\\\/logo\\\/image\\\/\",\"url\":\"https:\\\/\\\/i1.wp.com\\\/operati.cluster030.hosting.ovh.net\\\/wp-content\\\/uploads\\\/2020\\\/11\\\/logo_signature_min_remonte.jpg?fit=1750%2C1567\",\"contentUrl\":\"https:\\\/\\\/i1.wp.com\\\/operati.cluster030.hosting.ovh.net\\\/wp-content\\\/uploads\\\/2020\\\/11\\\/logo_signature_min_remonte.jpg?fit=1750%2C1567\",\"width\":1750,\"height\":1567,\"caption\":\"Op\u00e9ration Moli\u00e8re\"},\"image\":{\"@id\":\"https:\\\/\\\/operation-moliere.net\\\/#\\\/schema\\\/logo\\\/image\\\/\"}}]}<\/script>\n<!-- \/ Yoast SEO plugin. -->","yoast_head_json":{"title":"Moli\u00e8re et la censure - Op\u00e9ration Moli\u00e8re","robots":{"index":"index","follow":"follow","max-snippet":"max-snippet:-1","max-image-preview":"max-image-preview:large","max-video-preview":"max-video-preview:-1"},"canonical":"https:\/\/operation-moliere.net\/index.php\/ressources\/ressources-pedagogiques\/ressources-issues-de-nos-formations\/moliere-et-la-censure\/","og_locale":"fr_FR","og_type":"article","og_title":"Moli\u00e8re et la censure - Op\u00e9ration Moli\u00e8re","og_description":"Moli\u00e8re et le th\u00e9\u00e2tre russe. Intervention de B\u00e9atrice Picon-Vallin le 5 mai 2021. Moli\u00e8re et l&#8217;obsc\u00e8ne. Intervention de Sever Martinot-Lagarde le 18 mai 2021.","og_url":"https:\/\/operation-moliere.net\/index.php\/ressources\/ressources-pedagogiques\/ressources-issues-de-nos-formations\/moliere-et-la-censure\/","og_site_name":"Op\u00e9ration Moli\u00e8re","article_modified_time":"2023-06-05T14:49:35+00:00","twitter_card":"summary_large_image","twitter_misc":{"Dur\u00e9e de lecture estim\u00e9e":"1 minute"},"schema":{"@context":"https:\/\/schema.org","@graph":[{"@type":"WebPage","@id":"https:\/\/operation-moliere.net\/index.php\/ressources\/ressources-pedagogiques\/ressources-issues-de-nos-formations\/moliere-et-la-censure\/","url":"https:\/\/operation-moliere.net\/index.php\/ressources\/ressources-pedagogiques\/ressources-issues-de-nos-formations\/moliere-et-la-censure\/","name":"Moli\u00e8re et la censure - Op\u00e9ration Moli\u00e8re","isPartOf":{"@id":"https:\/\/operation-moliere.net\/#website"},"datePublished":"2021-05-06T12:40:33+00:00","dateModified":"2023-06-05T14:49:35+00:00","breadcrumb":{"@id":"https:\/\/operation-moliere.net\/index.php\/ressources\/ressources-pedagogiques\/ressources-issues-de-nos-formations\/moliere-et-la-censure\/#breadcrumb"},"inLanguage":"fr-FR","potentialAction":[{"@type":"ReadAction","target":["https:\/\/operation-moliere.net\/index.php\/ressources\/ressources-pedagogiques\/ressources-issues-de-nos-formations\/moliere-et-la-censure\/"]}]},{"@type":"BreadcrumbList","@id":"https:\/\/operation-moliere.net\/index.php\/ressources\/ressources-pedagogiques\/ressources-issues-de-nos-formations\/moliere-et-la-censure\/#breadcrumb","itemListElement":[{"@type":"ListItem","position":1,"name":"Accueil","item":"https:\/\/operation-moliere.net\/"},{"@type":"ListItem","position":2,"name":"RESSOURCES","item":"https:\/\/operation-moliere.net\/index.php\/ressources\/"},{"@type":"ListItem","position":3,"name":"RESSOURCES P\u00c9DAGOGIQUES","item":"https:\/\/operation-moliere.net\/index.php\/ressources\/ressources-pedagogiques\/"},{"@type":"ListItem","position":4,"name":"Ressources issues de nos formations","item":"https:\/\/operation-moliere.net\/index.php\/ressources\/ressources-pedagogiques\/ressources-issues-de-nos-formations\/"},{"@type":"ListItem","position":5,"name":"Moli\u00e8re et la censure"}]},{"@type":"WebSite","@id":"https:\/\/operation-moliere.net\/#website","url":"https:\/\/operation-moliere.net\/","name":"Op\u00e9ration Moli\u00e8re","description":"","publisher":{"@id":"https:\/\/operation-moliere.net\/#organization"},"potentialAction":[{"@type":"SearchAction","target":{"@type":"EntryPoint","urlTemplate":"https:\/\/operation-moliere.net\/?s={search_term_string}"},"query-input":{"@type":"PropertyValueSpecification","valueRequired":true,"valueName":"search_term_string"}}],"inLanguage":"fr-FR"},{"@type":"Organization","@id":"https:\/\/operation-moliere.net\/#organization","name":"Op\u00e9ration Moli\u00e8re","url":"https:\/\/operation-moliere.net\/","logo":{"@type":"ImageObject","inLanguage":"fr-FR","@id":"https:\/\/operation-moliere.net\/#\/schema\/logo\/image\/","url":"https:\/\/i1.wp.com\/operati.cluster030.hosting.ovh.net\/wp-content\/uploads\/2020\/11\/logo_signature_min_remonte.jpg?fit=1750%2C1567","contentUrl":"https:\/\/i1.wp.com\/operati.cluster030.hosting.ovh.net\/wp-content\/uploads\/2020\/11\/logo_signature_min_remonte.jpg?fit=1750%2C1567","width":1750,"height":1567,"caption":"Op\u00e9ration Moli\u00e8re"},"image":{"@id":"https:\/\/operation-moliere.net\/#\/schema\/logo\/image\/"}}]}},"jetpack_sharing_enabled":true,"_links":{"self":[{"href":"https:\/\/operation-moliere.net\/index.php\/wp-json\/wp\/v2\/pages\/1862","targetHints":{"allow":["GET"]}}],"collection":[{"href":"https:\/\/operation-moliere.net\/index.php\/wp-json\/wp\/v2\/pages"}],"about":[{"href":"https:\/\/operation-moliere.net\/index.php\/wp-json\/wp\/v2\/types\/page"}],"author":[{"embeddable":true,"href":"https:\/\/operation-moliere.net\/index.php\/wp-json\/wp\/v2\/users\/1"}],"replies":[{"embeddable":true,"href":"https:\/\/operation-moliere.net\/index.php\/wp-json\/wp\/v2\/comments?post=1862"}],"version-history":[{"count":3,"href":"https:\/\/operation-moliere.net\/index.php\/wp-json\/wp\/v2\/pages\/1862\/revisions"}],"predecessor-version":[{"id":1886,"href":"https:\/\/operation-moliere.net\/index.php\/wp-json\/wp\/v2\/pages\/1862\/revisions\/1886"}],"up":[{"embeddable":true,"href":"https:\/\/operation-moliere.net\/index.php\/wp-json\/wp\/v2\/pages\/1690"}],"wp:attachment":[{"href":"https:\/\/operation-moliere.net\/index.php\/wp-json\/wp\/v2\/media?parent=1862"}],"curies":[{"name":"wp","href":"https:\/\/api.w.org\/{rel}","templated":true}]}}