{"id":1450,"date":"2021-01-13T09:58:01","date_gmt":"2021-01-13T08:58:01","guid":{"rendered":"http:\/\/operati.cluster030.hosting.ovh.net\/?page_id=1450"},"modified":"2025-09-22T14:52:21","modified_gmt":"2025-09-22T12:52:21","slug":"le-malade-imaginaire","status":"publish","type":"page","link":"https:\/\/operation-moliere.net\/index.php\/ressources\/ressources-par-pieces\/le-malade-imaginaire\/","title":{"rendered":"Le Malade imaginaire"},"content":{"rendered":"\r\n<div class=\"wp-block-themeisle-blocks-advanced-columns has-1-columns has-desktop-equal-layout has-tablet-equal-layout has-mobile-equal-layout has-default-gap has-vertical-unset\" id=\"wp-block-themeisle-blocks-advanced-columns-fde1919a\">\r\n<div class=\"wp-block-themeisle-blocks-advanced-columns-overlay\"><\/div>\r\n<div class=\"innerblocks-wrap\">\r\n<div class=\"wp-block-themeisle-blocks-advanced-column\" id=\"wp-block-themeisle-blocks-advanced-column-20bfc8f6\"><\/div>\r\n<\/div>\r\n<\/div>\r\n\r\n\r\n\r\n<div class=\"wp-block-file\"><a id=\"wp-block-file--media-f4a8a864-55af-444d-b823-d0945c5c7e3a\" href=\"https:\/\/operation-moliere.net\/wp-content\/uploads\/2020\/12\/NT-piece-de-montee-le-malade-imaginaire-23706-16336.pdf\"><em>Le Malade imaginaire<\/em> &#8211; pi\u00e8ce (d\u00e9)mont\u00e9e<\/a><a href=\"https:\/\/operation-moliere.net\/wp-content\/uploads\/2020\/12\/NT-piece-de-montee-le-malade-imaginaire-23706-16336.pdf\" class=\"wp-block-file__button wp-element-button\" download=\"\" aria-describedby=\"wp-block-file--media-f4a8a864-55af-444d-b823-d0945c5c7e3a\">T\u00e9l\u00e9charger<\/a><\/div>\r\n\r\n\r\n\r\n<div class=\"wp-block-file\"><a id=\"wp-block-file--media-51e57fa6-58bb-497c-8ac7-f868606417fe\" href=\"https:\/\/operation-moliere.net\/wp-content\/uploads\/2020\/12\/Analyse-litt.-P.-Laudet-Malade-imaginaire-ACTE-I-sc1-5.pdf\">Analyse litt\u00e9raire, de Patrick Laudet &#8211; <em>Le Malade imaginaire<\/em>, ACTE I, sc\u00e8ne 1 \u00e0 5<\/a><a href=\"https:\/\/operation-moliere.net\/wp-content\/uploads\/2020\/12\/Analyse-litt.-P.-Laudet-Malade-imaginaire-ACTE-I-sc1-5.pdf\" class=\"wp-block-file__button wp-element-button\" download=\"\" aria-describedby=\"wp-block-file--media-51e57fa6-58bb-497c-8ac7-f868606417fe\">T\u00e9l\u00e9charger<\/a><\/div>\r\n\r\n\r\n\r\n<div class=\"wp-block-file\"><a id=\"wp-block-file--media-8a6a2b3b-b4be-4bec-a66a-d4d6e94b66a1\" href=\"https:\/\/operation-moliere.net\/wp-content\/uploads\/2020\/12\/AUTOUR-DE-LA-CAPTATION-LE-MALADE-IMAGINAIRE1-1.pdf\">AUTOUR DE LA CAPTATION &#8211; <em>Le Malade imaginaire<\/em> &#8211; La Com\u00e9die-Fran\u00e7aise<\/a><a href=\"https:\/\/operation-moliere.net\/wp-content\/uploads\/2020\/12\/AUTOUR-DE-LA-CAPTATION-LE-MALADE-IMAGINAIRE1-1.pdf\" class=\"wp-block-file__button wp-element-button\" download=\"\" aria-describedby=\"wp-block-file--media-8a6a2b3b-b4be-4bec-a66a-d4d6e94b66a1\">T\u00e9l\u00e9charger<\/a><\/div>\r\n\r\n\r\n\r\n<p><strong><span style=\"color: #852989;\" class=\"has-inline-color\">Conf\u00e9rence en ligne sur <em>Le Malade imaginaire<\/em> :<\/span><\/strong><\/p>\r\n\r\n\r\n\r\n<p>Une conf\u00e9rence sur les \u0153uvres de Moli\u00e8re inscrites au programme limitatif de fran\u00e7ais des classes de 1\u00e8re se sont tenues le jeudi 5 novembre au lyc\u00e9e J. Decour \u00e0 Paris dans le cadre du Plan Acad\u00e9mique de Formation 20-21 avec Georges Forestier.<strong><\/strong><\/p>\r\n","protected":false},"excerpt":{"rendered":"<p>Conf\u00e9rence en ligne sur Le Malade imaginaire : Une conf\u00e9rence sur les \u0153uvres de Moli\u00e8re inscrites au programme limitatif de fran\u00e7ais des classes de 1\u00e8re se sont tenues le jeudi 5 novembre au lyc\u00e9e J. Decour \u00e0 Paris dans le cadre du Plan Acad\u00e9mique de Formation 20-21 avec Georges Forestier.<\/p>\n","protected":false},"author":1,"featured_media":0,"parent":644,"menu_order":3,"comment_status":"closed","ping_status":"closed","template":"","meta":{"footnotes":""},"class_list":["post-1450","page","type-page","status-publish","hentry"],"yoast_head":"<!-- This site is optimized with the Yoast SEO plugin v27.4 - https:\/\/yoast.com\/product\/yoast-seo-wordpress\/ -->\n<title>Le Malade imaginaire : ressources - Op\u00e9ration Moli\u00e8re<\/title>\n<meta name=\"description\" content=\"Ressources autour du Malade imaginaire\" \/>\n<meta name=\"robots\" content=\"index, follow, max-snippet:-1, max-image-preview:large, max-video-preview:-1\" \/>\n<link rel=\"canonical\" href=\"https:\/\/operation-moliere.net\/index.php\/ressources\/ressources-par-pieces\/le-malade-imaginaire\/\" \/>\n<meta property=\"og:locale\" content=\"fr_FR\" \/>\n<meta property=\"og:type\" content=\"article\" \/>\n<meta property=\"og:title\" content=\"Le Malade imaginaire : ressources - Op\u00e9ration Moli\u00e8re\" \/>\n<meta property=\"og:description\" content=\"Ressources autour du Malade imaginaire\" \/>\n<meta property=\"og:url\" content=\"https:\/\/operation-moliere.net\/index.php\/ressources\/ressources-par-pieces\/le-malade-imaginaire\/\" \/>\n<meta property=\"og:site_name\" content=\"Op\u00e9ration Moli\u00e8re\" \/>\n<meta property=\"article:modified_time\" content=\"2025-09-22T12:52:21+00:00\" \/>\n<meta name=\"twitter:card\" content=\"summary_large_image\" \/>\n<meta name=\"twitter:label1\" content=\"Dur\u00e9e de lecture estim\u00e9e\" \/>\n\t<meta name=\"twitter:data1\" content=\"1 minute\" \/>\n<script type=\"application\/ld+json\" class=\"yoast-schema-graph\">{\"@context\":\"https:\\\/\\\/schema.org\",\"@graph\":[{\"@type\":\"WebPage\",\"@id\":\"https:\\\/\\\/operation-moliere.net\\\/index.php\\\/ressources\\\/ressources-par-pieces\\\/le-malade-imaginaire\\\/\",\"url\":\"https:\\\/\\\/operation-moliere.net\\\/index.php\\\/ressources\\\/ressources-par-pieces\\\/le-malade-imaginaire\\\/\",\"name\":\"Le Malade imaginaire : ressources - Op\u00e9ration Moli\u00e8re\",\"isPartOf\":{\"@id\":\"https:\\\/\\\/operation-moliere.net\\\/#website\"},\"datePublished\":\"2021-01-13T08:58:01+00:00\",\"dateModified\":\"2025-09-22T12:52:21+00:00\",\"description\":\"Ressources autour du Malade imaginaire\",\"breadcrumb\":{\"@id\":\"https:\\\/\\\/operation-moliere.net\\\/index.php\\\/ressources\\\/ressources-par-pieces\\\/le-malade-imaginaire\\\/#breadcrumb\"},\"inLanguage\":\"fr-FR\",\"potentialAction\":[{\"@type\":\"ReadAction\",\"target\":[\"https:\\\/\\\/operation-moliere.net\\\/index.php\\\/ressources\\\/ressources-par-pieces\\\/le-malade-imaginaire\\\/\"]}]},{\"@type\":\"BreadcrumbList\",\"@id\":\"https:\\\/\\\/operation-moliere.net\\\/index.php\\\/ressources\\\/ressources-par-pieces\\\/le-malade-imaginaire\\\/#breadcrumb\",\"itemListElement\":[{\"@type\":\"ListItem\",\"position\":1,\"name\":\"Accueil\",\"item\":\"https:\\\/\\\/operation-moliere.net\\\/\"},{\"@type\":\"ListItem\",\"position\":2,\"name\":\"RESSOURCES\",\"item\":\"https:\\\/\\\/operation-moliere.net\\\/index.php\\\/ressources\\\/\"},{\"@type\":\"ListItem\",\"position\":3,\"name\":\"RESSOURCES PAR PI\u00c8CE\",\"item\":\"https:\\\/\\\/operation-moliere.net\\\/index.php\\\/ressources\\\/ressources-par-pieces\\\/\"},{\"@type\":\"ListItem\",\"position\":4,\"name\":\"Le Malade imaginaire\"}]},{\"@type\":\"WebSite\",\"@id\":\"https:\\\/\\\/operation-moliere.net\\\/#website\",\"url\":\"https:\\\/\\\/operation-moliere.net\\\/\",\"name\":\"Op\u00e9ration Moli\u00e8re\",\"description\":\"\",\"publisher\":{\"@id\":\"https:\\\/\\\/operation-moliere.net\\\/#organization\"},\"potentialAction\":[{\"@type\":\"SearchAction\",\"target\":{\"@type\":\"EntryPoint\",\"urlTemplate\":\"https:\\\/\\\/operation-moliere.net\\\/?s={search_term_string}\"},\"query-input\":{\"@type\":\"PropertyValueSpecification\",\"valueRequired\":true,\"valueName\":\"search_term_string\"}}],\"inLanguage\":\"fr-FR\"},{\"@type\":\"Organization\",\"@id\":\"https:\\\/\\\/operation-moliere.net\\\/#organization\",\"name\":\"Op\u00e9ration Moli\u00e8re\",\"url\":\"https:\\\/\\\/operation-moliere.net\\\/\",\"logo\":{\"@type\":\"ImageObject\",\"inLanguage\":\"fr-FR\",\"@id\":\"https:\\\/\\\/operation-moliere.net\\\/#\\\/schema\\\/logo\\\/image\\\/\",\"url\":\"https:\\\/\\\/i1.wp.com\\\/operati.cluster030.hosting.ovh.net\\\/wp-content\\\/uploads\\\/2020\\\/11\\\/logo_signature_min_remonte.jpg?fit=1750%2C1567\",\"contentUrl\":\"https:\\\/\\\/i1.wp.com\\\/operati.cluster030.hosting.ovh.net\\\/wp-content\\\/uploads\\\/2020\\\/11\\\/logo_signature_min_remonte.jpg?fit=1750%2C1567\",\"width\":1750,\"height\":1567,\"caption\":\"Op\u00e9ration Moli\u00e8re\"},\"image\":{\"@id\":\"https:\\\/\\\/operation-moliere.net\\\/#\\\/schema\\\/logo\\\/image\\\/\"}}]}<\/script>\n<!-- \/ Yoast SEO plugin. -->","yoast_head_json":{"title":"Le Malade imaginaire : ressources - Op\u00e9ration Moli\u00e8re","description":"Ressources autour du Malade imaginaire","robots":{"index":"index","follow":"follow","max-snippet":"max-snippet:-1","max-image-preview":"max-image-preview:large","max-video-preview":"max-video-preview:-1"},"canonical":"https:\/\/operation-moliere.net\/index.php\/ressources\/ressources-par-pieces\/le-malade-imaginaire\/","og_locale":"fr_FR","og_type":"article","og_title":"Le Malade imaginaire : ressources - Op\u00e9ration Moli\u00e8re","og_description":"Ressources autour du Malade imaginaire","og_url":"https:\/\/operation-moliere.net\/index.php\/ressources\/ressources-par-pieces\/le-malade-imaginaire\/","og_site_name":"Op\u00e9ration Moli\u00e8re","article_modified_time":"2025-09-22T12:52:21+00:00","twitter_card":"summary_large_image","twitter_misc":{"Dur\u00e9e de lecture estim\u00e9e":"1 minute"},"schema":{"@context":"https:\/\/schema.org","@graph":[{"@type":"WebPage","@id":"https:\/\/operation-moliere.net\/index.php\/ressources\/ressources-par-pieces\/le-malade-imaginaire\/","url":"https:\/\/operation-moliere.net\/index.php\/ressources\/ressources-par-pieces\/le-malade-imaginaire\/","name":"Le Malade imaginaire : ressources - Op\u00e9ration Moli\u00e8re","isPartOf":{"@id":"https:\/\/operation-moliere.net\/#website"},"datePublished":"2021-01-13T08:58:01+00:00","dateModified":"2025-09-22T12:52:21+00:00","description":"Ressources autour du Malade imaginaire","breadcrumb":{"@id":"https:\/\/operation-moliere.net\/index.php\/ressources\/ressources-par-pieces\/le-malade-imaginaire\/#breadcrumb"},"inLanguage":"fr-FR","potentialAction":[{"@type":"ReadAction","target":["https:\/\/operation-moliere.net\/index.php\/ressources\/ressources-par-pieces\/le-malade-imaginaire\/"]}]},{"@type":"BreadcrumbList","@id":"https:\/\/operation-moliere.net\/index.php\/ressources\/ressources-par-pieces\/le-malade-imaginaire\/#breadcrumb","itemListElement":[{"@type":"ListItem","position":1,"name":"Accueil","item":"https:\/\/operation-moliere.net\/"},{"@type":"ListItem","position":2,"name":"RESSOURCES","item":"https:\/\/operation-moliere.net\/index.php\/ressources\/"},{"@type":"ListItem","position":3,"name":"RESSOURCES PAR PI\u00c8CE","item":"https:\/\/operation-moliere.net\/index.php\/ressources\/ressources-par-pieces\/"},{"@type":"ListItem","position":4,"name":"Le Malade imaginaire"}]},{"@type":"WebSite","@id":"https:\/\/operation-moliere.net\/#website","url":"https:\/\/operation-moliere.net\/","name":"Op\u00e9ration Moli\u00e8re","description":"","publisher":{"@id":"https:\/\/operation-moliere.net\/#organization"},"potentialAction":[{"@type":"SearchAction","target":{"@type":"EntryPoint","urlTemplate":"https:\/\/operation-moliere.net\/?s={search_term_string}"},"query-input":{"@type":"PropertyValueSpecification","valueRequired":true,"valueName":"search_term_string"}}],"inLanguage":"fr-FR"},{"@type":"Organization","@id":"https:\/\/operation-moliere.net\/#organization","name":"Op\u00e9ration Moli\u00e8re","url":"https:\/\/operation-moliere.net\/","logo":{"@type":"ImageObject","inLanguage":"fr-FR","@id":"https:\/\/operation-moliere.net\/#\/schema\/logo\/image\/","url":"https:\/\/i1.wp.com\/operati.cluster030.hosting.ovh.net\/wp-content\/uploads\/2020\/11\/logo_signature_min_remonte.jpg?fit=1750%2C1567","contentUrl":"https:\/\/i1.wp.com\/operati.cluster030.hosting.ovh.net\/wp-content\/uploads\/2020\/11\/logo_signature_min_remonte.jpg?fit=1750%2C1567","width":1750,"height":1567,"caption":"Op\u00e9ration Moli\u00e8re"},"image":{"@id":"https:\/\/operation-moliere.net\/#\/schema\/logo\/image\/"}}]}},"jetpack_sharing_enabled":true,"_links":{"self":[{"href":"https:\/\/operation-moliere.net\/index.php\/wp-json\/wp\/v2\/pages\/1450","targetHints":{"allow":["GET"]}}],"collection":[{"href":"https:\/\/operation-moliere.net\/index.php\/wp-json\/wp\/v2\/pages"}],"about":[{"href":"https:\/\/operation-moliere.net\/index.php\/wp-json\/wp\/v2\/types\/page"}],"author":[{"embeddable":true,"href":"https:\/\/operation-moliere.net\/index.php\/wp-json\/wp\/v2\/users\/1"}],"replies":[{"embeddable":true,"href":"https:\/\/operation-moliere.net\/index.php\/wp-json\/wp\/v2\/comments?post=1450"}],"version-history":[{"count":5,"href":"https:\/\/operation-moliere.net\/index.php\/wp-json\/wp\/v2\/pages\/1450\/revisions"}],"predecessor-version":[{"id":3094,"href":"https:\/\/operation-moliere.net\/index.php\/wp-json\/wp\/v2\/pages\/1450\/revisions\/3094"}],"up":[{"embeddable":true,"href":"https:\/\/operation-moliere.net\/index.php\/wp-json\/wp\/v2\/pages\/644"}],"wp:attachment":[{"href":"https:\/\/operation-moliere.net\/index.php\/wp-json\/wp\/v2\/media?parent=1450"}],"curies":[{"name":"wp","href":"https:\/\/api.w.org\/{rel}","templated":true}]}}