{"id":1448,"date":"2021-01-13T09:57:23","date_gmt":"2021-01-13T08:57:23","guid":{"rendered":"http:\/\/operati.cluster030.hosting.ovh.net\/?page_id=1448"},"modified":"2025-09-22T14:46:14","modified_gmt":"2025-09-22T12:46:14","slug":"les-fourberies-de-scapin","status":"publish","type":"page","link":"https:\/\/operation-moliere.net\/index.php\/ressources\/ressources-par-pieces\/les-fourberies-de-scapin\/","title":{"rendered":"Les Fourberies de Scapin"},"content":{"rendered":"\r\n<div class=\"wp-block-themeisle-blocks-advanced-columns has-1-columns has-desktop-equal-layout has-tablet-equal-layout has-mobile-equal-layout has-default-gap has-vertical-unset\" id=\"wp-block-themeisle-blocks-advanced-columns-5d9254e8\"><\/div>\r\n\r\n\r\n\r\n<p><em>Les <em>Fourberies de Scapin<\/em><\/em> sur <strong>Th\u00e9\u00e2tre en acte,<\/strong> avec comparaison de mises en sc\u00e8ne (dont celle de Jean-Louis Beno\u00eet avec Philippe Torreton en Scapin) : <a rel=\"noreferrer noopener\" href=\"https:\/\/www.reseau-canope.fr\/edutheque-theatre-en-acte\/oeuvre\/moliere-1\/les-fourberies-de-scapin-1.html\" target=\"_blank\">https:\/\/www.reseau-canope.fr\/edutheque-theatre-en-acte\/oeuvre\/moliere-1\/les-fourberies-de-scapin-1.html<\/a><\/p>\r\n\r\n\r\n\r\n<p><strong>Pour aller plus loin :<\/strong><br \/><strong>Entretien <\/strong>avec Philippe Torreton sur son interpr\u00e9tation de Scapin : <a rel=\"noreferrer noopener\" href=\"https:\/\/www.theatre-contemporain.net\/video\/Philippe-Torreton-Scapin-la-proposition-de-J-L-Benoit\" target=\"_blank\">https:\/\/www.theatre-contemporain.net\/video\/Philippe-Torreton-Scapin-la-proposition-de-J-L-Benoit<\/a><\/p>\r\n","protected":false},"excerpt":{"rendered":"<p>Les Fourberies de Scapin sur Th\u00e9\u00e2tre en acte, avec comparaison de mises en sc\u00e8ne (dont celle de Jean-Louis Beno\u00eet avec Philippe Torreton en Scapin) : https:\/\/www.reseau-canope.fr\/edutheque-theatre-en-acte\/oeuvre\/moliere-1\/les-fourberies-de-scapin-1.html Pour aller plus loin :Entretien avec Philippe Torreton sur son interpr\u00e9tation de Scapin : https:\/\/www.theatre-contemporain.net\/video\/Philippe-Torreton-Scapin-la-proposition-de-J-L-Benoit<\/p>\n","protected":false},"author":1,"featured_media":0,"parent":644,"menu_order":2,"comment_status":"closed","ping_status":"closed","template":"","meta":{"footnotes":""},"class_list":["post-1448","page","type-page","status-publish","hentry"],"yoast_head":"<!-- This site is optimized with the Yoast SEO plugin v27.4 - https:\/\/yoast.com\/product\/yoast-seo-wordpress\/ -->\n<title>Les Fourberies de Scapin : ressources - Op\u00e9ration Moli\u00e8re<\/title>\n<meta name=\"description\" content=\"Ressources autour des Fourberies de Scapin\" \/>\n<meta name=\"robots\" content=\"index, follow, max-snippet:-1, max-image-preview:large, max-video-preview:-1\" \/>\n<link rel=\"canonical\" href=\"https:\/\/operation-moliere.net\/index.php\/ressources\/ressources-par-pieces\/les-fourberies-de-scapin\/\" \/>\n<meta property=\"og:locale\" content=\"fr_FR\" \/>\n<meta property=\"og:type\" content=\"article\" \/>\n<meta property=\"og:title\" content=\"Les Fourberies de Scapin : ressources - Op\u00e9ration Moli\u00e8re\" \/>\n<meta property=\"og:description\" content=\"Ressources autour des Fourberies de Scapin\" \/>\n<meta property=\"og:url\" content=\"https:\/\/operation-moliere.net\/index.php\/ressources\/ressources-par-pieces\/les-fourberies-de-scapin\/\" \/>\n<meta property=\"og:site_name\" content=\"Op\u00e9ration Moli\u00e8re\" \/>\n<meta property=\"article:modified_time\" content=\"2025-09-22T12:46:14+00:00\" \/>\n<meta name=\"twitter:card\" content=\"summary_large_image\" \/>\n<meta name=\"twitter:label1\" content=\"Dur\u00e9e de lecture estim\u00e9e\" \/>\n\t<meta name=\"twitter:data1\" content=\"1 minute\" \/>\n<script type=\"application\/ld+json\" class=\"yoast-schema-graph\">{\"@context\":\"https:\\\/\\\/schema.org\",\"@graph\":[{\"@type\":\"WebPage\",\"@id\":\"https:\\\/\\\/operation-moliere.net\\\/index.php\\\/ressources\\\/ressources-par-pieces\\\/les-fourberies-de-scapin\\\/\",\"url\":\"https:\\\/\\\/operation-moliere.net\\\/index.php\\\/ressources\\\/ressources-par-pieces\\\/les-fourberies-de-scapin\\\/\",\"name\":\"Les Fourberies de Scapin : ressources - Op\u00e9ration Moli\u00e8re\",\"isPartOf\":{\"@id\":\"https:\\\/\\\/operation-moliere.net\\\/#website\"},\"datePublished\":\"2021-01-13T08:57:23+00:00\",\"dateModified\":\"2025-09-22T12:46:14+00:00\",\"description\":\"Ressources autour des Fourberies de Scapin\",\"breadcrumb\":{\"@id\":\"https:\\\/\\\/operation-moliere.net\\\/index.php\\\/ressources\\\/ressources-par-pieces\\\/les-fourberies-de-scapin\\\/#breadcrumb\"},\"inLanguage\":\"fr-FR\",\"potentialAction\":[{\"@type\":\"ReadAction\",\"target\":[\"https:\\\/\\\/operation-moliere.net\\\/index.php\\\/ressources\\\/ressources-par-pieces\\\/les-fourberies-de-scapin\\\/\"]}]},{\"@type\":\"BreadcrumbList\",\"@id\":\"https:\\\/\\\/operation-moliere.net\\\/index.php\\\/ressources\\\/ressources-par-pieces\\\/les-fourberies-de-scapin\\\/#breadcrumb\",\"itemListElement\":[{\"@type\":\"ListItem\",\"position\":1,\"name\":\"Accueil\",\"item\":\"https:\\\/\\\/operation-moliere.net\\\/\"},{\"@type\":\"ListItem\",\"position\":2,\"name\":\"RESSOURCES\",\"item\":\"https:\\\/\\\/operation-moliere.net\\\/index.php\\\/ressources\\\/\"},{\"@type\":\"ListItem\",\"position\":3,\"name\":\"RESSOURCES PAR PI\u00c8CE\",\"item\":\"https:\\\/\\\/operation-moliere.net\\\/index.php\\\/ressources\\\/ressources-par-pieces\\\/\"},{\"@type\":\"ListItem\",\"position\":4,\"name\":\"Les Fourberies de Scapin\"}]},{\"@type\":\"WebSite\",\"@id\":\"https:\\\/\\\/operation-moliere.net\\\/#website\",\"url\":\"https:\\\/\\\/operation-moliere.net\\\/\",\"name\":\"Op\u00e9ration Moli\u00e8re\",\"description\":\"\",\"publisher\":{\"@id\":\"https:\\\/\\\/operation-moliere.net\\\/#organization\"},\"potentialAction\":[{\"@type\":\"SearchAction\",\"target\":{\"@type\":\"EntryPoint\",\"urlTemplate\":\"https:\\\/\\\/operation-moliere.net\\\/?s={search_term_string}\"},\"query-input\":{\"@type\":\"PropertyValueSpecification\",\"valueRequired\":true,\"valueName\":\"search_term_string\"}}],\"inLanguage\":\"fr-FR\"},{\"@type\":\"Organization\",\"@id\":\"https:\\\/\\\/operation-moliere.net\\\/#organization\",\"name\":\"Op\u00e9ration Moli\u00e8re\",\"url\":\"https:\\\/\\\/operation-moliere.net\\\/\",\"logo\":{\"@type\":\"ImageObject\",\"inLanguage\":\"fr-FR\",\"@id\":\"https:\\\/\\\/operation-moliere.net\\\/#\\\/schema\\\/logo\\\/image\\\/\",\"url\":\"https:\\\/\\\/i1.wp.com\\\/operati.cluster030.hosting.ovh.net\\\/wp-content\\\/uploads\\\/2020\\\/11\\\/logo_signature_min_remonte.jpg?fit=1750%2C1567\",\"contentUrl\":\"https:\\\/\\\/i1.wp.com\\\/operati.cluster030.hosting.ovh.net\\\/wp-content\\\/uploads\\\/2020\\\/11\\\/logo_signature_min_remonte.jpg?fit=1750%2C1567\",\"width\":1750,\"height\":1567,\"caption\":\"Op\u00e9ration Moli\u00e8re\"},\"image\":{\"@id\":\"https:\\\/\\\/operation-moliere.net\\\/#\\\/schema\\\/logo\\\/image\\\/\"}}]}<\/script>\n<!-- \/ Yoast SEO plugin. -->","yoast_head_json":{"title":"Les Fourberies de Scapin : ressources - Op\u00e9ration Moli\u00e8re","description":"Ressources autour des Fourberies de Scapin","robots":{"index":"index","follow":"follow","max-snippet":"max-snippet:-1","max-image-preview":"max-image-preview:large","max-video-preview":"max-video-preview:-1"},"canonical":"https:\/\/operation-moliere.net\/index.php\/ressources\/ressources-par-pieces\/les-fourberies-de-scapin\/","og_locale":"fr_FR","og_type":"article","og_title":"Les Fourberies de Scapin : ressources - Op\u00e9ration Moli\u00e8re","og_description":"Ressources autour des Fourberies de Scapin","og_url":"https:\/\/operation-moliere.net\/index.php\/ressources\/ressources-par-pieces\/les-fourberies-de-scapin\/","og_site_name":"Op\u00e9ration Moli\u00e8re","article_modified_time":"2025-09-22T12:46:14+00:00","twitter_card":"summary_large_image","twitter_misc":{"Dur\u00e9e de lecture estim\u00e9e":"1 minute"},"schema":{"@context":"https:\/\/schema.org","@graph":[{"@type":"WebPage","@id":"https:\/\/operation-moliere.net\/index.php\/ressources\/ressources-par-pieces\/les-fourberies-de-scapin\/","url":"https:\/\/operation-moliere.net\/index.php\/ressources\/ressources-par-pieces\/les-fourberies-de-scapin\/","name":"Les Fourberies de Scapin : ressources - Op\u00e9ration Moli\u00e8re","isPartOf":{"@id":"https:\/\/operation-moliere.net\/#website"},"datePublished":"2021-01-13T08:57:23+00:00","dateModified":"2025-09-22T12:46:14+00:00","description":"Ressources autour des Fourberies de Scapin","breadcrumb":{"@id":"https:\/\/operation-moliere.net\/index.php\/ressources\/ressources-par-pieces\/les-fourberies-de-scapin\/#breadcrumb"},"inLanguage":"fr-FR","potentialAction":[{"@type":"ReadAction","target":["https:\/\/operation-moliere.net\/index.php\/ressources\/ressources-par-pieces\/les-fourberies-de-scapin\/"]}]},{"@type":"BreadcrumbList","@id":"https:\/\/operation-moliere.net\/index.php\/ressources\/ressources-par-pieces\/les-fourberies-de-scapin\/#breadcrumb","itemListElement":[{"@type":"ListItem","position":1,"name":"Accueil","item":"https:\/\/operation-moliere.net\/"},{"@type":"ListItem","position":2,"name":"RESSOURCES","item":"https:\/\/operation-moliere.net\/index.php\/ressources\/"},{"@type":"ListItem","position":3,"name":"RESSOURCES PAR PI\u00c8CE","item":"https:\/\/operation-moliere.net\/index.php\/ressources\/ressources-par-pieces\/"},{"@type":"ListItem","position":4,"name":"Les Fourberies de Scapin"}]},{"@type":"WebSite","@id":"https:\/\/operation-moliere.net\/#website","url":"https:\/\/operation-moliere.net\/","name":"Op\u00e9ration Moli\u00e8re","description":"","publisher":{"@id":"https:\/\/operation-moliere.net\/#organization"},"potentialAction":[{"@type":"SearchAction","target":{"@type":"EntryPoint","urlTemplate":"https:\/\/operation-moliere.net\/?s={search_term_string}"},"query-input":{"@type":"PropertyValueSpecification","valueRequired":true,"valueName":"search_term_string"}}],"inLanguage":"fr-FR"},{"@type":"Organization","@id":"https:\/\/operation-moliere.net\/#organization","name":"Op\u00e9ration Moli\u00e8re","url":"https:\/\/operation-moliere.net\/","logo":{"@type":"ImageObject","inLanguage":"fr-FR","@id":"https:\/\/operation-moliere.net\/#\/schema\/logo\/image\/","url":"https:\/\/i1.wp.com\/operati.cluster030.hosting.ovh.net\/wp-content\/uploads\/2020\/11\/logo_signature_min_remonte.jpg?fit=1750%2C1567","contentUrl":"https:\/\/i1.wp.com\/operati.cluster030.hosting.ovh.net\/wp-content\/uploads\/2020\/11\/logo_signature_min_remonte.jpg?fit=1750%2C1567","width":1750,"height":1567,"caption":"Op\u00e9ration Moli\u00e8re"},"image":{"@id":"https:\/\/operation-moliere.net\/#\/schema\/logo\/image\/"}}]}},"jetpack_sharing_enabled":true,"_links":{"self":[{"href":"https:\/\/operation-moliere.net\/index.php\/wp-json\/wp\/v2\/pages\/1448","targetHints":{"allow":["GET"]}}],"collection":[{"href":"https:\/\/operation-moliere.net\/index.php\/wp-json\/wp\/v2\/pages"}],"about":[{"href":"https:\/\/operation-moliere.net\/index.php\/wp-json\/wp\/v2\/types\/page"}],"author":[{"embeddable":true,"href":"https:\/\/operation-moliere.net\/index.php\/wp-json\/wp\/v2\/users\/1"}],"replies":[{"embeddable":true,"href":"https:\/\/operation-moliere.net\/index.php\/wp-json\/wp\/v2\/comments?post=1448"}],"version-history":[{"count":6,"href":"https:\/\/operation-moliere.net\/index.php\/wp-json\/wp\/v2\/pages\/1448\/revisions"}],"predecessor-version":[{"id":3093,"href":"https:\/\/operation-moliere.net\/index.php\/wp-json\/wp\/v2\/pages\/1448\/revisions\/3093"}],"up":[{"embeddable":true,"href":"https:\/\/operation-moliere.net\/index.php\/wp-json\/wp\/v2\/pages\/644"}],"wp:attachment":[{"href":"https:\/\/operation-moliere.net\/index.php\/wp-json\/wp\/v2\/media?parent=1448"}],"curies":[{"name":"wp","href":"https:\/\/api.w.org\/{rel}","templated":true}]}}